{"id":369,"date":"2025-04-14T15:37:39","date_gmt":"2025-04-14T15:37:39","guid":{"rendered":"https:\/\/ktech2.k-tech-services.com\/nhabep82\/?post_type=product&#038;p=369"},"modified":"2025-04-14T15:37:53","modified_gmt":"2025-04-14T15:37:53","slug":"di-881ge","status":"publish","type":"product","link":"https:\/\/store3.k-tech-services.com\/nhabep82\/san-pham\/di-881ge\/","title":{"rendered":"DI-881GE"},"content":{"rendered":"<h4 class=\"\" data-start=\"179\" data-end=\"205\"><strong data-start=\"184\" data-end=\"205\">Th\u00f4ng s\u1ed1 k\u1ef9 thu\u1eadt<\/strong><\/h4>\n<ul data-start=\"206\" data-end=\"403\">\n<li class=\"\" data-start=\"206\" data-end=\"231\">\n<p class=\"\" data-start=\"208\" data-end=\"231\"><strong data-start=\"208\" data-end=\"220\">\u0110i\u1ec7n \u00e1p:<\/strong> 220\/50Hz<\/p>\n<\/li>\n<li class=\"\" data-start=\"232\" data-end=\"272\">\n<p class=\"\" data-start=\"234\" data-end=\"272\"><strong data-start=\"234\" data-end=\"243\">Ph\u1ea3i:<\/strong> 2300W \u2014 <strong data-start=\"252\" data-end=\"264\">booster:<\/strong> 3400W<\/p>\n<\/li>\n<li class=\"\" data-start=\"273\" data-end=\"313\">\n<p class=\"\" data-start=\"275\" data-end=\"313\"><strong data-start=\"275\" data-end=\"284\">Tr\u00e1i:<\/strong> 2300W \u2014 <strong data-start=\"293\" data-end=\"305\">booster:<\/strong> 3400W<\/p>\n<\/li>\n<li class=\"\" data-start=\"314\" data-end=\"362\">\n<p class=\"\" data-start=\"316\" data-end=\"362\"><strong data-start=\"316\" data-end=\"343\">K\u00edch th\u01b0\u1edbc (D x R x C):<\/strong> 730 x 430 x 60mm<\/p>\n<\/li>\n<li class=\"\" data-start=\"363\" data-end=\"403\">\n<p class=\"\" data-start=\"365\" data-end=\"403\"><strong data-start=\"365\" data-end=\"389\">K\u00edch th\u01b0\u1edbc kho\u00e9t l\u1ed7:<\/strong> 685 x 385mm<\/p>\n<\/li>\n<\/ul>\n<h4 class=\"\" data-start=\"405\" data-end=\"432\"><strong data-start=\"410\" data-end=\"432\">T\u00ednh n\u0103ng s\u1ea3n ph\u1ea9m<\/strong><\/h4>\n<ul data-start=\"433\" data-end=\"834\">\n<li class=\"\" data-start=\"433\" data-end=\"481\">\n<p class=\"\" data-start=\"435\" data-end=\"481\">S\u1eed d\u1ee5ng 100% linh ki\u1ec7n EGO &#8211; Made in Germany<\/p>\n<\/li>\n<li class=\"\" data-start=\"482\" data-end=\"534\">\n<p class=\"\" data-start=\"484\" data-end=\"534\">M\u1eb7t k\u00ednh Schott Ceran v\u00e1t c\u1ea1nh &#8211; Made in Germany<\/p>\n<\/li>\n<li class=\"\" data-start=\"535\" data-end=\"587\">\n<p class=\"\" data-start=\"537\" data-end=\"587\">C\u00f4ng ngh\u1ec7 Smart Inverter ti\u1ebft ki\u1ec7m 38% \u0111i\u1ec7n n\u0103ng<\/p>\n<\/li>\n<li class=\"\" data-start=\"588\" data-end=\"638\">\n<p class=\"\" data-start=\"590\" data-end=\"638\">T\u00ednh n\u0103ng n\u1ea5u t\u0103ng nhi\u1ec7t nhanh Heating up time<\/p>\n<\/li>\n<li class=\"\" data-start=\"639\" data-end=\"681\">\n<p class=\"\" data-start=\"641\" data-end=\"681\">Ph\u00edm \u0111i\u1ec1u khi\u1ec3n Slider 9 m\u1ee9c c\u00f4ng su\u1ea5t<\/p>\n<\/li>\n<li class=\"\" data-start=\"682\" data-end=\"731\">\n<p class=\"\" data-start=\"684\" data-end=\"731\">H\u00e2m n\u00f3ng th\u1ee9c \u0103n Warming \u1edf nhi\u1ec7t \u0111\u1ed9 th\u00edch h\u1ee3p<\/p>\n<\/li>\n<li class=\"\" data-start=\"732\" data-end=\"778\">\n<p class=\"\" data-start=\"734\" data-end=\"778\">V\u00f9ng n\u1ea5u t\u1eeb t\u1ef1 nh\u1eadn bi\u1ebft k\u00edch c\u1ee1 xoong n\u1ed3i<\/p>\n<\/li>\n<li class=\"\" data-start=\"779\" data-end=\"834\">\n<p class=\"\" data-start=\"781\" data-end=\"834\">H\u1eb9n gi\u1edd \u0111\u1ed9c l\u1eadp cho t\u1eebng v\u00f9ng n\u1ea5u \u0111\u1ebfn 1 gi\u1edd 59 ph\u00fat<\/p>\n<\/li>\n<\/ul>\n<h4 class=\"\" data-start=\"836\" data-end=\"862\"><strong data-start=\"841\" data-end=\"862\">T\u00ednh n\u0103ng an to\u00e0n<\/strong><\/h4>\n<ul data-start=\"863\" data-end=\"1162\">\n<li class=\"\" data-start=\"863\" data-end=\"911\">\n<p class=\"\" data-start=\"865\" data-end=\"911\">C\u1ea3nh b\u00e1o nhi\u1ec7t d\u01b0 v\u00f9ng n\u1ea5u Residual heat (H)<\/p>\n<\/li>\n<li class=\"\" data-start=\"912\" data-end=\"962\">\n<p class=\"\" data-start=\"914\" data-end=\"962\">T\u1ef1 \u0111\u1ed9ng t\u1eaft b\u1ebfp khi kh\u00f4ng c\u00f3 n\u1ed3i Pot Detection<\/p>\n<\/li>\n<li class=\"\" data-start=\"963\" data-end=\"1013\">\n<p class=\"\" data-start=\"965\" data-end=\"1013\">Kh\u00f3a an to\u00e0n tr\u1ebb em Child Lock, t\u1ea1m d\u1eebng Pause<\/p>\n<\/li>\n<li class=\"\" data-start=\"1014\" data-end=\"1066\">\n<p class=\"\" data-start=\"1016\" data-end=\"1066\">T\u1ef1 \u0111\u1ed9ng t\u1eaft b\u1ebfp khi \u0111\u1ec3 qu\u00ean Automatic switch off<\/p>\n<\/li>\n<li class=\"\" data-start=\"1067\" data-end=\"1130\">\n<p class=\"\" data-start=\"1069\" data-end=\"1130\">H\u1ec7 th\u1ed1ng t\u1ef1 t\u1eaft khi qu\u00e1 \u00e1p, qu\u00e1 nhi\u1ec7t Over heating shut off<\/p>\n<\/li>\n<li class=\"\" data-start=\"1131\" data-end=\"1162\">\n<p class=\"\" data-start=\"1133\" data-end=\"1162\">C\u1ea3m bi\u1ebfn ch\u1ed1ng tr\u00e0n t\u1ef1 \u0111\u1ed9ng<\/p>\n<\/li>\n<\/ul>\n","protected":false},"excerpt":{"rendered":"<p>Th\u00f4ng s\u1ed1 k\u1ef9 thu\u1eadt \u0110i\u1ec7n \u00e1p: 220\/50Hz Ph\u1ea3i: 2300W \u2014 booster: 3400W Tr\u00e1i: 2300W \u2014 booster: 3400W K\u00edch th\u01b0\u1edbc (D x R x C): 730 x 430 x 60mm K\u00edch th\u01b0\u1edbc kho\u00e9t l\u1ed7: 685 x 385mm T\u00ednh n\u0103ng s\u1ea3n ph\u1ea9m S\u1eed d\u1ee5ng 100% linh ki\u1ec7n EGO &#8211; Made in Germany M\u1eb7t k\u00ednh Schott Ceran v\u00e1t&#8230;<\/p>\n","protected":false},"featured_media":370,"comment_status":"open","ping_status":"closed","template":"","meta":[],"product_brand":[],"product_cat":[31],"product_tag":[],"class_list":{"0":"post-369","1":"product","2":"type-product","3":"status-publish","4":"has-post-thumbnail","6":"product_cat-bep-tu","8":"first","9":"instock","10":"shipping-taxable","11":"purchasable","12":"product-type-simple"},"_links":{"self":[{"href":"https:\/\/store3.k-tech-services.com\/nhabep82\/wp-json\/wp\/v2\/product\/369","targetHints":{"allow":["GET"]}}],"collection":[{"href":"https:\/\/store3.k-tech-services.com\/nhabep82\/wp-json\/wp\/v2\/product"}],"about":[{"href":"https:\/\/store3.k-tech-services.com\/nhabep82\/wp-json\/wp\/v2\/types\/product"}],"replies":[{"embeddable":true,"href":"https:\/\/store3.k-tech-services.com\/nhabep82\/wp-json\/wp\/v2\/comments?post=369"}],"wp:featuredmedia":[{"embeddable":true,"href":"https:\/\/store3.k-tech-services.com\/nhabep82\/wp-json\/wp\/v2\/media\/370"}],"wp:attachment":[{"href":"https:\/\/store3.k-tech-services.com\/nhabep82\/wp-json\/wp\/v2\/media?parent=369"}],"wp:term":[{"taxonomy":"product_brand","embeddable":true,"href":"https:\/\/store3.k-tech-services.com\/nhabep82\/wp-json\/wp\/v2\/product_brand?post=369"},{"taxonomy":"product_cat","embeddable":true,"href":"https:\/\/store3.k-tech-services.com\/nhabep82\/wp-json\/wp\/v2\/product_cat?post=369"},{"taxonomy":"product_tag","embeddable":true,"href":"https:\/\/store3.k-tech-services.com\/nhabep82\/wp-json\/wp\/v2\/product_tag?post=369"}],"curies":[{"name":"wp","href":"https:\/\/api.w.org\/{rel}","templated":true}]}}