{"id":366,"date":"2025-04-14T15:32:15","date_gmt":"2025-04-14T15:32:15","guid":{"rendered":"https:\/\/ktech2.k-tech-services.com\/nhabep82\/?post_type=product&#038;p=366"},"modified":"2025-04-14T15:33:20","modified_gmt":"2025-04-14T15:33:20","slug":"di-855ge","status":"publish","type":"product","link":"https:\/\/store3.k-tech-services.com\/nhabep82\/san-pham\/di-855ge\/","title":{"rendered":"DI-855GE"},"content":{"rendered":"<h3 class=\"\" data-start=\"146\" data-end=\"171\"><strong data-start=\"150\" data-end=\"171\">TH\u00d4NG S\u1ed0 K\u1ef8 THU\u1eacT<\/strong><\/h3>\n<ul data-start=\"172\" data-end=\"407\">\n<li class=\"\" data-start=\"172\" data-end=\"197\">\n<p class=\"\" data-start=\"174\" data-end=\"197\"><strong data-start=\"174\" data-end=\"186\">\u0110i\u1ec7n \u00e1p:<\/strong> 220\/50Hz<\/p>\n<\/li>\n<li class=\"\" data-start=\"198\" data-end=\"237\">\n<p class=\"\" data-start=\"200\" data-end=\"237\"><strong data-start=\"200\" data-end=\"209\">Ph\u1ea3i:<\/strong> 3800W, <strong data-start=\"217\" data-end=\"229\">booster:<\/strong> 5500W<\/p>\n<\/li>\n<li class=\"\" data-start=\"238\" data-end=\"277\">\n<p class=\"\" data-start=\"240\" data-end=\"277\"><strong data-start=\"240\" data-end=\"249\">Gi\u1eefa:<\/strong> 1400W, <strong data-start=\"257\" data-end=\"269\">booster:<\/strong> 1850W<\/p>\n<\/li>\n<li class=\"\" data-start=\"278\" data-end=\"317\">\n<p class=\"\" data-start=\"280\" data-end=\"317\"><strong data-start=\"280\" data-end=\"289\">Tr\u00e1i:<\/strong> 2300W, <strong data-start=\"297\" data-end=\"309\">booster:<\/strong> 3000W<\/p>\n<\/li>\n<li class=\"\" data-start=\"318\" data-end=\"366\">\n<p class=\"\" data-start=\"320\" data-end=\"366\"><strong data-start=\"320\" data-end=\"347\">K\u00edch th\u01b0\u1edbc (D x R x C):<\/strong> 750 x 450 x 60mm<\/p>\n<\/li>\n<li class=\"\" data-start=\"367\" data-end=\"407\">\n<p class=\"\" data-start=\"369\" data-end=\"407\"><strong data-start=\"369\" data-end=\"393\">K\u00edch th\u01b0\u1edbc kho\u00e9t l\u1ed7:<\/strong> 710 x 410mm<\/p>\n<\/li>\n<\/ul>\n<hr class=\"\" data-start=\"409\" data-end=\"412\" \/>\n<h3 class=\"\" data-start=\"414\" data-end=\"440\"><strong data-start=\"418\" data-end=\"440\">T\u00cdNH N\u0102NG S\u1ea2N PH\u1ea8M<\/strong><\/h3>\n<ul data-start=\"441\" data-end=\"837\">\n<li class=\"\" data-start=\"441\" data-end=\"481\">\n<p class=\"\" data-start=\"443\" data-end=\"481\">S\u1eed d\u1ee5ng 100% E.G.O &#8211; Made in Germany<\/p>\n<\/li>\n<li class=\"\" data-start=\"482\" data-end=\"525\">\n<p class=\"\" data-start=\"484\" data-end=\"525\">M\u1eb7t k\u00ednh Schott Ceran &#8211; Made in Germany<\/p>\n<\/li>\n<li class=\"\" data-start=\"526\" data-end=\"582\">\n<p class=\"\" data-start=\"528\" data-end=\"582\">C\u00f4ng ngh\u1ec7 G5 Smart Inverter, ti\u1ebft ki\u1ec7m 38% \u0111i\u1ec7n n\u0103ng<\/p>\n<\/li>\n<li class=\"\" data-start=\"583\" data-end=\"633\">\n<p class=\"\" data-start=\"585\" data-end=\"633\">T\u00ednh n\u0103ng n\u1ea5u t\u0103ng nhi\u1ec7t nhanh Heating up time<\/p>\n<\/li>\n<li class=\"\" data-start=\"634\" data-end=\"676\">\n<p class=\"\" data-start=\"636\" data-end=\"676\">Ph\u00edm \u0111i\u1ec1u khi\u1ec3n Slider 9 m\u1ee9c c\u00f4ng su\u1ea5t<\/p>\n<\/li>\n<li class=\"\" data-start=\"677\" data-end=\"734\">\n<p class=\"\" data-start=\"679\" data-end=\"734\">H\u00e2m n\u00f3ng th\u1ee9c \u0103n Warming \u1edf nhi\u1ec7t \u0111\u1ed9: 45\u00b0C, 65\u00b0C, 85\u00b0C<\/p>\n<\/li>\n<li class=\"\" data-start=\"735\" data-end=\"781\">\n<p class=\"\" data-start=\"737\" data-end=\"781\">V\u00f9ng n\u1ea5u t\u1eeb t\u1ef1 nh\u1eadn bi\u1ebft k\u00edch c\u1ee1 xoong n\u1ed3i<\/p>\n<\/li>\n<li class=\"\" data-start=\"782\" data-end=\"837\">\n<p class=\"\" data-start=\"784\" data-end=\"837\">H\u1eb9n gi\u1edd \u0111\u1ed9c l\u1eadp cho t\u1eebng v\u00f9ng n\u1ea5u \u0111\u1ebfn 1 gi\u1edd 59 ph\u00fat<\/p>\n<\/li>\n<\/ul>\n<hr class=\"\" data-start=\"839\" data-end=\"842\" \/>\n<h3 class=\"\" data-start=\"844\" data-end=\"869\"><strong data-start=\"848\" data-end=\"869\">T\u00cdNH N\u0102NG AN TO\u00c0N<\/strong><\/h3>\n<ul data-start=\"870\" data-end=\"1138\">\n<li class=\"\" data-start=\"870\" data-end=\"898\">\n<p class=\"\" data-start=\"872\" data-end=\"898\">Ch\u1ee9c n\u0103ng t\u1ea1m d\u1eebng Pause<\/p>\n<\/li>\n<li class=\"\" data-start=\"899\" data-end=\"947\">\n<p class=\"\" data-start=\"901\" data-end=\"947\">C\u1ea3nh b\u00e1o nhi\u1ec7t d\u01b0 v\u00f9ng n\u1ea5u Residual heat (H)<\/p>\n<\/li>\n<li class=\"\" data-start=\"948\" data-end=\"998\">\n<p class=\"\" data-start=\"950\" data-end=\"998\">T\u1ef1 \u0111\u1ed9ng t\u1eaft b\u1ebfp khi kh\u00f4ng c\u00f3 n\u1ed3i Pot Detection<\/p>\n<\/li>\n<li class=\"\" data-start=\"999\" data-end=\"1033\">\n<p class=\"\" data-start=\"1001\" data-end=\"1033\">Kh\u00f3a an to\u00e0n tr\u1ebb em Child lock<\/p>\n<\/li>\n<li class=\"\" data-start=\"1034\" data-end=\"1065\">\n<p class=\"\" data-start=\"1036\" data-end=\"1065\">T\u1ef1 \u0111\u1ed9ng t\u1eaft b\u1ebfp khi \u0111\u1ec3 qu\u00ean<\/p>\n<\/li>\n<li class=\"\" data-start=\"1066\" data-end=\"1106\">\n<p class=\"\" data-start=\"1068\" data-end=\"1106\">H\u1ec7 th\u1ed1ng c\u1ea3m bi\u1ebfn ch\u1ed1ng tr\u00e0n t\u1ef1 ng\u1eaft<\/p>\n<\/li>\n<li class=\"\" data-start=\"1107\" data-end=\"1138\">\n<p class=\"\" data-start=\"1109\" data-end=\"1138\">T\u1ef1 t\u1eaft khi nhi\u1ec7t \u0111\u1ed9 qu\u00e1 cao<\/p>\n<\/li>\n<\/ul>\n","protected":false},"excerpt":{"rendered":"<p>TH\u00d4NG S\u1ed0 K\u1ef8 THU\u1eacT \u0110i\u1ec7n \u00e1p: 220\/50Hz Ph\u1ea3i: 3800W, booster: 5500W Gi\u1eefa: 1400W, booster: 1850W Tr\u00e1i: 2300W, booster: 3000W K\u00edch th\u01b0\u1edbc (D x R x C): 750 x 450 x 60mm K\u00edch th\u01b0\u1edbc kho\u00e9t l\u1ed7: 710 x 410mm T\u00cdNH N\u0102NG S\u1ea2N PH\u1ea8M S\u1eed d\u1ee5ng 100% E.G.O &#8211; Made in Germany M\u1eb7t k\u00ednh Schott Ceran &#8211;&#8230;<\/p>\n","protected":false},"featured_media":367,"comment_status":"open","ping_status":"closed","template":"","meta":[],"product_brand":[],"product_cat":[31],"product_tag":[],"class_list":{"0":"post-366","1":"product","2":"type-product","3":"status-publish","4":"has-post-thumbnail","6":"product_cat-bep-tu","8":"first","9":"instock","10":"shipping-taxable","11":"purchasable","12":"product-type-simple"},"_links":{"self":[{"href":"https:\/\/store3.k-tech-services.com\/nhabep82\/wp-json\/wp\/v2\/product\/366","targetHints":{"allow":["GET"]}}],"collection":[{"href":"https:\/\/store3.k-tech-services.com\/nhabep82\/wp-json\/wp\/v2\/product"}],"about":[{"href":"https:\/\/store3.k-tech-services.com\/nhabep82\/wp-json\/wp\/v2\/types\/product"}],"replies":[{"embeddable":true,"href":"https:\/\/store3.k-tech-services.com\/nhabep82\/wp-json\/wp\/v2\/comments?post=366"}],"wp:featuredmedia":[{"embeddable":true,"href":"https:\/\/store3.k-tech-services.com\/nhabep82\/wp-json\/wp\/v2\/media\/367"}],"wp:attachment":[{"href":"https:\/\/store3.k-tech-services.com\/nhabep82\/wp-json\/wp\/v2\/media?parent=366"}],"wp:term":[{"taxonomy":"product_brand","embeddable":true,"href":"https:\/\/store3.k-tech-services.com\/nhabep82\/wp-json\/wp\/v2\/product_brand?post=366"},{"taxonomy":"product_cat","embeddable":true,"href":"https:\/\/store3.k-tech-services.com\/nhabep82\/wp-json\/wp\/v2\/product_cat?post=366"},{"taxonomy":"product_tag","embeddable":true,"href":"https:\/\/store3.k-tech-services.com\/nhabep82\/wp-json\/wp\/v2\/product_tag?post=366"}],"curies":[{"name":"wp","href":"https:\/\/api.w.org\/{rel}","templated":true}]}}