{"id":363,"date":"2025-04-14T15:17:12","date_gmt":"2025-04-14T15:17:12","guid":{"rendered":"https:\/\/ktech2.k-tech-services.com\/nhabep82\/?post_type=product&#038;p=363"},"modified":"2025-04-14T15:23:49","modified_gmt":"2025-04-14T15:23:49","slug":"dib4-888w","status":"publish","type":"product","link":"https:\/\/store3.k-tech-services.com\/nhabep82\/san-pham\/dib4-888w\/","title":{"rendered":"DI-855GE"},"content":{"rendered":"<h3><strong>TH\u00d4NG S\u1ed0 K\u1ef8 THU\u1eacT<\/strong><\/h3>\n<p>\u0110i\u1ec7n \u00e1p: 220\/50Hz<\/p>\n<p>Ph\u1ea3i: 3800W booster: 5500W<\/p>\n<p>Gi\u1eefa: 1400W booster: 1850W<\/p>\n<p>Tr\u00e1i: 2300W booster: 3000W<\/p>\n<p>K\u00edch th\u01b0\u1edbc: (D x R x C): 750 x 450 x 60mm<\/p>\n<p>K\u00edch th\u01b0\u1edbc kho\u00e9t l\u1ed7: 710 x 410m<\/p>\n<h3><strong>T\u00cdNH N\u0102NG S\u1ea2N PH\u1ea8M<\/strong><\/h3>\n<ul>\n<li class=\"\" data-start=\"84\" data-end=\"125\">\n<p class=\"\" data-start=\"86\" data-end=\"125\">S\u1eed d\u1ee5ng 100% E.G.O &#8211; Made in Germany.<\/p>\n<\/li>\n<li class=\"\" data-start=\"126\" data-end=\"169\">\n<p class=\"\" data-start=\"128\" data-end=\"169\">M\u1eb7t k\u00ednh Schott Ceran &#8211; Made in Germany<\/p>\n<\/li>\n<li class=\"\" data-start=\"170\" data-end=\"226\">\n<p class=\"\" data-start=\"172\" data-end=\"226\">C\u00f4ng ngh\u1ec7 G5 Smart Inverter, ti\u1ebft ki\u1ec7m 38% \u0111i\u1ec7n n\u0103ng<\/p>\n<\/li>\n<li class=\"\" data-start=\"227\" data-end=\"277\">\n<p class=\"\" data-start=\"229\" data-end=\"277\">T\u00ednh n\u0103ng n\u1ea5u t\u0103ng nhi\u1ec7t nhanh Heating up time<\/p>\n<\/li>\n<li class=\"\" data-start=\"278\" data-end=\"320\">\n<p class=\"\" data-start=\"280\" data-end=\"320\">Ph\u00edm \u0111i\u1ec1u khi\u1ec3n Slider 9 m\u1ee9c c\u00f4ng su\u1ea5t<\/p>\n<\/li>\n<li class=\"\" data-start=\"321\" data-end=\"378\">\n<p class=\"\" data-start=\"323\" data-end=\"378\">H\u00e2m n\u00f3ng th\u1ee9c \u0103n Warming \u1edf nhi\u1ec7t \u0111\u1ed9: 45\u00b0C, 65\u00b0C, 85\u00b0C<\/p>\n<\/li>\n<li class=\"\" data-start=\"379\" data-end=\"425\">\n<p class=\"\" data-start=\"381\" data-end=\"425\">V\u00f9ng n\u1ea5u t\u1eeb t\u1ef1 nh\u1eadn bi\u1ebft k\u00edch c\u1ee1 xoong n\u1ed3i<\/p>\n<\/li>\n<li class=\"\" data-start=\"426\" data-end=\"481\">\n<p class=\"\" data-start=\"428\" data-end=\"481\">H\u1eb9n gi\u1edd \u0111\u1ed9c l\u1eadp cho t\u1eebng v\u00f9ng n\u1ea5u \u0111\u1ebfn 1 gi\u1edd 59 ph\u00fat<\/p>\n<\/li>\n<\/ul>\n<h3 data-start=\"483\" data-end=\"504\"><strong data-start=\"483\" data-end=\"504\">T\u00cdNH N\u0102NG AN TO\u00c0N<\/strong><\/h3>\n<ul data-start=\"505\" data-end=\"771\">\n<li class=\"\" data-start=\"505\" data-end=\"533\">\n<p class=\"\" data-start=\"507\" data-end=\"533\">Ch\u1ee9c n\u0103ng t\u1ea1m d\u1eebng Pause<\/p>\n<\/li>\n<li class=\"\" data-start=\"534\" data-end=\"582\">\n<p class=\"\" data-start=\"536\" data-end=\"582\">C\u1ea3nh b\u00e1o nhi\u1ec7t d\u01b0 v\u00f9ng n\u1ea5u Residual heat (H)<\/p>\n<\/li>\n<li class=\"\" data-start=\"583\" data-end=\"633\">\n<p class=\"\" data-start=\"585\" data-end=\"633\">T\u1ef1 \u0111\u1ed9ng t\u1eaft b\u1ebfp khi kh\u00f4ng c\u00f3 n\u1ed3i Pot Detection<\/p>\n<\/li>\n<li class=\"\" data-start=\"634\" data-end=\"668\">\n<p class=\"\" data-start=\"636\" data-end=\"668\">Kh\u00f3a an to\u00e0n tr\u1ebb em Child lock<\/p>\n<\/li>\n<li class=\"\" data-start=\"669\" data-end=\"700\">\n<p class=\"\" data-start=\"671\" data-end=\"700\">T\u1ef1 \u0111\u1ed9ng t\u1eaft b\u1ebfp khi \u0111\u1ec3 qu\u00ean<\/p>\n<\/li>\n<li class=\"\" data-start=\"701\" data-end=\"741\">\n<p class=\"\" data-start=\"703\" data-end=\"741\">H\u1ec7 th\u1ed1ng c\u1ea3m bi\u1ebfn ch\u1ed1ng tr\u00e0n t\u1ef1 ng\u1eaft<\/p>\n<\/li>\n<li class=\"\" data-start=\"742\" data-end=\"771\">\n<p class=\"\" data-start=\"744\" data-end=\"771\">T\u1ef1 t\u1eaft khi nhi\u1ec7t \u0111\u1ed9 qu\u00e1 cao<\/p>\n<\/li>\n<\/ul>\n","protected":false},"excerpt":{"rendered":"<p>TH\u00d4NG S\u1ed0 K\u1ef8 THU\u1eacT \u0110i\u1ec7n \u00e1p: 220\/50Hz Ph\u1ea3i: 3800W booster: 5500W Gi\u1eefa: 1400W booster: 1850W Tr\u00e1i: 2300W booster: 3000W K\u00edch th\u01b0\u1edbc: (D x R x C): 750 x 450 x 60mm K\u00edch th\u01b0\u1edbc kho\u00e9t l\u1ed7: 710 x 410m T\u00cdNH N\u0102NG S\u1ea2N PH\u1ea8M S\u1eed d\u1ee5ng 100% E.G.O &#8211; Made in Germany. M\u1eb7t k\u00ednh Schott Ceran &#8211;&#8230;<\/p>\n","protected":false},"featured_media":364,"comment_status":"open","ping_status":"closed","template":"","meta":[],"product_brand":[],"product_cat":[31],"product_tag":[],"class_list":{"0":"post-363","1":"product","2":"type-product","3":"status-publish","4":"has-post-thumbnail","6":"product_cat-bep-tu","8":"first","9":"instock","10":"shipping-taxable","11":"purchasable","12":"product-type-simple"},"_links":{"self":[{"href":"https:\/\/store3.k-tech-services.com\/nhabep82\/wp-json\/wp\/v2\/product\/363","targetHints":{"allow":["GET"]}}],"collection":[{"href":"https:\/\/store3.k-tech-services.com\/nhabep82\/wp-json\/wp\/v2\/product"}],"about":[{"href":"https:\/\/store3.k-tech-services.com\/nhabep82\/wp-json\/wp\/v2\/types\/product"}],"replies":[{"embeddable":true,"href":"https:\/\/store3.k-tech-services.com\/nhabep82\/wp-json\/wp\/v2\/comments?post=363"}],"wp:featuredmedia":[{"embeddable":true,"href":"https:\/\/store3.k-tech-services.com\/nhabep82\/wp-json\/wp\/v2\/media\/364"}],"wp:attachment":[{"href":"https:\/\/store3.k-tech-services.com\/nhabep82\/wp-json\/wp\/v2\/media?parent=363"}],"wp:term":[{"taxonomy":"product_brand","embeddable":true,"href":"https:\/\/store3.k-tech-services.com\/nhabep82\/wp-json\/wp\/v2\/product_brand?post=363"},{"taxonomy":"product_cat","embeddable":true,"href":"https:\/\/store3.k-tech-services.com\/nhabep82\/wp-json\/wp\/v2\/product_cat?post=363"},{"taxonomy":"product_tag","embeddable":true,"href":"https:\/\/store3.k-tech-services.com\/nhabep82\/wp-json\/wp\/v2\/product_tag?post=363"}],"curies":[{"name":"wp","href":"https:\/\/api.w.org\/{rel}","templated":true}]}}