{"id":8,"date":"2025-03-28T02:04:25","date_gmt":"2025-03-28T02:04:25","guid":{"rendered":"http:\/\/localhost:8888\/nhabep82\/gio-hang\/"},"modified":"2025-03-28T03:02:45","modified_gmt":"2025-03-28T03:02:45","slug":"gio-hang","status":"publish","type":"page","link":"https:\/\/store3.k-tech-services.com\/nhabep82\/gio-hang\/","title":{"rendered":"Gi\u1ecf h\u00e0ng"},"content":{"rendered":"<div data-block-name=\"woocommerce\/cart\" class=\"wp-block-woocommerce-cart alignwide is-loading\"><div data-block-name=\"woocommerce\/filled-cart-block\" class=\"wp-block-woocommerce-filled-cart-block\"><div data-block-name=\"woocommerce\/cart-items-block\" class=\"wp-block-woocommerce-cart-items-block\"><div data-block-name=\"woocommerce\/cart-line-items-block\" class=\"wp-block-woocommerce-cart-line-items-block\"><\/div>\n\n<div data-block-name=\"woocommerce\/cart-cross-sells-block\" class=\"wp-block-woocommerce-cart-cross-sells-block\"><h2 class=\"wp-block-heading has-large-font-size\">B\u1ea1n c\u00f3 th\u1ec3 quan t\u00e2m \u0111\u1ebfn\u2026<\/h2>\n\n<div data-block-name=\"woocommerce\/cart-cross-sells-products-block\" class=\"wp-block-woocommerce-cart-cross-sells-products-block\"><\/div><\/div><\/div>\n\n<div data-block-name=\"woocommerce\/cart-totals-block\" class=\"wp-block-woocommerce-cart-totals-block\"><div data-block-name=\"woocommerce\/cart-order-summary-block\" class=\"wp-block-woocommerce-cart-order-summary-block\"><div data-block-name=\"woocommerce\/cart-order-summary-heading-block\" class=\"wp-block-woocommerce-cart-order-summary-heading-block\"><\/div><div data-block-name=\"woocommerce\/cart-order-summary-coupon-form-block\" class=\"wp-block-woocommerce-cart-order-summary-coupon-form-block\"><\/div><div data-block-name=\"woocommerce\/cart-order-summary-totals-block\" class=\"wp-block-woocommerce-cart-order-summary-totals-block\">\n<div data-block-name=\"woocommerce\/cart-order-summary-subtotal-block\" class=\"wp-block-woocommerce-cart-order-summary-subtotal-block\"><\/div>\n<div data-block-name=\"woocommerce\/cart-order-summary-discount-block\" class=\"wp-block-woocommerce-cart-order-summary-discount-block\"><\/div>\n<div data-block-name=\"woocommerce\/cart-order-summary-fee-block\" class=\"wp-block-woocommerce-cart-order-summary-fee-block\"><\/div>\n<div data-block-name=\"woocommerce\/cart-order-summary-shipping-block\" class=\"wp-block-woocommerce-cart-order-summary-shipping-block\"><\/div>\n<div data-block-name=\"woocommerce\/cart-order-summary-taxes-block\" class=\"wp-block-woocommerce-cart-order-summary-taxes-block\"><\/div><\/div><\/div>\n\n<div data-block-name=\"woocommerce\/cart-express-payment-block\" class=\"wp-block-woocommerce-cart-express-payment-block\"><\/div>\n\n<div data-block-name=\"woocommerce\/proceed-to-checkout-block\" class=\"wp-block-woocommerce-proceed-to-checkout-block\"><\/div>\n\n<div data-block-name=\"woocommerce\/cart-accepted-payment-methods-block\" class=\"wp-block-woocommerce-cart-accepted-payment-methods-block\"><\/div><\/div><\/div>\n\n<div data-block-name=\"woocommerce\/empty-cart-block\" class=\"wp-block-woocommerce-empty-cart-block\"><h2 class=\"wp-block-heading has-text-align-center with-empty-cart-icon wc-block-cart__empty-cart__title\">Gi\u1ecf h\u00e0ng hi\u1ec7n t\u1ea1i ch\u01b0a c\u00f3 s\u1ea3n ph\u1ea9m n\u00e0o!<\/h2>\n\n<hr class=\"wp-block-separator has-alpha-channel-opacity is-style-dots\"\/>\n\n<h2 class=\"wp-block-heading has-text-align-center\">M\u1edbi trong c\u1eeda h\u00e0ng<\/h2>\n\n<div data-block-name=\"woocommerce\/product-new\" data-columns=\"4\" data-rows=\"1\" class=\"wc-block-grid wp-block-product-new wp-block-woocommerce-product-new wc-block-product-new has-4-columns\"><ul class=\"wc-block-grid__products\"><li class=\"wc-block-grid__product\">\n\t\t\t\t<a href=\"https:\/\/store3.k-tech-services.com\/nhabep82\/san-pham\/khung-chan-de-may-rua-bat\/\" class=\"wc-block-grid__product-link\">\n\t\t\t\t\t\n\t\t\t\t\t<div class=\"wc-block-grid__product-image\"><img loading=\"lazy\" decoding=\"async\" width=\"205\" height=\"116\" src=\"https:\/\/store3.k-tech-services.com\/nhabep82\/wp-content\/uploads\/2025\/04\/z6509068658588_5c8d8ef089df2f7df14fd1e7e8f8b305.jpg\" class=\"attachment-woocommerce_thumbnail size-woocommerce_thumbnail\" alt=\"KHUNG CH\u00c2N \u0110\u1ec2 M\u00c1Y R\u1eecA B\u00c1T\" \/><\/div>\n\t\t\t\t\t<div class=\"wc-block-grid__product-title\">KHUNG CH\u00c2N \u0110\u1ec2 M\u00c1Y R\u1eecA B\u00c1T<\/div>\n\t\t\t\t<\/a>\n\t\t\t\t<div class=\"wc-block-grid__product-price price\"><span class=\"woocommerce-Price-amount amount\">350.000&nbsp;<span class=\"woocommerce-Price-currencySymbol\">&#8363;<\/span><\/span><\/div>\n\t\t\t\t\n\t\t\t\t<div class=\"wp-block-button wc-block-grid__product-add-to-cart\"><a href=\"?add-to-cart=602\" aria-label=\"Th\u00eam v\u00e0o gi\u1ecf h\u00e0ng: &ldquo;KHUNG CH\u00c2N \u0110\u1ec2 M\u00c1Y R\u1eecA B\u00c1T&rdquo;\" data-quantity=\"1\" data-product_id=\"602\" data-product_sku=\"\" data-price=\"350000\" rel=\"nofollow\" class=\"wp-block-button__link  add_to_cart_button ajax_add_to_cart\">Th\u00eam v\u00e0o gi\u1ecf h\u00e0ng<\/a><\/div>\n\t\t\t<\/li><li class=\"wc-block-grid__product\">\n\t\t\t\t<a href=\"https:\/\/store3.k-tech-services.com\/nhabep82\/san-pham\/khung-chan-do-bep-tu\/\" class=\"wc-block-grid__product-link\">\n\t\t\t\t\t\n\t\t\t\t\t<div class=\"wc-block-grid__product-image\"><img loading=\"lazy\" decoding=\"async\" width=\"200\" height=\"110\" src=\"https:\/\/store3.k-tech-services.com\/nhabep82\/wp-content\/uploads\/2025\/04\/z6509068658608_45c5e1af7cbf7363e61f067d60760cfe.jpg\" class=\"attachment-woocommerce_thumbnail size-woocommerce_thumbnail\" alt=\"KHUNG CH\u00c2N \u0110\u1ee0 B\u1ebeP T\u1eea\" \/><\/div>\n\t\t\t\t\t<div class=\"wc-block-grid__product-title\">KHUNG CH\u00c2N \u0110\u1ee0 B\u1ebeP T\u1eea<\/div>\n\t\t\t\t<\/a>\n\t\t\t\t<div class=\"wc-block-grid__product-price price\"><span class=\"woocommerce-Price-amount amount\">500.000&nbsp;<span class=\"woocommerce-Price-currencySymbol\">&#8363;<\/span><\/span><\/div>\n\t\t\t\t\n\t\t\t\t<div class=\"wp-block-button wc-block-grid__product-add-to-cart\"><a href=\"?add-to-cart=601\" aria-label=\"Th\u00eam v\u00e0o gi\u1ecf h\u00e0ng: &ldquo;KHUNG CH\u00c2N \u0110\u1ee0 B\u1ebeP T\u1eea&rdquo;\" data-quantity=\"1\" data-product_id=\"601\" data-product_sku=\"\" data-price=\"500000\" rel=\"nofollow\" class=\"wp-block-button__link  add_to_cart_button ajax_add_to_cart\">Th\u00eam v\u00e0o gi\u1ecf h\u00e0ng<\/a><\/div>\n\t\t\t<\/li><li class=\"wc-block-grid__product\">\n\t\t\t\t<a href=\"https:\/\/store3.k-tech-services.com\/nhabep82\/san-pham\/dao-ve-sinh-mat-kinh-ck-111\/\" class=\"wc-block-grid__product-link\">\n\t\t\t\t\t\n\t\t\t\t\t<div class=\"wc-block-grid__product-image\"><img loading=\"lazy\" decoding=\"async\" width=\"90\" height=\"147\" src=\"https:\/\/store3.k-tech-services.com\/nhabep82\/wp-content\/uploads\/2025\/04\/z6509068658609_d57801de84c4fa1a03e1abba2251858e.jpg\" class=\"attachment-woocommerce_thumbnail size-woocommerce_thumbnail\" alt=\"DAO V\u1ec6 SINH M\u1eb6T K\u00cdNH CK-111\" \/><\/div>\n\t\t\t\t\t<div class=\"wc-block-grid__product-title\">DAO V\u1ec6 SINH M\u1eb6T K\u00cdNH CK-111<\/div>\n\t\t\t\t<\/a>\n\t\t\t\t<div class=\"wc-block-grid__product-price price\"><span class=\"woocommerce-Price-amount amount\">350.000&nbsp;<span class=\"woocommerce-Price-currencySymbol\">&#8363;<\/span><\/span><\/div>\n\t\t\t\t\n\t\t\t\t<div class=\"wp-block-button wc-block-grid__product-add-to-cart\"><a href=\"?add-to-cart=600\" aria-label=\"Th\u00eam v\u00e0o gi\u1ecf h\u00e0ng: &ldquo;DAO V\u1ec6 SINH M\u1eb6T K\u00cdNH CK-111&rdquo;\" data-quantity=\"1\" data-product_id=\"600\" data-product_sku=\"\" data-price=\"350000\" rel=\"nofollow\" class=\"wp-block-button__link  add_to_cart_button ajax_add_to_cart\">Th\u00eam v\u00e0o gi\u1ecf h\u00e0ng<\/a><\/div>\n\t\t\t<\/li><li class=\"wc-block-grid__product\">\n\t\t\t\t<a href=\"https:\/\/store3.k-tech-services.com\/nhabep82\/san-pham\/chai-tay-can-canxi-sofish-nova\/\" class=\"wc-block-grid__product-link\">\n\t\t\t\t\t\n\t\t\t\t\t<div class=\"wc-block-grid__product-image\"><img loading=\"lazy\" decoding=\"async\" width=\"108\" height=\"177\" src=\"https:\/\/store3.k-tech-services.com\/nhabep82\/wp-content\/uploads\/2025\/04\/z6509068669411_5fc483a7b666093704d2b5d0df677aea.jpg\" class=\"attachment-woocommerce_thumbnail size-woocommerce_thumbnail\" alt=\"CHAI T\u1ea8Y C\u1eb6N CANXI SOFISH NOVA\" \/><\/div>\n\t\t\t\t\t<div class=\"wc-block-grid__product-title\">CHAI T\u1ea8Y C\u1eb6N CANXI SOFISH NOVA<\/div>\n\t\t\t\t<\/a>\n\t\t\t\t<div class=\"wc-block-grid__product-price price\"><span class=\"woocommerce-Price-amount amount\">165.000&nbsp;<span class=\"woocommerce-Price-currencySymbol\">&#8363;<\/span><\/span><\/div>\n\t\t\t\t\n\t\t\t\t<div class=\"wp-block-button wc-block-grid__product-add-to-cart\"><a href=\"?add-to-cart=595\" aria-label=\"Th\u00eam v\u00e0o gi\u1ecf h\u00e0ng: &ldquo;CHAI T\u1ea8Y C\u1eb6N CANXI SOFISH NOVA&rdquo;\" data-quantity=\"1\" data-product_id=\"595\" data-product_sku=\"\" data-price=\"165000\" rel=\"nofollow\" class=\"wp-block-button__link  add_to_cart_button ajax_add_to_cart\">Th\u00eam v\u00e0o gi\u1ecf h\u00e0ng<\/a><\/div>\n\t\t\t<\/li><\/ul><\/div><\/div><\/div>","protected":false},"excerpt":{"rendered":"","protected":false},"author":1,"featured_media":0,"parent":0,"menu_order":0,"comment_status":"closed","ping_status":"closed","template":"","meta":{"footnotes":""},"class_list":["post-8","page","type-page","status-publish","hentry"],"_links":{"self":[{"href":"https:\/\/store3.k-tech-services.com\/nhabep82\/wp-json\/wp\/v2\/pages\/8","targetHints":{"allow":["GET"]}}],"collection":[{"href":"https:\/\/store3.k-tech-services.com\/nhabep82\/wp-json\/wp\/v2\/pages"}],"about":[{"href":"https:\/\/store3.k-tech-services.com\/nhabep82\/wp-json\/wp\/v2\/types\/page"}],"author":[{"embeddable":true,"href":"https:\/\/store3.k-tech-services.com\/nhabep82\/wp-json\/wp\/v2\/users\/1"}],"replies":[{"embeddable":true,"href":"https:\/\/store3.k-tech-services.com\/nhabep82\/wp-json\/wp\/v2\/comments?post=8"}],"version-history":[{"count":1,"href":"https:\/\/store3.k-tech-services.com\/nhabep82\/wp-json\/wp\/v2\/pages\/8\/revisions"}],"predecessor-version":[{"id":12,"href":"https:\/\/store3.k-tech-services.com\/nhabep82\/wp-json\/wp\/v2\/pages\/8\/revisions\/12"}],"wp:attachment":[{"href":"https:\/\/store3.k-tech-services.com\/nhabep82\/wp-json\/wp\/v2\/media?parent=8"}],"curies":[{"name":"wp","href":"https:\/\/api.w.org\/{rel}","templated":true}]}}