{"id":63,"date":"2025-03-28T02:17:36","date_gmt":"2025-03-28T02:17:36","guid":{"rendered":"http:\/\/localhost:8888\/nhabep82\/?page_id=63"},"modified":"2025-03-31T06:46:18","modified_gmt":"2025-03-31T06:46:18","slug":"gioi-thieu","status":"publish","type":"page","link":"https:\/\/store3.k-tech-services.com\/nhabep82\/gioi-thieu\/","title":{"rendered":"Gi\u1edbi thi\u1ec7u"},"content":{"rendered":"<p><strong><span style=\"color: #00aa00;\">SHOWROOM H\u1ea2I B\u1ebeP<\/span><\/strong> \u0111\u01b0\u1ee3c bi\u1ebft \u0111\u1ebfn l\u00e0 nh\u00e0 ph\u00e2n ph\u1ed1i s\u1ec9 v\u00e0 l\u1ebb, v\u1edbi h\u01a1n 10 n\u0103m kinh nghi\u1ec7m ho\u1ea1t \u0111\u1ed9ng trong l\u0129nh v\u1ef1c n\u1ed9i th\u1ea5t thi\u1ebft b\u1ecb nh\u00e0 b\u1ebfp gia d\u1ee5ng cao c\u1ea5p \u1edf khu v\u1ef1c mi\u1ec1n Nam, \u0111\u01b0\u1ee3c S\u1edf K\u1ebf ho\u1ea1ch v\u00e0 \u0110\u1ea7u t\u01b0 TP.HCM c\u1ea5p v\u00e0o ng\u00e0y 23\/05\/2017.<\/p>\n<p>Ch\u00fang t\u00f4i t\u1ef1 h\u00e0o \u0111\u01b0\u1ee3c nhi\u1ec1u th\u01b0\u01a1ng hi\u1ec7u thi\u1ebft b\u1ecb nh\u00e0 b\u1ebfp l\u1edbn tr\u00ean th\u1ecb tr\u01b0\u1eddng u\u1ef7 quy\u1ec1n \u0111\u1ea1i l\u00fd ph\u00e2n ph\u1ed1i ch\u00ednh h\u00e3ng.<\/p>\n","protected":false},"excerpt":{"rendered":"<p>SHOWROOM H\u1ea2I B\u1ebeP \u0111\u01b0\u1ee3c bi\u1ebft \u0111\u1ebfn l\u00e0 nh\u00e0 ph\u00e2n ph\u1ed1i s\u1ec9 v\u00e0 l\u1ebb, v\u1edbi h\u01a1n 10 n\u0103m kinh nghi\u1ec7m ho\u1ea1t \u0111\u1ed9ng trong l\u0129nh v\u1ef1c n\u1ed9i th\u1ea5t thi\u1ebft b\u1ecb nh\u00e0 b\u1ebfp gia d\u1ee5ng cao c\u1ea5p \u1edf khu v\u1ef1c mi\u1ec1n Nam, \u0111\u01b0\u1ee3c S\u1edf K\u1ebf ho\u1ea1ch v\u00e0 \u0110\u1ea7u t\u01b0 TP.HCM c\u1ea5p v\u00e0o ng\u00e0y 23\/05\/2017. Ch\u00fang t\u00f4i t\u1ef1 h\u00e0o&#8230;<\/p>\n","protected":false},"author":1,"featured_media":0,"parent":0,"menu_order":0,"comment_status":"closed","ping_status":"closed","template":"page-blank-title-center.php","meta":{"footnotes":""},"class_list":["post-63","page","type-page","status-publish","hentry"],"_links":{"self":[{"href":"https:\/\/store3.k-tech-services.com\/nhabep82\/wp-json\/wp\/v2\/pages\/63","targetHints":{"allow":["GET"]}}],"collection":[{"href":"https:\/\/store3.k-tech-services.com\/nhabep82\/wp-json\/wp\/v2\/pages"}],"about":[{"href":"https:\/\/store3.k-tech-services.com\/nhabep82\/wp-json\/wp\/v2\/types\/page"}],"author":[{"embeddable":true,"href":"https:\/\/store3.k-tech-services.com\/nhabep82\/wp-json\/wp\/v2\/users\/1"}],"replies":[{"embeddable":true,"href":"https:\/\/store3.k-tech-services.com\/nhabep82\/wp-json\/wp\/v2\/comments?post=63"}],"version-history":[{"count":2,"href":"https:\/\/store3.k-tech-services.com\/nhabep82\/wp-json\/wp\/v2\/pages\/63\/revisions"}],"predecessor-version":[{"id":342,"href":"https:\/\/store3.k-tech-services.com\/nhabep82\/wp-json\/wp\/v2\/pages\/63\/revisions\/342"}],"wp:attachment":[{"href":"https:\/\/store3.k-tech-services.com\/nhabep82\/wp-json\/wp\/v2\/media?parent=63"}],"curies":[{"name":"wp","href":"https:\/\/api.w.org\/{rel}","templated":true}]}}