{"id":130,"date":"2025-03-28T03:21:26","date_gmt":"2025-03-28T03:21:26","guid":{"rendered":"http:\/\/localhost:8888\/nhabep82\/?page_id=130"},"modified":"2025-03-31T06:47:56","modified_gmt":"2025-03-31T06:47:56","slug":"tuyen-dung","status":"publish","type":"page","link":"https:\/\/store3.k-tech-services.com\/nhabep82\/tuyen-dung\/","title":{"rendered":"Tuy\u1ec3n d\u1ee5ng"},"content":{"rendered":"<p>C\u00f4ng ty TNHH Home Best Vi\u1ec7t Nam \u0111\u00e3 c\u00f3 nhi\u1ec1u n\u0103m kinh nghi\u1ec7m trong l\u0129nh v\u1ef1c n\u1ed9i th\u1ea5t, \u0111i\u1ec7n gia d\u1ee5ng t\u1ea1i mi\u1ec1n Nam. Home Best lu\u00f4n t\u1ef1 h\u00e0o l\u00e0 \u0111\u01a1n v\u1ecb cung c\u1ea5p ngu\u1ed3n h\u00e0ng r\u00f5 r\u00e0ng minh b\u1ea1ch, gi\u00e1 c\u1ea3 h\u1ee3p l\u00fd, \u0111\u1eb7c bi\u1ec7t d\u1ecbch v\u1ee5 l\u1eafp \u0111\u1eb7t, s\u1eeda ch\u1eefa t\u1ed1t nh\u1ea5t lu\u00f4n \u0111\u01b0\u1ee3c ch\u00fang t\u00f4i c\u1ea3i ti\u1ebfn, l\u1ef1a ch\u1ecdn v\u00e0 vinh d\u1ef1 \u0111\u01b0\u1ee3c c\u00e1c th\u01b0\u01a1ng hi\u1ec7u l\u1edbn tr\u00ean th\u1ebf gi\u1edbi c\u00f4ng nh\u1eadn.<\/p>\n<p align=\"center\"><img decoding=\"async\" src=\"https:\/\/bizweb.dktcdn.net\/100\/426\/501\/files\/homebest-care-b.jpg?v=1663402027768\" alt=\"home-best-tuyen-dung\" data-thumb=\"original\" \/><\/p>\n<p>V\u1edbi m\u1ee5c ti\u00eau \u0111\u00e1p \u1ee9ng nhu c\u1ea7u th\u1ecb tr\u01b0\u1eddng v\u00e0 ph\u1ee5c v\u1ee5 kh\u00e1ch h\u00e0ng c\u00e1c s\u1ea3n ph\u1ea9m n\u1ed9i th\u1ea5t &#8211; thi\u1ebft b\u1ecb nh\u00e0 b\u1ebfp, ch\u00fang t\u00f4i c\u00f3 nhu c\u1ea7u tuy\u1ec3n d\u1ee5ng c\u00e1c v\u1ecb tr\u00ed nh\u01b0 sau:<\/p>\n<ol>\n<li><b>TR\u1ee2 L\u00dd MARKETING<\/b><\/li>\n<\/ol>\n<ol>\n<li><b>Quy\u1ec1n l\u1ee3i<\/b><\/li>\n<\/ol>\n<ul>\n<li>L\u01b0\u01a1ng c\u01a1 b\u1ea3n<b><i>: 7.000.000 \u0111\u1ed3ng &#8211;\u00a0 9.000.000 \u0111\u1ed3ng<\/i><\/b>\u00a0+ th\u01b0\u1edfng cao + hoa h\u1ed3ng + Ph\u1ee5 c\u1ea5p \u0111i\u1ec7n tho\u1ea1i. Thu nh\u1eadp t\u1eeb\u00a0<b><i>8.000.000 \u0111\u1ed3ng &#8211;\u00a0 15.000.000\u0111\u1ed3ng.\u00a0<\/i><\/b>T\u0103ng\u00a0d\u1ea7n theo n\u0103ng l\u1ef1c v\u00e0 th\u00e2m ni\u00ean l\u00e0m vi\u1ec7c.<\/li>\n<li>\u0110\u01b0\u1ee3c tham gia BHXH, BHYT theo quy \u0111\u1ecbnh v\u00e0 ch\u1ebf \u0111\u1ed9 th\u01b0\u1edfng c\u1ee7a c\u00f4ng ty.<\/li>\n<li>L\u00e0m vi\u1ec7c trong m\u00f4i tr\u01b0\u1eddng l\u00e0m vi\u1ec7c n\u0103ng \u0111\u1ed9ng v\u00e0 chuy\u00ean nghi\u1ec7p. Th\u1ecfa s\u1ee9c kh\u00e1m ph\u00e1 n\u0103ng l\u1ef1c b\u1ea3n th\u00e2n th\u00f4ng qua h\u01b0\u1edbng d\u1eabn t\u1eadn t\u00ecnh, n\u00e2ng cao ki\u1ebfn th\u1ee9c v\u00e0 t\u01b0 duy.<\/li>\n<li>C\u01a1 h\u1ed9i th\u0103ng ti\u1ebfn trong t\u01b0\u01a1ng lai.<\/li>\n<\/ul>\n<ol start=\"2\">\n<li><b>M\u00f4 t\u1ea3 c\u00f4ng vi\u1ec7c<\/b><\/li>\n<\/ol>\n<ul>\n<li>H\u1ed7 tr\u1ee3 x\u00e2y d\u1ef1ng v\u00e0 tri\u1ec3n khai k\u1ebf ho\u1ea1ch marketing, k\u1ebf ho\u1ea1ch PR th\u01b0\u01a1ng hi\u1ec7u.<\/li>\n<li>Ch\u0103m s\u00f3c, ph\u00e1t tri\u1ec3n n\u1ed9i dung website:\n<ul>\n<li>Thi\u1ebft k\u1ebf h\u00ecnh \u1ea3nh c\u01a1 b\u1ea3n, vi\u1ebft b\u00e0i v\u00e0 c\u1eadp nh\u1eadt c\u00e1c ch\u01b0\u01a1ng tr\u00ecnh c\u1ee7a c\u1eeda h\u00e0ng (tin t\u1ee9c, khuy\u1ebfn m\u00e3i\u2026).<\/li>\n<li>\u0110\u0103ng v\u00e0 t\u1ed1i \u01b0u s\u1ea3n ph\u1ea9m.<\/li>\n<\/ul>\n<\/li>\n<li>Tri\u1ec3n khai c\u00e1c chi\u1ebfn d\u1ecbch Digital Marketing v\u00e0 qu\u1ea3ng b\u00e1 s\u1ea3n ph\u1ea9m theo k\u1ebf ho\u1ea1ch.<\/li>\n<li>H\u1ed7 tr\u1ee3 c\u00e1c ho\u1ea1t \u0111\u1ed9ng s\u1ef1 ki\u1ec7n v\u1ec1 marketing.<\/li>\n<li>Qu\u1ea3n l\u00fd c\u00e1c s\u00e0n th\u01b0\u01a1ng m\u1ea1i \u0111i\u1ec7n t\u1eed (Tiki, Lazada, Shopee,&#8230;) v\u00e0 c\u00e1c trang m\u1ea1ng x\u00e3 h\u1ed9i (Fanpage, Zalo OA, Google My Business, youtube, Tiktok&#8230;).<\/li>\n<\/ul>\n<ol start=\"3\">\n<li><b>\u00a0Y\u00eau c\u1ea7u c\u00f4ng vi\u1ec7c<\/b><\/li>\n<\/ol>\n<ul>\n<li>Bi\u1ebft s\u1eed d\u1ee5ng c\u00e1c ph\u1ea7n m\u1ec1m v\u0103n ph\u00f2ng Microsoft Office v\u00e0 thi\u1ebft k\u1ebf \u0111\u1ed3 h\u1ecda (Photoshop, AI) c\u01a1 b\u1ea3n.<\/li>\n<li>C\u00f3 kinh nghi\u1ec7m v\u1eadn h\u00e0nh c\u00e1c trang TMDT, ch\u0103m s\u00f3c fanpage<\/li>\n<li>C\u00f3 tr\u00e1ch nhi\u1ec7m, n\u0103ng \u0111\u1ed9ng, s\u00e1ng t\u1ea1o v\u00e0 nhi\u1ec7t huy\u1ebft trong c\u00f4ng vi\u1ec7c.<\/li>\n<\/ul>\n<ol start=\"4\">\n<li><b>H\u00ecnh th\u1ee9c l\u00e0m vi\u1ec7c:\u00a0Nh\u00e2n vi\u00ean ch\u00ednh th\u1ee9c<\/b><\/li>\n<\/ol>\n<p>Th\u1eddi gian l\u00e0m vi\u1ec7c:\u00a0t\u1eeb 8h &#8211; 17h30 Tu\u1ea7n ngh\u1ec9 1 ng\u00e0y t\u1ef1 ch\u1ecdn.<\/p>\n<ol start=\"2\">\n<li><b>QU\u1ea2N L\u00dd B\u00c1N H\u00c0NG SHOWROOM<\/b><\/li>\n<\/ol>\n<ol>\n<li><b>Quy\u1ec1n l\u1ee3i<\/b><\/li>\n<\/ol>\n<ul>\n<li>L\u01b0\u01a1ng c\u01a1 b\u1ea3n<b><i>: 7.000.000 \u0111\u1ed3ng &#8211;\u00a0 9.000.000 \u0111\u1ed3ng<\/i><\/b>\u00a0+ th\u01b0\u1edfng cao + hoa h\u1ed3ng + Ph\u1ee5 c\u1ea5p \u0111i\u1ec7n tho\u1ea1i. Thu nh\u1eadp t\u1eeb\u00a0<b><i>8.000.000 \u0111\u1ed3ng &#8211;\u00a0 15.000.000\u0111\u1ed3ng.\u00a0<\/i><\/b>T\u0103ng\u00a0d\u1ea7n theo n\u0103ng l\u1ef1c v\u00e0 th\u00e2m ni\u00ean l\u00e0m vi\u1ec7c.<\/li>\n<\/ul>\n<ul>\n<li>\u0110\u01b0\u1ee3c tham gia BHXH, BHYT theo quy \u0111\u1ecbnh v\u00e0 ch\u1ebf \u0111\u1ed9 th\u01b0\u1edfng c\u1ee7a c\u00f4ng ty.<\/li>\n<li>L\u00e0m vi\u1ec7c trong m\u00f4i tr\u01b0\u1eddng l\u00e0m vi\u1ec7c n\u0103ng \u0111\u1ed9ng v\u00e0 chuy\u00ean nghi\u1ec7p. Th\u1ecfa s\u1ee9c kh\u00e1m ph\u00e1 n\u0103ng l\u1ef1c b\u1ea3n th\u00e2n th\u00f4ng qua h\u01b0\u1edbng d\u1eabn t\u1eadn t\u00ecnh, n\u00e2ng cao ki\u1ebfn th\u1ee9c v\u00e0 t\u01b0 duy.<\/li>\n<\/ul>\n<ol start=\"2\">\n<li><b>M\u00f4 t\u1ea3 c\u00f4ng vi\u1ec7c<\/b>\n<ul>\n<li>Thi\u1ebft l\u1eadp tri\u1ec3n khai k\u1ebf ho\u1ea1ch b\u00e1n hang.<\/li>\n<li>Th\u1ef1c hi\u1ec7n \u0111i\u1ec1u ph\u1ed1i nh\u00e2n vi\u00ean k\u1ef9 thu\u1eadt giao nh\u1eadn .<\/li>\n<li>H\u1ed5 tr\u1ee3 tri\u1ec3n khai, \u0111\u00e1nh gi\u00e1 c\u00e1c d\u1ef1 \u00e1n marketing .<\/li>\n<li>Ti\u1ebfp kh\u00e1ch t\u01b0 v\u1ea5n b\u00e1n h\u00e0ng tr\u1ef1c ti\u1ebfp t\u1ea1i c\u1eeda h\u00e0ng.<\/li>\n<li>Ph\u00e1t tri\u1ec3n th\u01b0\u01a1ng hi\u1ec7u c\u00e1 nh\u00e2n song h\u00e0nh v\u1edbi th\u01b0\u01a1ng hi\u1ec7u c\u00f4ng ty \u0111\u1ec3 ph\u1ee5c v\u1ee5 cho vi\u1ec7c t\u01b0 v\u1ea5n, ch\u0103m s\u00f3c kh\u00e1ch h\u00e0ng qua \u0111i\u1ec7n tho\u1ea1i, c\u00e1c m\u1ea1ng x\u00e3 h\u1ed9i (Facebook, Zalo,&#8230;).<\/li>\n<li>Qu\u1ea3n l\u00fd s\u1ed1 li\u1ec7u h\u00e0ng h\u00f3a xu\u1ea5t, nh\u1eadp, t\u1ed3n (ph\u1ea7n m\u1ec1m Kiotviet)<\/li>\n<li>Th\u1ef1c hi\u1ec7n c\u00e1c c\u00f4ng vi\u1ec7c kh\u00e1c do Gi\u00e1m \u0110\u1ed1c ph\u00e2n c\u00f4ng.<\/li>\n<\/ul>\n<\/li>\n<\/ol>\n<ol start=\"3\">\n<li><b>Y\u00eau c\u1ea7u c\u00f4ng vi\u1ec7c<\/b><\/li>\n<\/ol>\n<ul>\n<li>\u01afu ti\u00ean \u1ee9ng vi\u00ean c\u00f3 kinh nghi\u1ec7m t\u1ea1i v\u1ecb tr\u00ed t\u01b0\u01a1ng t\u1ef1.<\/li>\n<li>C\u00f3 tr\u00e1ch nhi\u1ec7m, n\u0103ng \u0111\u1ed9ng, s\u00e1ng t\u1ea1o, nhi\u1ec7t huy\u1ebft trong c\u00f4ng vi\u1ec7c.<\/li>\n<li>K\u1ef9 n\u0103ng giao ti\u1ebfp, x\u1eed l\u00fd t\u00ecnh hu\u1ed1ng t\u1ed1t.<\/li>\n<li>Ngo\u1ea1i h\u00ecnh \u01b0a nh\u00ecn.<\/li>\n<li>Gi\u1ecdng n\u00f3i d\u1ec5 nghe.<\/li>\n<li>Th\u1eddi gian l\u00e0m vi\u1ec7c:\u00a0t\u1eeb 8h &#8211; 17h30 Tu\u1ea7n\u00a0ngh\u1ec9\u00a01 ng\u00e0y ch\u1ee7 nh\u00e2t ho\u1eb7c t\u1ef1 ch\u1ecdn.<\/li>\n<\/ul>\n<ol start=\"4\">\n<li><b>H\u00ecnh th\u1ee9c l\u00e0m vi\u1ec7c: Nh\u00e2n vi\u00ean ch\u00ednh th\u1ee9c:<\/b><\/li>\n<\/ol>\n<ol start=\"3\">\n<li><b>NH\u00c2N VI\u00caN KINH DOANH N\u1ed8I TH\u1ea4T \u2013 THI\u1ebeT B\u1eca NH\u00c0 B\u1ebeP<\/b>.<\/li>\n<li><b>Quy\u1ec1n l\u1ee3i<\/b><\/li>\n<\/ol>\n<ul>\n<li>L\u01b0\u01a1ng c\u01a1 b\u1ea3n<b><i>: 7.000.000 \u0111\u1ed3ng &#8211;\u00a0 9.000.000 \u0111\u1ed3ng<\/i><\/b>\u00a0+ th\u01b0\u1edfng cao + hoa h\u1ed3ng. Thu nh\u1eadp t\u1eeb\u00a0<b><i>8.000.000 \u0111\u1ed3ng &#8211;\u00a0 15.000.000\u0111\u1ed3ng.\u00a0<\/i><\/b>T\u0103ng\u00a0d\u1ea7n theo n\u0103ng l\u1ef1c v\u00e0 th\u00e2m ni\u00ean l\u00e0m vi\u1ec7c.<\/li>\n<\/ul>\n<ul>\n<li>\u0110\u01b0\u1ee3c tham gia BHXH, BHYT theo quy \u0111\u1ecbnh v\u00e0 ch\u1ebf \u0111\u1ed9 th\u01b0\u1edfng c\u1ee7a c\u00f4ng ty.<\/li>\n<li>L\u00e0m vi\u1ec7c trong m\u00f4i tr\u01b0\u1eddng l\u00e0m vi\u1ec7c n\u0103ng \u0111\u1ed9ng v\u00e0 chuy\u00ean nghi\u1ec7p. Th\u1ecfa s\u1ee9c kh\u00e1m ph\u00e1 n\u0103ng l\u1ef1c b\u1ea3n th\u00e2n th\u00f4ng qua h\u01b0\u1edbng d\u1eabn t\u1eadn t\u00ecnh, n\u00e2ng cao ki\u1ebfn th\u1ee9c v\u00e0 t\u01b0 duy.<\/li>\n<\/ul>\n<p>M\u00f4i tr\u01b0\u1eddng l\u00e0m vi\u1ec7c: n\u0103ng \u0111\u1ed9ng, \u0111\u1ecbnh h\u01b0\u1edbng ph\u00e1t tri\u1ec3n v\u1edbi h\u1ec7 th\u00f4ng cty<\/p>\n<ol start=\"3\">\n<li><b>M\u00f4 t\u1ea3 c\u00f4ng vi\u1ec7c<\/b>\n<ul>\n<li>T\u00ecm ki\u1ebfm kh\u00e1ch h\u00e0ng c\u00f3 nhu c\u1ea7u t\u00ecm mua c\u00e1c n\u1ed9i th\u1ea5t &#8211; thi\u1ebft b\u1ecb nh\u00e0 b\u1ebfp, thi\u1ebft b\u1ecb gia d\u1ee5ng \u0111i\u1ec7n m\u00e1y.<\/li>\n<li>Gi\u1edbi thi\u1ec7u, t\u01b0 v\u1ea5n v\u00e0 thuy\u1ebft ph\u1ee5c kh\u00e1ch h\u00e0ng s\u1eed d\u1ee5ng s\u1ea3n ph\u1ea9m v\u00e0 d\u1ecbch v\u1ee5 c\u1ee7a c\u00f4ng ty ph\u00e2n ph\u1ed1i.<\/li>\n<li>Ph\u1ed1i h\u1ee3p v\u1edbi Marketing qu\u1ea3ng b\u00e1 c\u00e1c s\u1ea3n ph\u1ea9m tr\u00ean c\u00e1c n\u1ec1n t\u1ea3ng m\u1ea1ng x\u00e3 h\u1ed9i.Theo d\u00f5i c\u00e1c \u0111\u01a1n h\u00e0ng v\u00e0 ch\u0103m s\u00f3c kh\u00e1ch h\u00e0ng tr\u01b0\u1edbc v\u00e0 sau qu\u00e1 tr\u00ecnh di\u1ec5n ra b\u00e1n hang.<\/li>\n<li>Ph\u00e1t tri\u1ec3n th\u01b0\u01a1ng hi\u1ec7u c\u00e1 nh\u00e2n song h\u00e0nh v\u1edbi th\u01b0\u01a1ng hi\u1ec7u c\u00f4ng ty, c\u00f9ng\u00a0x\u00e2y d\u1ef1ng, vi\u1ebft n\u1ed9i dung, m\u00f4 t\u1ea3 s\u1ea3n ph\u1ea9m\u00a0ph\u1ee5c v\u1ee5 cho vi\u1ec7c t\u01b0 v\u1ea5n, ch\u0103m s\u00f3c kh\u00e1ch h\u00e0ng qua \u0111i\u1ec7n tho\u1ea1i, c\u00e1c m\u1ea1ng x\u00e3 h\u1ed9i (Facebook, Zalo,&#8230;).<\/li>\n<li>Th\u1ef1c hi\u1ec7n c\u00e1c c\u00f4ng vi\u1ec7c kh\u00e1c do Gi\u00e1m \u0110\u1ed1c ph\u00e2n c\u00f4ng.<\/li>\n<\/ul>\n<\/li>\n<\/ol>\n<ol start=\"4\">\n<li><b>Y\u00eau c\u1ea7u c\u00f4ng vi\u1ec7c<\/b><\/li>\n<\/ol>\n<ul>\n<li>\u01afu ti\u00ean \u1ee9ng vi\u00ean c\u00f3 kinh nghi\u1ec7m t\u1ea1i v\u1ecb tr\u00ed t\u01b0\u01a1ng t\u1ef1.<\/li>\n<li>C\u00f3 kinh nghi\u1ec7m kinh doanh n\u1ed9i th\u1ea5t, gia d\u1ee5ng \u0111i\u1ec7n m\u00e1y, b\u1ea5t \u0111\u00f4ng s\u1ea3n (n\u1ebfu ch\u01b0a c\u00f3 kinh nghi\u1ec7m s\u1ebd \u0111\u01b0\u1ee3c \u0111\u00e0o t\u1ea1o)<\/li>\n<li>C\u00f3 tr\u00e1ch nhi\u1ec7m, n\u0103ng \u0111\u1ed9ng, s\u00e1ng t\u1ea1o, nhi\u1ec7t huy\u1ebft trong c\u00f4ng vi\u1ec7c.<\/li>\n<li>T\u1ef1 tin ph\u00e1t tri\u1ec3n th\u01b0\u01a1ng hi\u1ec7u c\u00e1c nh\u00e2n,\u00a0th\u00edch tham gia ho\u1ea1t \u0111\u1ed9ng m\u1ea1ng x\u00e3 h\u1ed9i \u0111\u1ec3 qu\u1ea3ng b\u00e1 \u0111\u1ebfn kh\u00e1ch h\u00e0ng t\u00ecm n\u0103ng.<\/li>\n<li>K\u1ef9 n\u0103ng giao ti\u1ebfp, x\u1eed l\u00fd t\u00ecnh hu\u1ed1ng t\u1ed1t.<\/li>\n<li>Ngo\u1ea1i h\u00ecnh \u01b0a nh\u00ecn.<\/li>\n<li>Gi\u1ecdng n\u00f3i d\u1ec5 nghe.<\/li>\n<li>Th\u1eddi gian l\u00e0m vi\u1ec7c:\u00a0t\u1eeb 8h &#8211; 17h30 Tu\u1ea7n\u00a0ngh\u1ec9\u00a01 ng\u00e0y ch\u1ee7 nh\u00e2t ho\u1eb7c t\u1ef1 ch\u1ecdn.<\/li>\n<\/ul>\n<ol start=\"4\">\n<li><b>NH\u00c2N VI\u00caN K\u1ef8 THU\u1eacT GIAO L\u1eaeP THI\u1ebeT B\u1eca :<\/b><\/li>\n<\/ol>\n<p><b>Quy\u1ec1n l\u1ee3i :<\/b><\/p>\n<ul>\n<li>KH\u00d4NG C\u1ea6N TAY NGH\u1ec0 CH\u1ec8 C\u1ea6N C\u00d3 S\u1ede TH\u00cdCH (\u0110\u01b0\u1ee3c \u0111\u00e0o t\u1ea1o ngh\u1ec1)<\/li>\n<li>L\u01b0\u01a1ng thu nh\u1eadp t\u1eeb\u00a0<strong>7.000.000 \u0111\u1ed3ng<\/strong>\u00a0\u2013\u00a0<strong>9.000.000 \u0111\u1ed3ng<\/strong>\u00a0+ hoa h\u1ed3ng + th\u01b0\u1edfng cao. Sau th\u1eddi gian th\u1eed vi\u1ec7c thu\u00a0nh\u1eadp \u1ed5n \u0111\u1ecbnh t\u1eeb\u00a0<b><i>8.000.000 \u0111\u1ed3ng &#8211;\u00a0 15.000.000\u0111\u1ed3ng. T<\/i><\/b>\u0103ng\u00a0d\u1ea7n theo n\u0103ng l\u1ef1c v\u00e0 th\u00e2m ni\u00ean l\u00e0m vi\u1ec7c.<\/li>\n<li>C\u00f3 c\u01a1 h\u1ed9i th\u0103ng ti\u1ebfn v\u00e0 ph\u00e1t tri\u1ec3n s\u1ef1 nghi\u1ec7p trong t\u01b0\u01a1ng lai.<\/li>\n<li>\u0110\u01b0\u1ee3c tham gia BHXH, BHYT, BHTN theo quy \u0111\u1ecbnh c\u1ee7a Lu\u1eadt lao \u0111\u1ed9ng.<\/li>\n<li>M\u00f4i tr\u01b0\u1eddng l\u00e0m vi\u1ec7c tr\u1ebb trung v\u00e0 n\u0103ng \u0111\u1ed9ng; \u0111\u1ed1i t\u00e1c v\u1edbi c\u00e1c doanh nghi\u1ec7p l\u1edbn<\/li>\n<\/ul>\n<ol start=\"2\">\n<li><b>M\u00f4 t\u1ea3 c\u00f4ng vi\u1ec7c<\/b><\/li>\n<\/ol>\n<ul>\n<li>Tr\u1ef1c ti\u1ebfp th\u1ef1c hi\u1ec7n c\u00e1c c\u00f4ng vi\u1ec7c giao h\u00e0ng, l\u1eafp \u0111\u1eb7t, s\u1eeda ch\u1eefa, b\u1ea3o h\u00e0nh, b\u1ea3o tr\u00ec, h\u01b0\u1edbng d\u1eabn s\u1eed d\u1ee5ng.<\/li>\n<li>H\u1ed7 tr\u1ee3 tr\u01b0ng b\u00e0y qu\u1ea7y k\u1ec7, s\u1ea3n ph\u1ea9m t\u1ea1i showroom.<\/li>\n<li>H\u1ed7 tr\u1ee3 t\u01b0 v\u1ea5n, h\u01b0\u1edbng d\u1eabn kh\u00e1ch h\u00e0ng v\u1ec1 c\u00e1ch th\u1ee9c s\u1eed d\u1ee5ng s\u1ea3n ph\u1ea9m.<\/li>\n<li>Gi\u1ea3i quy\u1ebft c\u00e1c th\u00f4ng tin th\u1eafc m\u1eafc, khi\u1ebfu n\u1ea1i v\u1ec1 m\u1eb7t k\u1ef9 thu\u1eadt.<\/li>\n<\/ul>\n<ol start=\"3\">\n<li><b>Y\u00eau c\u1ea7u<\/b><\/li>\n<\/ol>\n<ul>\n<li>\u01afu ti\u00ean \u1ee9ng vi\u00ean c\u00f3 kinh nghi\u1ec7m t\u1ea1i v\u1ecb tr\u00ed t\u01b0\u01a1ng t\u1ef1<\/li>\n<li>C\u00f3 tinh th\u1ea7n tr\u00e1ch nhi\u1ec7m trong c\u00f4ng vi\u1ec7c<\/li>\n<li>Gi\u1ecdng n\u00f3i r\u00f5 r\u00e0ng v\u00e0 d\u1ec5 nghe.<\/li>\n<\/ul>\n<ol start=\"4\">\n<li><b>H\u00ecnh th\u1ee9c l\u00e0m vi\u1ec7c: Nh\u00e2n vi\u00ean ch\u00ednh th\u1ee9c<\/b><\/li>\n<\/ol>\n<p>Th\u1eddi gian l\u00e0m vi\u1ec7c:\u00a0t\u1eeb 8h &#8211; 18h0 h\u00e0ng ng\u00e0y t\u1eeb th\u1ee9 2 \u0111\u1ebfn th\u1ee9 7,\u00a0th\u00e1ng tr\u1ef1c 1 &#8211;\u00a02\u00a0ng\u00e0y ch\u1ee7 nh\u1eadt.<\/p>\n<p>\u0110\u1ecba ch\u1ec9 l\u00e0m vi\u1ec7c: Showroom: 215 \u00c2u C\u01a1, Ph\u01b0\u1eddng 05, Qu\u1eadn 11 TP. H\u1ed3 Ch\u00ed Minh<\/p>\n<p>&nbsp;<\/p>\n<p><b>V.\u00a0<\/b><b>Th\u1ef1c t\u1eadp sinh Marketing Kinh doanh online<\/b><\/p>\n<ol>\n<li><b>Quy\u1ec1n l\u1ee3i<\/b><\/li>\n<\/ol>\n<ul>\n<li>L\u01b0\u01a1ng c\u01a1 b\u1ea3n<b><i>: 3.000.000 \u0111\u1ed3ng &#8211;\u00a0 5.000.000 \u0111\u1ed3ng<\/i><\/b>\u00a0+\u00a0&#8230;<\/li>\n<li>L\u00e0m vi\u1ec7c trong m\u00f4i tr\u01b0\u1eddng l\u00e0m vi\u1ec7c n\u0103ng \u0111\u1ed9ng v\u00e0 chuy\u00ean nghi\u1ec7p. Th\u1ecfa s\u1ee9c kh\u00e1m ph\u00e1 n\u0103ng l\u1ef1c b\u1ea3n th\u00e2n th\u00f4ng qua h\u01b0\u1edbng d\u1eabn t\u1eadn t\u00ecnh, n\u00e2ng cao ki\u1ebfn th\u1ee9c v\u00e0 t\u01b0 duy.<\/li>\n<li>C\u01a1 h\u1ed9i th\u0103ng ti\u1ebfn trong t\u01b0\u01a1ng lai.<\/li>\n<\/ul>\n<ol start=\"2\">\n<li><b>M\u00f4 t\u1ea3 c\u00f4ng vi\u1ec7c<\/b><\/li>\n<\/ol>\n<ul>\n<li>H\u1ed7 tr\u1ee3 x\u00e2y d\u1ef1ng v\u00e0 tri\u1ec3n khai k\u1ebf ho\u1ea1ch marketing, k\u1ebf ho\u1ea1ch PR th\u01b0\u01a1ng hi\u1ec7u.<\/li>\n<li>Ch\u0103m s\u00f3c, ph\u00e1t tri\u1ec3n n\u1ed9i dung website:\n<ul>\n<li>Thi\u1ebft k\u1ebf h\u00ecnh \u1ea3nh c\u01a1 b\u1ea3n, vi\u1ebft b\u00e0i v\u00e0 c\u1eadp nh\u1eadt c\u00e1c ch\u01b0\u01a1ng tr\u00ecnh c\u1ee7a c\u1eeda h\u00e0ng (tin t\u1ee9c, khuy\u1ebfn m\u00e3i\u2026).<\/li>\n<li>\u0110\u0103ng v\u00e0 t\u1ed1i \u01b0u s\u1ea3n ph\u1ea9m.<\/li>\n<\/ul>\n<\/li>\n<li>Tri\u1ec3n khai c\u00e1c chi\u1ebfn d\u1ecbch Digital Marketing v\u00e0 qu\u1ea3ng b\u00e1 s\u1ea3n ph\u1ea9m theo k\u1ebf ho\u1ea1ch.<\/li>\n<li>H\u1ed7 tr\u1ee3 c\u00e1c ho\u1ea1t \u0111\u1ed9ng s\u1ef1 ki\u1ec7n v\u1ec1 marketing.<\/li>\n<li>Qu\u1ea3n l\u00fd c\u00e1c s\u00e0n th\u01b0\u01a1ng m\u1ea1i \u0111i\u1ec7n t\u1eed (Tiki, Lazada, Shopee,&#8230;) v\u00e0 c\u00e1c trang m\u1ea1ng x\u00e3 h\u1ed9i (Fanpage, Zalo OA, Google My Business, youtube, Tiktok&#8230;).<\/li>\n<\/ul>\n<ol start=\"3\">\n<li><b>\u00a0Y\u00eau c\u1ea7u c\u00f4ng vi\u1ec7c<\/b><\/li>\n<\/ol>\n<ul>\n<li>Bi\u1ebft s\u1eed d\u1ee5ng c\u00e1c ph\u1ea7n m\u1ec1m v\u0103n ph\u00f2ng Microsoft Office v\u00e0 thi\u1ebft k\u1ebf \u0111\u1ed3 h\u1ecda (Photoshop, AI) c\u01a1 b\u1ea3n.<\/li>\n<li>Th\u00edch\u00a0c\u00e1c trang TMDT, ch\u0103m s\u00f3c fanpage<\/li>\n<li>C\u00f3 tr\u00e1ch nhi\u1ec7m, n\u0103ng \u0111\u1ed9ng, s\u00e1ng t\u1ea1o v\u00e0 nhi\u1ec7t huy\u1ebft trong c\u00f4ng vi\u1ec7c.<\/li>\n<\/ul>\n<ol start=\"4\">\n<li><b>H\u00ecnh th\u1ee9c l\u00e0m vi\u1ec7c:\u00a0Nh\u00e2n vi\u00ean th\u1ef1c t\u1eadp<\/b><\/li>\n<\/ol>\n<p>Th\u1eddi gian l\u00e0m vi\u1ec7c:\u00a0t\u1eeb 8h &#8211; 17h30 Tu\u1ea7n ngh\u1ec9 1 ng\u00e0y ch\u1ee7 nh\u1eadt (ho\u1eb7c theo tho\u1ea3n thu\u1eadn).<\/p>\n<p>M\u1ecdi chi ti\u1ebft li\u00ean h\u1ec7 xin vui l\u00f2ng li\u00ean h\u1ec7 \u0111\u1ebfn anh Duy theo s\u1ed1 li\u00ean l\u1ea1c sau:\u00a0<strong>028.66.79.8989 &#8211; 0933.800.899 (Zalo)<\/strong>\u00a0 ho\u1eb7c \u0111i\u1ec1n th\u00f4ng tin \u1ee8ng vi\u00ean v\u00e0o bi\u1ec3u m\u1eabu\u00a0<b><i>\u0110\u0103ng k\u00fd \u1ee9ng tuy\u1ec3n<\/i><i>.<\/i><\/b>\u00a0Ch\u00fang t\u00f4i s\u1ebd li\u00ean h\u1ec7 l\u1ea1i v\u1edbi c\u00e1c \u1ee9ng vi\u00ean ph\u00f9 h\u1ee3p.<\/p>\n","protected":false},"excerpt":{"rendered":"<p>C\u00f4ng ty TNHH Home Best Vi\u1ec7t Nam \u0111\u00e3 c\u00f3 nhi\u1ec1u n\u0103m kinh nghi\u1ec7m trong l\u0129nh v\u1ef1c n\u1ed9i th\u1ea5t, \u0111i\u1ec7n gia d\u1ee5ng t\u1ea1i mi\u1ec1n Nam. Home Best lu\u00f4n t\u1ef1 h\u00e0o l\u00e0 \u0111\u01a1n v\u1ecb cung c\u1ea5p ngu\u1ed3n h\u00e0ng r\u00f5 r\u00e0ng minh b\u1ea1ch, gi\u00e1 c\u1ea3 h\u1ee3p l\u00fd, \u0111\u1eb7c bi\u1ec7t d\u1ecbch v\u1ee5 l\u1eafp \u0111\u1eb7t, s\u1eeda ch\u1eefa t\u1ed1t nh\u1ea5t lu\u00f4n&#8230;<\/p>\n","protected":false},"author":1,"featured_media":0,"parent":0,"menu_order":0,"comment_status":"closed","ping_status":"closed","template":"page-blank-title-center.php","meta":{"footnotes":""},"class_list":["post-130","page","type-page","status-publish","hentry"],"_links":{"self":[{"href":"https:\/\/store3.k-tech-services.com\/nhabep82\/wp-json\/wp\/v2\/pages\/130","targetHints":{"allow":["GET"]}}],"collection":[{"href":"https:\/\/store3.k-tech-services.com\/nhabep82\/wp-json\/wp\/v2\/pages"}],"about":[{"href":"https:\/\/store3.k-tech-services.com\/nhabep82\/wp-json\/wp\/v2\/types\/page"}],"author":[{"embeddable":true,"href":"https:\/\/store3.k-tech-services.com\/nhabep82\/wp-json\/wp\/v2\/users\/1"}],"replies":[{"embeddable":true,"href":"https:\/\/store3.k-tech-services.com\/nhabep82\/wp-json\/wp\/v2\/comments?post=130"}],"version-history":[{"count":3,"href":"https:\/\/store3.k-tech-services.com\/nhabep82\/wp-json\/wp\/v2\/pages\/130\/revisions"}],"predecessor-version":[{"id":344,"href":"https:\/\/store3.k-tech-services.com\/nhabep82\/wp-json\/wp\/v2\/pages\/130\/revisions\/344"}],"wp:attachment":[{"href":"https:\/\/store3.k-tech-services.com\/nhabep82\/wp-json\/wp\/v2\/media?parent=130"}],"curies":[{"name":"wp","href":"https:\/\/api.w.org\/{rel}","templated":true}]}}