{"id":202,"date":"2025-04-24T10:02:06","date_gmt":"2025-04-24T10:02:06","guid":{"rendered":"http:\/\/localhost:8888\/wp-lb-global-176\/?page_id=202"},"modified":"2025-04-26T03:50:26","modified_gmt":"2025-04-26T03:50:26","slug":"su-kien","status":"publish","type":"page","link":"https:\/\/store3.k-tech-services.com\/info176\/su-kien\/","title":{"rendered":"S\u1ef1 ki\u1ec7n"},"content":{"rendered":"\r\n\t<section class=\"section section_news_page\" id=\"section_98923194\">\r\n\t\t<div class=\"section-bg fill\" >\r\n\t\t\t\t\t\t\t\t\t\r\n\t\t\t\r\n\r\n\t\t<\/div>\r\n\r\n\t\t\r\n\r\n\t\t<div class=\"section-content relative\">\r\n\t\t\t\n<div class=\"row\"  id=\"row-521367952\">\n\r\n\t<div id=\"col-1815758975\" class=\"col small-12 large-12\"  >\r\n\t\t\t\t<div class=\"col-inner\"  >\r\n\t\t\t\r\n\t\t\t\n  <div id=\"page-header-465690517\" class=\"page-header-wrapper\">\r\n  <div class=\"page-title dark featured-title\">\r\n\r\n    \r\n    <div class=\"page-title-inner container align-center flex-row medium-flex-wrap row-reverse\" >\r\n            <div class=\"title-content flex-col flex-left text-left medium-text-center\">\r\n        <div class=\"title-breadcrumbs pb-half pt-half\"><nav class=\"woocommerce-breadcrumb breadcrumbs \">Trang ch\u1ee7<\/nav><\/div>      <\/div>\r\n    <\/div>\r\n\r\n       <\/div>\r\n    <\/div>\r\n  \n\t\t<\/div>\r\n\t\t\t\t\t<\/div>\r\n\r\n\t\n\r\n\t<div id=\"col-585841671\" class=\"col custom_border small-12 large-12\"  >\r\n\t\t\t\t<div class=\"col-inner\"  >\r\n\t\t\t\r\n\t\t\t\n\t\t<div id=\"ux-relay-2475682506\" class=\"ux-relay ux-relay--pagination\" data-flatsome-relay=\"{&quot;postType&quot;:&quot;post&quot;,&quot;tag&quot;:&quot;blog_posts&quot;,&quot;atts&quot;:{&quot;style&quot;:&quot;normal&quot;,&quot;type&quot;:&quot;row&quot;,&quot;columns&quot;:&quot;2&quot;,&quot;columns__md&quot;:&quot;1&quot;,&quot;relay&quot;:&quot;pagination&quot;,&quot;posts&quot;:&quot;2&quot;,&quot;show_date&quot;:&quot;text&quot;,&quot;image_height&quot;:&quot;75%&quot;,&quot;image_size&quot;:&quot;original&quot;,&quot;image_hover&quot;:&quot;zoom&quot;},&quot;currentPage&quot;:&quot;1&quot;,&quot;totalPages&quot;:2,&quot;totalPosts&quot;:3,&quot;postCount&quot;:2}\" >\r\n\t\t\r\n  \r\n    <div class=\"row large-columns-2 medium-columns-1 small-columns-1\" >\r\n  <div class=\"col post-item\" >\r\n\t\t\t<div class=\"col-inner\">\r\n\t\t\t\t<div class=\"box box-normal box-text-bottom box-blog-post has-hover\">\r\n            \t\t\t\t\t<div class=\"box-image\" >\r\n  \t\t\t\t\t\t<div class=\"image-zoom image-cover\" style=\"padding-top:75%;\">\r\n\t\t\t\t\t\t\t<a href=\"https:\/\/store3.k-tech-services.com\/info176\/thong-bao-thay-doi-kem-chong-nang-sun-cream-thanh-phien-ban-nang-cap-mild-sun-cream-kem-chong-nang-hieu-chinh-sac-to\/\" class=\"plain\" aria-label=\"[TH\u00d4NG B\u00c1O] THAY \u0110\u1ed4I KEM CH\u1ed0NG N\u1eaeNG SUN CREAM TH\u00c0NH PHI\u00caN B\u1ea2N N\u00c2NG C\u1ea4P MILD SUN CREAM &#8211; KEM CH\u1ed0NG N\u1eaeNG HI\u1ec6U CH\u1ec8NH S\u1eaeC T\u1ed0\">\r\n\t\t\t\t\t\t\t\t<img loading=\"lazy\" decoding=\"async\" width=\"600\" height=\"600\" src=\"https:\/\/store3.k-tech-services.com\/info176\/wp-content\/uploads\/2025\/04\/50e591a34cf5f1aba8e4_c3a12f273d4a4eaaa9483b7536b57f50_grande.webp\" class=\"attachment-original size-original wp-post-image\" alt=\"\" srcset=\"https:\/\/store3.k-tech-services.com\/info176\/wp-content\/uploads\/2025\/04\/50e591a34cf5f1aba8e4_c3a12f273d4a4eaaa9483b7536b57f50_grande.webp 600w, https:\/\/store3.k-tech-services.com\/info176\/wp-content\/uploads\/2025\/04\/50e591a34cf5f1aba8e4_c3a12f273d4a4eaaa9483b7536b57f50_grande-300x300.webp 300w, https:\/\/store3.k-tech-services.com\/info176\/wp-content\/uploads\/2025\/04\/50e591a34cf5f1aba8e4_c3a12f273d4a4eaaa9483b7536b57f50_grande-150x150.webp 150w, https:\/\/store3.k-tech-services.com\/info176\/wp-content\/uploads\/2025\/04\/50e591a34cf5f1aba8e4_c3a12f273d4a4eaaa9483b7536b57f50_grande-510x510.webp 510w, https:\/\/store3.k-tech-services.com\/info176\/wp-content\/uploads\/2025\/04\/50e591a34cf5f1aba8e4_c3a12f273d4a4eaaa9483b7536b57f50_grande-100x100.webp 100w\" sizes=\"auto, (max-width: 600px) 100vw, 600px\" \/>\t\t\t\t\t\t\t<\/a>\r\n  \t\t\t\t\t\t\t  \t\t\t\t\t\t\t  \t\t\t\t\t\t<\/div>\r\n  \t\t\t\t\t\t  \t\t\t\t\t<\/div>\r\n          \t\t\t\t\t<div class=\"box-text text-center\" >\r\n\t\t\t\t\t<div class=\"box-text-inner blog-post-inner\">\r\n\r\n\t\t\t\t\t\r\n\t\t\t\t\t\t\t\t\t\t<h5 class=\"post-title is-large \">\r\n\t\t\t\t\t\t<a href=\"https:\/\/store3.k-tech-services.com\/info176\/thong-bao-thay-doi-kem-chong-nang-sun-cream-thanh-phien-ban-nang-cap-mild-sun-cream-kem-chong-nang-hieu-chinh-sac-to\/\" class=\"plain\">[TH\u00d4NG B\u00c1O] THAY \u0110\u1ed4I KEM CH\u1ed0NG N\u1eaeNG SUN CREAM TH\u00c0NH PHI\u00caN B\u1ea2N N\u00c2NG C\u1ea4P MILD SUN CREAM &#8211; KEM CH\u1ed0NG N\u1eaeNG HI\u1ec6U CH\u1ec8NH S\u1eaeC T\u1ed0<\/a>\r\n\t\t\t\t\t<\/h5>\r\n\t\t\t\t\t<div class=\"post-meta is-small op-8\">24 Th\u00e1ng 4, 2025<\/div>\t\t\t\t\t<div class=\"is-divider\"><\/div>\r\n\t\t\t\t\t\t\t\t\t\t<p class=\"from_the_blog_excerpt \">\r\n\t\t\t\t\t\tAhohwa th\u00f4ng b\u00e1o thay \u0111\u1ed5i kem ch\u1ed1ng n\u1eafng Sun Cream th\u00e0nh Mild Sun Cream &#8211;...\t\t\t\t\t<\/p>\r\n\t\t\t\t\t                    \r\n\t\t\t\t\t\r\n\t\t\t\t\t\r\n\t\t\t\t\t<\/div>\r\n\t\t\t\t\t<\/div>\r\n\t\t\t\t\t\t\t\t\t<\/div>\r\n\t\t\t<\/div>\r\n\t\t<\/div><div class=\"col post-item\" >\r\n\t\t\t<div class=\"col-inner\">\r\n\t\t\t\t<div class=\"box box-normal box-text-bottom box-blog-post has-hover\">\r\n            \t\t\t\t\t<div class=\"box-image\" >\r\n  \t\t\t\t\t\t<div class=\"image-zoom image-cover\" style=\"padding-top:75%;\">\r\n\t\t\t\t\t\t\t<a href=\"https:\/\/store3.k-tech-services.com\/info176\/duoc-my-pham-sinh-hoc-ahohwa-thuong-hieu-my-pham-tham-my-chuyen-nghiep-danh-cho-spa-clinic-tmv\/\" class=\"plain\" aria-label=\"D\u01af\u1ee2C M\u1ef8 PH\u1ea8M SINH H\u1eccC AHOHWA &#8211; TH\u01af\u01a0NG HI\u1ec6U M\u1ef8 PH\u1ea8M TH\u1ea8M M\u1ef8 CHUY\u00caN NGHI\u1ec6P D\u00c0NH CHO SPA &#8211; CLINIC &#8211; TMV\">\r\n\t\t\t\t\t\t\t\t<img loading=\"lazy\" decoding=\"async\" width=\"600\" height=\"400\" src=\"https:\/\/store3.k-tech-services.com\/info176\/wp-content\/uploads\/2025\/04\/fcb2e09a4bc1e89fb1d0_567e352944484ca9b7bae4249d4a3968_grande.webp\" class=\"attachment-original size-original wp-post-image\" alt=\"\" srcset=\"https:\/\/store3.k-tech-services.com\/info176\/wp-content\/uploads\/2025\/04\/fcb2e09a4bc1e89fb1d0_567e352944484ca9b7bae4249d4a3968_grande.webp 600w, https:\/\/store3.k-tech-services.com\/info176\/wp-content\/uploads\/2025\/04\/fcb2e09a4bc1e89fb1d0_567e352944484ca9b7bae4249d4a3968_grande-300x200.webp 300w, https:\/\/store3.k-tech-services.com\/info176\/wp-content\/uploads\/2025\/04\/fcb2e09a4bc1e89fb1d0_567e352944484ca9b7bae4249d4a3968_grande-510x340.webp 510w\" sizes=\"auto, (max-width: 600px) 100vw, 600px\" \/>\t\t\t\t\t\t\t<\/a>\r\n  \t\t\t\t\t\t\t  \t\t\t\t\t\t\t  \t\t\t\t\t\t<\/div>\r\n  \t\t\t\t\t\t  \t\t\t\t\t<\/div>\r\n          \t\t\t\t\t<div class=\"box-text text-center\" >\r\n\t\t\t\t\t<div class=\"box-text-inner blog-post-inner\">\r\n\r\n\t\t\t\t\t\r\n\t\t\t\t\t\t\t\t\t\t<h5 class=\"post-title is-large \">\r\n\t\t\t\t\t\t<a href=\"https:\/\/store3.k-tech-services.com\/info176\/duoc-my-pham-sinh-hoc-ahohwa-thuong-hieu-my-pham-tham-my-chuyen-nghiep-danh-cho-spa-clinic-tmv\/\" class=\"plain\">D\u01af\u1ee2C M\u1ef8 PH\u1ea8M SINH H\u1eccC AHOHWA &#8211; TH\u01af\u01a0NG HI\u1ec6U M\u1ef8 PH\u1ea8M TH\u1ea8M M\u1ef8 CHUY\u00caN NGHI\u1ec6P D\u00c0NH CHO SPA &#8211; CLINIC &#8211; TMV<\/a>\r\n\t\t\t\t\t<\/h5>\r\n\t\t\t\t\t<div class=\"post-meta is-small op-8\">24 Th\u00e1ng 4, 2025<\/div>\t\t\t\t\t<div class=\"is-divider\"><\/div>\r\n\t\t\t\t\t\t\t\t\t\t<p class=\"from_the_blog_excerpt \">\r\n\t\t\t\t\t\t1. Gi\u1edbi thi\u1ec7u v\u1ec1 th\u01b0\u01a1ng hi\u1ec7u D\u01b0\u1ee3c m\u1ef9 ph\u1ea9m sinh h\u1ecdc Ahohwa &amp; h\u1ec7 sinh...\t\t\t\t\t<\/p>\r\n\t\t\t\t\t                    \r\n\t\t\t\t\t\r\n\t\t\t\t\t\r\n\t\t\t\t\t<\/div>\r\n\t\t\t\t\t<\/div>\r\n\t\t\t\t\t\t\t\t\t<\/div>\r\n\t\t\t<\/div>\r\n\t\t<\/div><\/div>\t\t<div class=\"ux-relay__control ux-relay__control--bottom container pb-half text-center\">\r\n\t\t\t<ul class=\"ux-relay__pagination page-numbers nav-pagination links\"><li><span aria-current=\"page\" class=\"page-number current\">1<\/span><\/li><li><a class=\"page-number\" href=\"#\/page\/2\">2<\/a><\/li><li><a aria-label=\"Ti\u1ebfp theo\" class=\"next page-number\" href=\"#\/page\/2\"><i class=\"icon-angle-right\" ><\/i><\/a><\/li><\/ul>\t\t<\/div>\r\n\t\t\t\t<\/div>\r\n\t\t\n\t\t<\/div>\r\n\t\t\t\t\t<\/div>\r\n\r\n\t\n<\/div>\n\t\t<\/div>\r\n\r\n\t\t\n<style>\n#section_98923194 {\n  padding-top: 0px;\n  padding-bottom: 0px;\n}\n<\/style>\n\t<\/section>\r\n\t\n","protected":false},"excerpt":{"rendered":"","protected":false},"author":1,"featured_media":0,"parent":0,"menu_order":0,"comment_status":"closed","ping_status":"closed","template":"page-blank.php","meta":{"_acf_changed":false,"footnotes":""},"class_list":["post-202","page","type-page","status-publish","hentry"],"acf":[],"_links":{"self":[{"href":"https:\/\/store3.k-tech-services.com\/info176\/wp-json\/wp\/v2\/pages\/202","targetHints":{"allow":["GET"]}}],"collection":[{"href":"https:\/\/store3.k-tech-services.com\/info176\/wp-json\/wp\/v2\/pages"}],"about":[{"href":"https:\/\/store3.k-tech-services.com\/info176\/wp-json\/wp\/v2\/types\/page"}],"author":[{"embeddable":true,"href":"https:\/\/store3.k-tech-services.com\/info176\/wp-json\/wp\/v2\/users\/1"}],"replies":[{"embeddable":true,"href":"https:\/\/store3.k-tech-services.com\/info176\/wp-json\/wp\/v2\/comments?post=202"}],"version-history":[{"count":6,"href":"https:\/\/store3.k-tech-services.com\/info176\/wp-json\/wp\/v2\/pages\/202\/revisions"}],"predecessor-version":[{"id":378,"href":"https:\/\/store3.k-tech-services.com\/info176\/wp-json\/wp\/v2\/pages\/202\/revisions\/378"}],"wp:attachment":[{"href":"https:\/\/store3.k-tech-services.com\/info176\/wp-json\/wp\/v2\/media?parent=202"}],"curies":[{"name":"wp","href":"https:\/\/api.w.org\/{rel}","templated":true}]}}