{"id":52,"date":"2025-04-12T14:55:03","date_gmt":"2025-04-12T14:55:03","guid":{"rendered":"http:\/\/localhost:8888\/wp-nangluong\/?page_id=52"},"modified":"2025-04-15T11:05:38","modified_gmt":"2025-04-15T11:05:38","slug":"tin-tuc","status":"publish","type":"page","link":"https:\/\/store3.k-tech-services.com\/info125\/tin-tuc\/","title":{"rendered":"Tin T\u1ee9c"},"content":{"rendered":"\n\t<section class=\"section\" id=\"section_1137514279\">\n\t\t<div class=\"section-bg fill\" >\n\t\t\t\t\t\t\t\t\t\n\t\t\t\n\n\t\t<\/div>\n\n\t\t\n\n\t\t<div class=\"section-content relative\">\n\t\t\t\n<div class=\"row row-collapse row-full-width\"  id=\"row-2021231793\">\n\n\t<div id=\"col-2002436654\" class=\"col small-12 large-12\"  >\n\t\t\t\t<div class=\"col-inner\"  >\n\t\t\t\n\t\t\t\n<div class=\"slider-wrapper relative\" id=\"slider-1615807672\" >\n    <div class=\"slider slider-nav-circle slider-nav-large slider-nav-light slider-style-normal\"\n        data-flickity-options='{\n            \"cellAlign\": \"center\",\n            \"imagesLoaded\": true,\n            \"lazyLoad\": 1,\n            \"freeScroll\": false,\n            \"wrapAround\": true,\n            \"autoPlay\": 6000,\n            \"pauseAutoPlayOnHover\" : true,\n            \"prevNextButtons\": true,\n            \"contain\" : true,\n            \"adaptiveHeight\" : true,\n            \"dragThreshold\" : 10,\n            \"percentPosition\": true,\n            \"pageDots\": true,\n            \"rightToLeft\": false,\n            \"draggable\": true,\n            \"selectedAttraction\": 0.1,\n            \"parallax\" : 0,\n            \"friction\": 0.6        }'\n        >\n        \n\n  <div class=\"banner has-hover\" id=\"banner-798336932\">\n          <div class=\"banner-inner fill\">\n        <div class=\"banner-bg fill\" >\n            <img loading=\"lazy\" decoding=\"async\" width=\"2481\" height=\"616\" src=\"https:\/\/store3.k-tech-services.com\/info125\/wp-content\/uploads\/2025\/04\/banner-09.png\" class=\"bg attachment-original size-original\" alt=\"\" \/>                        <div class=\"overlay\"><\/div>            \n                    <\/div>\n\t\t\n        <div class=\"banner-layers container\">\n            <div class=\"fill banner-link\"><\/div>            \n   <div id=\"text-box-1767983537\" class=\"text-box banner-layer x50 md-x50 lg-x50 y50 md-y35 lg-y35 res-text\">\n                                <div class=\"text-box-content text dark\">\n              \n              <div class=\"text-inner text-center\">\n                  \n\t<div id=\"text-3500623079\" class=\"text\">\n\t\t\n<p style=\"text-align: center;\"><span style=\"font-size: 100%;\"><b>KI\u1ebeN T\u1ea0O T\u01af\u01a0NG LAI XANH &#8211; K\u1ebeT N\u1ed0I TI\u00caU CHU\u1ea8N TO\u00c0N C\u1ea6U<\/b><\/span><\/p>\n\t\t\n<style>\n#text-3500623079 {\n  font-size: 1.25rem;\n  text-align: center;\n}\n@media (min-width:550px) {\n  #text-3500623079 {\n    font-size: 1.75rem;\n  }\n}\n<\/style>\n\t<\/div>\n\t\n              <\/div>\n           <\/div>\n                            \n<style>\n#text-box-1767983537 {\n  width: 85%;\n}\n#text-box-1767983537 .text-box-content {\n  font-size: 100%;\n}\n@media (min-width:550px) {\n  #text-box-1767983537 {\n    width: 60%;\n  }\n}\n<\/style>\n    <\/div>\n \n        <\/div>\n      <\/div>\n\n            \n<style>\n#banner-798336932 {\n  padding-top: 95%;\n}\n#banner-798336932 .overlay {\n  background-color: rgba(0, 0, 0, 0.308);\n}\n@media (min-width:550px) {\n  #banner-798336932 {\n    padding-top: 30%;\n  }\n}\n<\/style>\n  <\/div>\n\n\n\n  <div class=\"banner has-hover\" id=\"banner-156388523\">\n          <div class=\"banner-inner fill\">\n        <div class=\"banner-bg fill\" >\n            <img loading=\"lazy\" decoding=\"async\" width=\"2481\" height=\"616\" src=\"https:\/\/store3.k-tech-services.com\/info125\/wp-content\/uploads\/2025\/04\/banner-06.png\" class=\"bg attachment-original size-original\" alt=\"\" \/>                        <div class=\"overlay\"><\/div>            \n                    <\/div>\n\t\t\n        <div class=\"banner-layers container\">\n            <div class=\"fill banner-link\"><\/div>            \n   <div id=\"text-box-1412449621\" class=\"text-box banner-layer x50 md-x50 lg-x50 y50 md-y35 lg-y35 res-text\">\n                                <div class=\"text-box-content text dark\">\n              \n              <div class=\"text-inner text-center\">\n                  \n\t<div id=\"text-3484495066\" class=\"text\">\n\t\t\n<p style=\"text-align: center;\"><span style=\"font-size: 100%;\"><b>KI\u1ebeN T\u1ea0O T\u01af\u01a0NG LAI XANH &#8211; K\u1ebeT N\u1ed0I TI\u00caU CHU\u1ea8N TO\u00c0N C\u1ea6U<\/b><\/span><\/p>\n\t\t\n<style>\n#text-3484495066 {\n  font-size: 1.25rem;\n  text-align: center;\n}\n@media (min-width:550px) {\n  #text-3484495066 {\n    font-size: 1.75rem;\n  }\n}\n<\/style>\n\t<\/div>\n\t\n              <\/div>\n           <\/div>\n                            \n<style>\n#text-box-1412449621 {\n  width: 85%;\n}\n#text-box-1412449621 .text-box-content {\n  font-size: 100%;\n}\n@media (min-width:550px) {\n  #text-box-1412449621 {\n    width: 60%;\n  }\n}\n<\/style>\n    <\/div>\n \n        <\/div>\n      <\/div>\n\n            \n<style>\n#banner-156388523 {\n  padding-top: 95%;\n}\n#banner-156388523 .overlay {\n  background-color: rgba(0, 0, 0, 0.308);\n}\n@media (min-width:550px) {\n  #banner-156388523 {\n    padding-top: 30%;\n  }\n}\n<\/style>\n  <\/div>\n\n\n     <\/div>\n\n     <div class=\"loading-spin dark large centered\"><\/div>\n\n\t<\/div>\n\n\n\t\t<\/div>\n\t\t\t\t\t<\/div>\n\n\t\n<\/div>\n\t\t<\/div>\n\n\t\t\n<style>\n#section_1137514279 {\n  padding-top: 0px;\n  padding-bottom: 0px;\n}\n<\/style>\n\t<\/section>\n\t\n\n\t<section class=\"section\" id=\"section_486499819\">\n\t\t<div class=\"section-bg fill\" >\n\t\t\t\t\t\t\t\t\t\n\t\t\t\n\n\t\t<\/div>\n\n\t\t\n\n\t\t<div class=\"section-content relative\">\n\t\t\t\n<div class=\"row\"  id=\"row-2097158027\">\n\n\t<div id=\"col-677275082\" class=\"col small-12 large-12\"  >\n\t\t\t\t<div class=\"col-inner\"  >\n\t\t\t\n\t\t\t\n<div class=\"container section-title-container\" ><h1 class=\"section-title section-title-normal\"><b><\/b><span class=\"section-title-main\" >TIN T\u1ee8C H\u00d4M NAY<\/span><b><\/b><\/h1><\/div>\n\t\t<div id=\"ux-relay-809913835\" class=\"ux-relay ux-relay--pagination\" data-flatsome-relay=\"{&quot;postType&quot;:&quot;post&quot;,&quot;tag&quot;:&quot;blog_posts&quot;,&quot;atts&quot;:{&quot;style&quot;:&quot;normal&quot;,&quot;type&quot;:&quot;row&quot;,&quot;columns&quot;:&quot;3&quot;,&quot;columns__md&quot;:&quot;1&quot;,&quot;relay&quot;:&quot;pagination&quot;,&quot;cat&quot;:&quot;1&quot;,&quot;posts&quot;:&quot;6&quot;,&quot;show_date&quot;:&quot;text&quot;,&quot;image_height&quot;:&quot;75%&quot;,&quot;image_size&quot;:&quot;original&quot;,&quot;image_hover&quot;:&quot;zoom&quot;},&quot;currentPage&quot;:&quot;1&quot;,&quot;totalPages&quot;:2,&quot;totalPosts&quot;:8,&quot;postCount&quot;:6}\" >\n\t\t\n  \n    <div class=\"row large-columns-3 medium-columns-1 small-columns-1\" >\n  <div class=\"col post-item\" >\n\t\t\t<div class=\"col-inner\">\n\t\t\t\t<div class=\"box box-normal box-text-bottom box-blog-post has-hover\">\n            \t\t\t\t\t<div class=\"box-image\" >\n  \t\t\t\t\t\t<div class=\"image-zoom image-cover\" style=\"padding-top:75%;\">\n\t\t\t\t\t\t\t<a href=\"https:\/\/store3.k-tech-services.com\/info125\/nha-may-soi-da-lat-1-trong-cac-nha-may-keo-soi-len-long-cuu-lon-nhat-chau-au-duoc-idc-tu-van-dau-tu-he-thong-nang-luong-mat-troi\/\" class=\"plain\" aria-label=\"Nh\u00e0 M\u00e1y S\u1ee3i \u0110\u00e0 L\u1ea1t \u2013 1 trong c\u00e1c nh\u00e0 m\u00e1y k\u00e9o s\u1ee3i len l\u00f4ng c\u1eebu l\u1edbn nh\u1ea5t Ch\u00e2u \u00c2u \u0111\u01b0\u1ee3c IDC t\u01b0 v\u1ea5n \u0111\u1ea7u t\u01b0 h\u1ec7 th\u1ed1ng n\u0103ng l\u01b0\u1ee3ng m\u1eb7t tr\u1eddi\">\n\t\t\t\t\t\t\t\t<img loading=\"lazy\" decoding=\"async\" width=\"1400\" height=\"787\" src=\"https:\/\/store3.k-tech-services.com\/info125\/wp-content\/uploads\/2025\/04\/DJI_0039-1400x787-1.jpg\" class=\"attachment-original size-original wp-post-image\" alt=\"\" srcset=\"https:\/\/store3.k-tech-services.com\/info125\/wp-content\/uploads\/2025\/04\/DJI_0039-1400x787-1.jpg 1400w, https:\/\/store3.k-tech-services.com\/info125\/wp-content\/uploads\/2025\/04\/DJI_0039-1400x787-1-300x169.jpg 300w, https:\/\/store3.k-tech-services.com\/info125\/wp-content\/uploads\/2025\/04\/DJI_0039-1400x787-1-1024x576.jpg 1024w, https:\/\/store3.k-tech-services.com\/info125\/wp-content\/uploads\/2025\/04\/DJI_0039-1400x787-1-768x432.jpg 768w\" sizes=\"auto, (max-width: 1400px) 100vw, 1400px\" \/>\t\t\t\t\t\t\t<\/a>\n  \t\t\t\t\t\t\t  \t\t\t\t\t\t\t  \t\t\t\t\t\t<\/div>\n  \t\t\t\t\t\t  \t\t\t\t\t<\/div>\n          \t\t\t\t\t<div class=\"box-text text-center\" >\n\t\t\t\t\t<div class=\"box-text-inner blog-post-inner\">\n\n\t\t\t\t\t\n\t\t\t\t\t\t\t\t\t\t<h5 class=\"post-title is-large \">\n\t\t\t\t\t\t<a href=\"https:\/\/store3.k-tech-services.com\/info125\/nha-may-soi-da-lat-1-trong-cac-nha-may-keo-soi-len-long-cuu-lon-nhat-chau-au-duoc-idc-tu-van-dau-tu-he-thong-nang-luong-mat-troi\/\" class=\"plain\">Nh\u00e0 M\u00e1y S\u1ee3i \u0110\u00e0 L\u1ea1t \u2013 1 trong c\u00e1c nh\u00e0 m\u00e1y k\u00e9o s\u1ee3i len l\u00f4ng c\u1eebu l\u1edbn nh\u1ea5t Ch\u00e2u \u00c2u \u0111\u01b0\u1ee3c IDC t\u01b0 v\u1ea5n \u0111\u1ea7u t\u01b0 h\u1ec7 th\u1ed1ng n\u0103ng l\u01b0\u1ee3ng m\u1eb7t tr\u1eddi<\/a>\n\t\t\t\t\t<\/h5>\n\t\t\t\t\t<div class=\"post-meta is-small op-8\">15 Th\u00e1ng 4, 2025<\/div>\t\t\t\t\t<div class=\"is-divider\"><\/div>\n\t\t\t\t\t\t\t\t\t\t<p class=\"from_the_blog_excerpt \">\n\t\t\t\t\t\tC\u00f9ng v\u1edbi s\u1ef1 k\u1ebft h\u1ee3p v\u1edbi Qu\u1ef9 \u0110\u1ea7u T\u01b0 Ecoligo c\u1ee7a \u0110\u1ee9c t\u1ea1i Vi\u1ec7t Nam, [...]\t\t\t\t\t<\/p>\n\t\t\t\t\t                    \n\t\t\t\t\t\n\t\t\t\t\t\n\t\t\t\t\t<\/div>\n\t\t\t\t\t<\/div>\n\t\t\t\t\t\t\t\t\t<\/div>\n\t\t\t<\/div>\n\t\t<\/div><div class=\"col post-item\" >\n\t\t\t<div class=\"col-inner\">\n\t\t\t\t<div class=\"box box-normal box-text-bottom box-blog-post has-hover\">\n            \t\t\t\t\t<div class=\"box-image\" >\n  \t\t\t\t\t\t<div class=\"image-zoom image-cover\" style=\"padding-top:75%;\">\n\t\t\t\t\t\t\t<a href=\"https:\/\/store3.k-tech-services.com\/info125\/toan-cau-nhieu-quoc-gia-da-dat-muc-tieu-net-zero\/\" class=\"plain\" aria-label=\"To\u00e0n c\u1ea7u: Nhi\u1ec1u qu\u1ed1c gia \u0111\u00e3 \u0111\u1eb7t m\u1ee5c ti\u00eau Net Zero\">\n\t\t\t\t\t\t\t\t<img loading=\"lazy\" decoding=\"async\" width=\"640\" height=\"400\" src=\"https:\/\/store3.k-tech-services.com\/info125\/wp-content\/uploads\/2025\/04\/b9ef7bf4806b3e35677a-82452731306378297538964-69090197699991295571852.webp\" class=\"attachment-original size-original wp-post-image\" alt=\"\" srcset=\"https:\/\/store3.k-tech-services.com\/info125\/wp-content\/uploads\/2025\/04\/b9ef7bf4806b3e35677a-82452731306378297538964-69090197699991295571852.webp 640w, https:\/\/store3.k-tech-services.com\/info125\/wp-content\/uploads\/2025\/04\/b9ef7bf4806b3e35677a-82452731306378297538964-69090197699991295571852-300x188.webp 300w\" sizes=\"auto, (max-width: 640px) 100vw, 640px\" \/>\t\t\t\t\t\t\t<\/a>\n  \t\t\t\t\t\t\t  \t\t\t\t\t\t\t  \t\t\t\t\t\t<\/div>\n  \t\t\t\t\t\t  \t\t\t\t\t<\/div>\n          \t\t\t\t\t<div class=\"box-text text-center\" >\n\t\t\t\t\t<div class=\"box-text-inner blog-post-inner\">\n\n\t\t\t\t\t\n\t\t\t\t\t\t\t\t\t\t<h5 class=\"post-title is-large \">\n\t\t\t\t\t\t<a href=\"https:\/\/store3.k-tech-services.com\/info125\/toan-cau-nhieu-quoc-gia-da-dat-muc-tieu-net-zero\/\" class=\"plain\">To\u00e0n c\u1ea7u: Nhi\u1ec1u qu\u1ed1c gia \u0111\u00e3 \u0111\u1eb7t m\u1ee5c ti\u00eau Net Zero<\/a>\n\t\t\t\t\t<\/h5>\n\t\t\t\t\t<div class=\"post-meta is-small op-8\">15 Th\u00e1ng 4, 2025<\/div>\t\t\t\t\t<div class=\"is-divider\"><\/div>\n\t\t\t\t\t\t\t\t\t\t<p class=\"from_the_blog_excerpt \">\n\t\t\t\t\t\tNhi\u1ec1u qu\u1ed1c gia \u0111\u00e3 \u0111\u1eb7t m\u1ee5c ti\u00eau Net Zero, v\u1edbi th\u1eddi h\u1ea1n kh\u00e1c nhau. V\u00ed [...]\t\t\t\t\t<\/p>\n\t\t\t\t\t                    \n\t\t\t\t\t\n\t\t\t\t\t\n\t\t\t\t\t<\/div>\n\t\t\t\t\t<\/div>\n\t\t\t\t\t\t\t\t\t<\/div>\n\t\t\t<\/div>\n\t\t<\/div><div class=\"col post-item\" >\n\t\t\t<div class=\"col-inner\">\n\t\t\t\t<div class=\"box box-normal box-text-bottom box-blog-post has-hover\">\n            \t\t\t\t\t<div class=\"box-image\" >\n  \t\t\t\t\t\t<div class=\"image-zoom image-cover\" style=\"padding-top:75%;\">\n\t\t\t\t\t\t\t<a href=\"https:\/\/store3.k-tech-services.com\/info125\/viet-nam-cam-ket-dat-phat-thai-rong-bang-0-vao-nam-2050\/\" class=\"plain\" aria-label=\"Vi\u1ec7t Nam: Cam k\u1ebft \u0111\u1ea1t ph\u00e1t th\u1ea3i r\u00f2ng b\u1eb1ng 0 v\u00e0o n\u0103m 2050\">\n\t\t\t\t\t\t\t\t<img loading=\"lazy\" decoding=\"async\" width=\"1020\" height=\"678\" src=\"https:\/\/store3.k-tech-services.com\/info125\/wp-content\/uploads\/2025\/04\/PM-PMC-7217-1727956896-1.webp\" class=\"attachment-original size-original wp-post-image\" alt=\"\" srcset=\"https:\/\/store3.k-tech-services.com\/info125\/wp-content\/uploads\/2025\/04\/PM-PMC-7217-1727956896-1.webp 1020w, https:\/\/store3.k-tech-services.com\/info125\/wp-content\/uploads\/2025\/04\/PM-PMC-7217-1727956896-1-300x199.webp 300w, https:\/\/store3.k-tech-services.com\/info125\/wp-content\/uploads\/2025\/04\/PM-PMC-7217-1727956896-1-768x510.webp 768w\" sizes=\"auto, (max-width: 1020px) 100vw, 1020px\" \/>\t\t\t\t\t\t\t<\/a>\n  \t\t\t\t\t\t\t  \t\t\t\t\t\t\t  \t\t\t\t\t\t<\/div>\n  \t\t\t\t\t\t  \t\t\t\t\t<\/div>\n          \t\t\t\t\t<div class=\"box-text text-center\" >\n\t\t\t\t\t<div class=\"box-text-inner blog-post-inner\">\n\n\t\t\t\t\t\n\t\t\t\t\t\t\t\t\t\t<h5 class=\"post-title is-large \">\n\t\t\t\t\t\t<a href=\"https:\/\/store3.k-tech-services.com\/info125\/viet-nam-cam-ket-dat-phat-thai-rong-bang-0-vao-nam-2050\/\" class=\"plain\">Vi\u1ec7t Nam: Cam k\u1ebft \u0111\u1ea1t ph\u00e1t th\u1ea3i r\u00f2ng b\u1eb1ng 0 v\u00e0o n\u0103m 2050<\/a>\n\t\t\t\t\t<\/h5>\n\t\t\t\t\t<div class=\"post-meta is-small op-8\">15 Th\u00e1ng 4, 2025<\/div>\t\t\t\t\t<div class=\"is-divider\"><\/div>\n\t\t\t\t\t\t\t\t\t\t<p class=\"from_the_blog_excerpt \">\n\t\t\t\t\t\t\u0110\u1ec3 th\u1ef1c hi\u1ec7n, Vi\u1ec7t Nam d\u1ef1 ki\u1ebfn kh\u00f4ng x\u00e2y d\u1ef1ng nh\u00e0 m\u00e1y nhi\u1ec7t \u0111i\u1ec7n than [...]\t\t\t\t\t<\/p>\n\t\t\t\t\t                    \n\t\t\t\t\t\n\t\t\t\t\t\n\t\t\t\t\t<\/div>\n\t\t\t\t\t<\/div>\n\t\t\t\t\t\t\t\t\t<\/div>\n\t\t\t<\/div>\n\t\t<\/div><div class=\"col post-item\" >\n\t\t\t<div class=\"col-inner\">\n\t\t\t\t<div class=\"box box-normal box-text-bottom box-blog-post has-hover\">\n            \t\t\t\t\t<div class=\"box-image\" >\n  \t\t\t\t\t\t<div class=\"image-zoom image-cover\" style=\"padding-top:75%;\">\n\t\t\t\t\t\t\t<a href=\"https:\/\/store3.k-tech-services.com\/info125\/tetra-pak-binh-duong-hoan-thanh-lap-dat-tam-nang-luong-mat-troi-giam-hon-700-tan-co%e2%82%82-nam\/\" class=\"plain\" aria-label=\"Tetra Pak B\u00ecnh D\u01b0\u01a1ng ho\u00e0n th\u00e0nh l\u1eafp \u0111\u1eb7t t\u1ea5m n\u0103ng l\u01b0\u1ee3ng m\u1eb7t tr\u1eddi, gi\u1ea3m h\u01a1n 700 t\u1ea5n CO\u2082\/n\u0103m\">\n\t\t\t\t\t\t\t\t<img loading=\"lazy\" decoding=\"async\" width=\"911\" height=\"513\" src=\"https:\/\/store3.k-tech-services.com\/info125\/wp-content\/uploads\/2025\/04\/photo3-16774726604531817150516-1.png\" class=\"attachment-original size-original wp-post-image\" alt=\"\" srcset=\"https:\/\/store3.k-tech-services.com\/info125\/wp-content\/uploads\/2025\/04\/photo3-16774726604531817150516-1.png 911w, https:\/\/store3.k-tech-services.com\/info125\/wp-content\/uploads\/2025\/04\/photo3-16774726604531817150516-1-300x169.png 300w, https:\/\/store3.k-tech-services.com\/info125\/wp-content\/uploads\/2025\/04\/photo3-16774726604531817150516-1-768x432.png 768w\" sizes=\"auto, (max-width: 911px) 100vw, 911px\" \/>\t\t\t\t\t\t\t<\/a>\n  \t\t\t\t\t\t\t  \t\t\t\t\t\t\t  \t\t\t\t\t\t<\/div>\n  \t\t\t\t\t\t  \t\t\t\t\t<\/div>\n          \t\t\t\t\t<div class=\"box-text text-center\" >\n\t\t\t\t\t<div class=\"box-text-inner blog-post-inner\">\n\n\t\t\t\t\t\n\t\t\t\t\t\t\t\t\t\t<h5 class=\"post-title is-large \">\n\t\t\t\t\t\t<a href=\"https:\/\/store3.k-tech-services.com\/info125\/tetra-pak-binh-duong-hoan-thanh-lap-dat-tam-nang-luong-mat-troi-giam-hon-700-tan-co%e2%82%82-nam\/\" class=\"plain\">Tetra Pak B\u00ecnh D\u01b0\u01a1ng ho\u00e0n th\u00e0nh l\u1eafp \u0111\u1eb7t t\u1ea5m n\u0103ng l\u01b0\u1ee3ng m\u1eb7t tr\u1eddi, gi\u1ea3m h\u01a1n 700 t\u1ea5n CO\u2082\/n\u0103m<\/a>\n\t\t\t\t\t<\/h5>\n\t\t\t\t\t<div class=\"post-meta is-small op-8\">14 Th\u00e1ng 4, 2025<\/div>\t\t\t\t\t<div class=\"is-divider\"><\/div>\n\t\t\t\t\t\t\t\t\t\t<p class=\"from_the_blog_excerpt \">\n\t\t\t\t\t\tSau 6 th\u00e1ng thi c\u00f4ng, Nh\u00e0 m\u00e1y s\u1ea3n xu\u1ea5t h\u1ed9p gi\u1ea5y \u0111\u1ef1ng \u0111\u1ed3 u\u1ed1ng c\u1ee7a [...]\t\t\t\t\t<\/p>\n\t\t\t\t\t                    \n\t\t\t\t\t\n\t\t\t\t\t\n\t\t\t\t\t<\/div>\n\t\t\t\t\t<\/div>\n\t\t\t\t\t\t\t\t\t<\/div>\n\t\t\t<\/div>\n\t\t<\/div><div class=\"col post-item\" >\n\t\t\t<div class=\"col-inner\">\n\t\t\t\t<div class=\"box box-normal box-text-bottom box-blog-post has-hover\">\n            \t\t\t\t\t<div class=\"box-image\" >\n  \t\t\t\t\t\t<div class=\"image-zoom image-cover\" style=\"padding-top:75%;\">\n\t\t\t\t\t\t\t<a href=\"https:\/\/store3.k-tech-services.com\/info125\/giai-phap-luu-tru-nang-luong-mat-troi-bang-cong-nghe-pin\/\" class=\"plain\" aria-label=\"Gi\u1ea3i ph\u00e1p l\u01b0u tr\u1eef n\u0103ng l\u01b0\u1ee3ng m\u1eb7t tr\u1eddi b\u1eb1ng c\u00f4ng ngh\u1ec7 pin\">\n\t\t\t\t\t\t\t\t<img loading=\"lazy\" decoding=\"async\" width=\"492\" height=\"301\" src=\"https:\/\/store3.k-tech-services.com\/info125\/wp-content\/uploads\/2025\/04\/Anh8-1.jpg\" class=\"attachment-original size-original wp-post-image\" alt=\"\" srcset=\"https:\/\/store3.k-tech-services.com\/info125\/wp-content\/uploads\/2025\/04\/Anh8-1.jpg 492w, https:\/\/store3.k-tech-services.com\/info125\/wp-content\/uploads\/2025\/04\/Anh8-1-300x184.jpg 300w\" sizes=\"auto, (max-width: 492px) 100vw, 492px\" \/>\t\t\t\t\t\t\t<\/a>\n  \t\t\t\t\t\t\t  \t\t\t\t\t\t\t  \t\t\t\t\t\t<\/div>\n  \t\t\t\t\t\t  \t\t\t\t\t<\/div>\n          \t\t\t\t\t<div class=\"box-text text-center\" >\n\t\t\t\t\t<div class=\"box-text-inner blog-post-inner\">\n\n\t\t\t\t\t\n\t\t\t\t\t\t\t\t\t\t<h5 class=\"post-title is-large \">\n\t\t\t\t\t\t<a href=\"https:\/\/store3.k-tech-services.com\/info125\/giai-phap-luu-tru-nang-luong-mat-troi-bang-cong-nghe-pin\/\" class=\"plain\">Gi\u1ea3i ph\u00e1p l\u01b0u tr\u1eef n\u0103ng l\u01b0\u1ee3ng m\u1eb7t tr\u1eddi b\u1eb1ng c\u00f4ng ngh\u1ec7 pin<\/a>\n\t\t\t\t\t<\/h5>\n\t\t\t\t\t<div class=\"post-meta is-small op-8\">14 Th\u00e1ng 4, 2025<\/div>\t\t\t\t\t<div class=\"is-divider\"><\/div>\n\t\t\t\t\t\t\t\t\t\t<p class=\"from_the_blog_excerpt \">\n\t\t\t\t\t\tTheo c\u00e1c chuy\u00ean gia, c\u00f4ng ngh\u1ec7 pin l\u01b0u tr\u1eef n\u0103ng l\u01b0\u1ee3ng s\u1ebd l\u00e0 gi\u1ea3i ph\u00e1p [...]\t\t\t\t\t<\/p>\n\t\t\t\t\t                    \n\t\t\t\t\t\n\t\t\t\t\t\n\t\t\t\t\t<\/div>\n\t\t\t\t\t<\/div>\n\t\t\t\t\t\t\t\t\t<\/div>\n\t\t\t<\/div>\n\t\t<\/div><div class=\"col post-item\" >\n\t\t\t<div class=\"col-inner\">\n\t\t\t\t<div class=\"box box-normal box-text-bottom box-blog-post has-hover\">\n            \t\t\t\t\t<div class=\"box-image\" >\n  \t\t\t\t\t\t<div class=\"image-zoom image-cover\" style=\"padding-top:75%;\">\n\t\t\t\t\t\t\t<a href=\"https:\/\/store3.k-tech-services.com\/info125\/su-dung-pin-xe-dien-cu-de-luu-tru-nang-luong-mat-troi-tai-california\/\" class=\"plain\" aria-label=\"S\u1eed d\u1ee5ng pin xe \u0111i\u1ec7n c\u0169 \u0111\u1ec3 l\u01b0u tr\u1eef n\u0103ng l\u01b0\u1ee3ng m\u1eb7t tr\u1eddi t\u1ea1i California\">\n\t\t\t\t\t\t\t\t<img loading=\"lazy\" decoding=\"async\" width=\"800\" height=\"449\" src=\"https:\/\/store3.k-tech-services.com\/info125\/wp-content\/uploads\/2025\/04\/pin-xe-dien-6915.jpg-1.webp\" class=\"attachment-original size-original wp-post-image\" alt=\"\" srcset=\"https:\/\/store3.k-tech-services.com\/info125\/wp-content\/uploads\/2025\/04\/pin-xe-dien-6915.jpg-1.webp 800w, https:\/\/store3.k-tech-services.com\/info125\/wp-content\/uploads\/2025\/04\/pin-xe-dien-6915.jpg-1-300x168.webp 300w, https:\/\/store3.k-tech-services.com\/info125\/wp-content\/uploads\/2025\/04\/pin-xe-dien-6915.jpg-1-768x431.webp 768w\" sizes=\"auto, (max-width: 800px) 100vw, 800px\" \/>\t\t\t\t\t\t\t<\/a>\n  \t\t\t\t\t\t\t  \t\t\t\t\t\t\t  \t\t\t\t\t\t<\/div>\n  \t\t\t\t\t\t  \t\t\t\t\t<\/div>\n          \t\t\t\t\t<div class=\"box-text text-center\" >\n\t\t\t\t\t<div class=\"box-text-inner blog-post-inner\">\n\n\t\t\t\t\t\n\t\t\t\t\t\t\t\t\t\t<h5 class=\"post-title is-large \">\n\t\t\t\t\t\t<a href=\"https:\/\/store3.k-tech-services.com\/info125\/su-dung-pin-xe-dien-cu-de-luu-tru-nang-luong-mat-troi-tai-california\/\" class=\"plain\">S\u1eed d\u1ee5ng pin xe \u0111i\u1ec7n c\u0169 \u0111\u1ec3 l\u01b0u tr\u1eef n\u0103ng l\u01b0\u1ee3ng m\u1eb7t tr\u1eddi t\u1ea1i California<\/a>\n\t\t\t\t\t<\/h5>\n\t\t\t\t\t<div class=\"post-meta is-small op-8\">14 Th\u00e1ng 4, 2025<\/div>\t\t\t\t\t<div class=\"is-divider\"><\/div>\n\t\t\t\t\t\t\t\t\t\t<p class=\"from_the_blog_excerpt \">\n\t\t\t\t\t\tH\u01a1n 1.000 b\u1ed9 pin xe \u0111i\u1ec7n c\u0169 \u0111ang \u0111\u01b0\u1ee3c t\u00e1i s\u1eed d\u1ee5ng \u0111\u1ec3 l\u01b0u tr\u1eef [...]\t\t\t\t\t<\/p>\n\t\t\t\t\t                    \n\t\t\t\t\t\n\t\t\t\t\t\n\t\t\t\t\t<\/div>\n\t\t\t\t\t<\/div>\n\t\t\t\t\t\t\t\t\t<\/div>\n\t\t\t<\/div>\n\t\t<\/div><\/div>\t\t<div class=\"ux-relay__control ux-relay__control--bottom container pb-half text-center\">\n\t\t\t<ul class=\"ux-relay__pagination page-numbers nav-pagination links\"><li><span aria-current=\"page\" class=\"page-number current\">1<\/span><\/li><li><a class=\"page-number\" href=\"#\/page\/2\">2<\/a><\/li><li><a aria-label=\"Ti\u1ebfp theo\" class=\"next page-number\" href=\"#\/page\/2\"><i class=\"icon-angle-right\" ><\/i><\/a><\/li><\/ul>\t\t<\/div>\n\t\t\t\t<\/div>\n\t\t\n\t\t<\/div>\n\t\t\t\t\t<\/div>\n\n\t\n<\/div>\n\t\t<\/div>\n\n\t\t\n<style>\n#section_486499819 {\n  padding-top: 30px;\n  padding-bottom: 30px;\n}\n<\/style>\n\t<\/section>\n\t\n","protected":false},"excerpt":{"rendered":"","protected":false},"author":1,"featured_media":0,"parent":0,"menu_order":0,"comment_status":"closed","ping_status":"closed","template":"page-blank.php","meta":{"footnotes":""},"class_list":["post-52","page","type-page","status-publish","hentry"],"_links":{"self":[{"href":"https:\/\/store3.k-tech-services.com\/info125\/wp-json\/wp\/v2\/pages\/52","targetHints":{"allow":["GET"]}}],"collection":[{"href":"https:\/\/store3.k-tech-services.com\/info125\/wp-json\/wp\/v2\/pages"}],"about":[{"href":"https:\/\/store3.k-tech-services.com\/info125\/wp-json\/wp\/v2\/types\/page"}],"author":[{"embeddable":true,"href":"https:\/\/store3.k-tech-services.com\/info125\/wp-json\/wp\/v2\/users\/1"}],"replies":[{"embeddable":true,"href":"https:\/\/store3.k-tech-services.com\/info125\/wp-json\/wp\/v2\/comments?post=52"}],"version-history":[{"count":17,"href":"https:\/\/store3.k-tech-services.com\/info125\/wp-json\/wp\/v2\/pages\/52\/revisions"}],"predecessor-version":[{"id":639,"href":"https:\/\/store3.k-tech-services.com\/info125\/wp-json\/wp\/v2\/pages\/52\/revisions\/639"}],"wp:attachment":[{"href":"https:\/\/store3.k-tech-services.com\/info125\/wp-json\/wp\/v2\/media?parent=52"}],"curies":[{"name":"wp","href":"https:\/\/api.w.org\/{rel}","templated":true}]}}