{"id":467,"date":"2025-04-14T08:01:22","date_gmt":"2025-04-14T08:01:22","guid":{"rendered":"https:\/\/ktech1.k-tech-services.com\/info125\/?page_id=467"},"modified":"2025-04-18T02:07:06","modified_gmt":"2025-04-18T02:07:06","slug":"giai-phap","status":"publish","type":"page","link":"https:\/\/store3.k-tech-services.com\/info125\/giai-phap\/","title":{"rendered":"GI\u1ea2I PH\u00c1P"},"content":{"rendered":"\n\t<section class=\"section\" id=\"section_487152254\">\n\t\t<div class=\"section-bg fill\" >\n\t\t\t\t\t\t\t\t\t\n\t\t\t\n\n\t\t<\/div>\n\n\t\t\n\n\t\t<div class=\"section-content relative\">\n\t\t\t\n<div class=\"row row-collapse row-full-width\"  id=\"row-768166979\">\n\n\t<div id=\"col-880856755\" class=\"col small-12 large-12\"  >\n\t\t\t\t<div class=\"col-inner\"  >\n\t\t\t\n\t\t\t\n<div class=\"slider-wrapper relative\" id=\"slider-557033865\" >\n    <div class=\"slider slider-nav-circle slider-nav-large slider-nav-light slider-style-normal\"\n        data-flickity-options='{\n            \"cellAlign\": \"center\",\n            \"imagesLoaded\": true,\n            \"lazyLoad\": 1,\n            \"freeScroll\": false,\n            \"wrapAround\": true,\n            \"autoPlay\": 6000,\n            \"pauseAutoPlayOnHover\" : true,\n            \"prevNextButtons\": true,\n            \"contain\" : true,\n            \"adaptiveHeight\" : true,\n            \"dragThreshold\" : 10,\n            \"percentPosition\": true,\n            \"pageDots\": true,\n            \"rightToLeft\": false,\n            \"draggable\": true,\n            \"selectedAttraction\": 0.1,\n            \"parallax\" : 0,\n            \"friction\": 0.6        }'\n        >\n        \n\n  <div class=\"banner has-hover\" id=\"banner-1513802895\">\n          <div class=\"banner-inner fill\">\n        <div class=\"banner-bg fill\" >\n            <img loading=\"lazy\" decoding=\"async\" width=\"2481\" height=\"616\" src=\"https:\/\/store3.k-tech-services.com\/info125\/wp-content\/uploads\/2025\/04\/banner-09.png\" class=\"bg attachment-original size-original\" alt=\"\" \/>                        <div class=\"overlay\"><\/div>            \n                    <\/div>\n\t\t\n        <div class=\"banner-layers container\">\n            <div class=\"fill banner-link\"><\/div>            \n   <div id=\"text-box-1901918484\" class=\"text-box banner-layer x50 md-x50 lg-x50 y50 md-y35 lg-y35 res-text\">\n                                <div class=\"text-box-content text dark\">\n              \n              <div class=\"text-inner text-center\">\n                  \n\t<div id=\"text-314773826\" class=\"text\">\n\t\t\n<p style=\"text-align: center;\"><span style=\"font-size: 100%;\"><b>KI\u1ebeN T\u1ea0O T\u01af\u01a0NG LAI XANH &#8211; K\u1ebeT N\u1ed0I TI\u00caU CHU\u1ea8N TO\u00c0N C\u1ea6U<\/b><\/span><\/p>\n\t\t\n<style>\n#text-314773826 {\n  font-size: 1.25rem;\n}\n@media (min-width:550px) {\n  #text-314773826 {\n    font-size: 1.75rem;\n  }\n}\n<\/style>\n\t<\/div>\n\t\n              <\/div>\n           <\/div>\n                            \n<style>\n#text-box-1901918484 {\n  width: 85%;\n}\n#text-box-1901918484 .text-box-content {\n  font-size: 100%;\n}\n@media (min-width:550px) {\n  #text-box-1901918484 {\n    width: 60%;\n  }\n}\n<\/style>\n    <\/div>\n \n        <\/div>\n      <\/div>\n\n            \n<style>\n#banner-1513802895 {\n  padding-top: 95%;\n}\n#banner-1513802895 .overlay {\n  background-color: rgba(0, 0, 0, 0.308);\n}\n@media (min-width:550px) {\n  #banner-1513802895 {\n    padding-top: 30%;\n  }\n}\n<\/style>\n  <\/div>\n\n\n     <\/div>\n\n     <div class=\"loading-spin dark large centered\"><\/div>\n\n\t<\/div>\n\n\n\t\t<\/div>\n\t\t\t\t\t<\/div>\n\n\t\n<\/div>\n\t\t<\/div>\n\n\t\t\n<style>\n#section_487152254 {\n  padding-top: 0px;\n  padding-bottom: 0px;\n}\n<\/style>\n\t<\/section>\n\t\n\n\t<section class=\"section installation-solution-home\" id=\"section_934306061\">\n\t\t<div class=\"section-bg fill\" >\n\t\t\t\t\t\t\t\t\t\n\t\t\t\n\n\t\t<\/div>\n\n\t\t\n\n\t\t<div class=\"section-content relative\">\n\t\t\t\n<div class=\"row row-collapse title-solution\"  id=\"row-243872168\">\n\n\t<div id=\"col-537678813\" class=\"col small-12 large-12\"  >\n\t\t\t\t<div class=\"col-inner\"  >\n\t\t\t\n\t\t\t\n<div class=\"container section-title-container\" ><h1 class=\"section-title section-title-center\"><b><\/b><span class=\"section-title-main\" >N\u0103ng l\u01b0\u1ee3ng m\u1eb7t tr\u1eddi (Solar Energy) l\u00e0 g\u00ec?<\/span><b><\/b><\/h1><\/div>\n\t<div id=\"text-3175890911\" class=\"text\">\n\t\t\n<p style=\"text-align: left;\"><span style=\"font-weight: 400;\">N\u0103ng l\u01b0\u1ee3ng m\u1eb7t tr\u1eddi l\u00e0 ngu\u1ed3n n\u0103ng l\u01b0\u1ee3ng t\u00e1i t\u1ea1o d\u1ed3i d\u00e0o, \u0111\u01b0\u1ee3c t\u1ea1o ra t\u1eeb \u00e1nh s\u00e1ng v\u00e0 nhi\u1ec7t c\u1ee7a m\u1eb7t tr\u1eddi. Th\u00f4ng qua c\u00f4ng ngh\u1ec7 quang \u0111i\u1ec7n (PV), \u00e1nh s\u00e1ng m\u1eb7t tr\u1eddi \u0111\u01b0\u1ee3c chuy\u1ec3n \u0111\u1ed5i th\u00e0nh \u0111i\u1ec7n n\u0103ng, cung c\u1ea5p gi\u1ea3i ph\u00e1p b\u1ec1n v\u1eefng cho c\u1ea3 ng\u00e0nh c\u00f4ng nghi\u1ec7p v\u00e0 h\u1ed9 gia \u0111\u00ecnh.<\/span><\/p>\n<p style=\"text-align: left;\"><span style=\"font-weight: 400;\">V\u1edbi kh\u1ea3 n\u0103ng t\u00e1i t\u1ea1o v\u00f4 h\u1ea1n v\u00e0 kh\u00f4ng g\u00e2y \u00f4 nhi\u1ec5m m\u00f4i tr\u01b0\u1eddng, n\u0103ng l\u01b0\u1ee3ng m\u1eb7t tr\u1eddi ng\u00e0y c\u00e0ng tr\u1edf th\u00e0nh xu h\u01b0\u1edbng t\u1ea5t y\u1ebfu trong ph\u00e1t tri\u1ec3n b\u1ec1n v\u1eefng. Vi\u1ec7c \u1ee9ng d\u1ee5ng h\u1ec7 th\u1ed1ng \u0111i\u1ec7n m\u1eb7t tr\u1eddi kh\u00f4ng ch\u1ec9 gi\u00fap t\u1ed1i \u01b0u h\u00f3a chi ph\u00ed m\u00e0 c\u00f2n g\u00f3p ph\u1ea7n gi\u1ea3m ph\u00e1t th\u1ea3i kh\u00ed nh\u00e0 k\u00ednh, b\u1ea3o v\u1ec7 m\u00f4i tr\u01b0\u1eddng v\u00e0 th\u00fac \u0111\u1ea9y n\u1ec1n kinh t\u1ebf xanh.<\/span><\/p>\n<p style=\"text-align: left;\"><b>L\u1ee3i \u00edch c\u1ee7a n\u0103ng l\u01b0\u1ee3ng m\u1eb7t tr\u1eddi:<\/b><span style=\"font-weight: 400;\"><br \/><\/span><span style=\"font-weight: 400;\">\u2714<\/span><span style=\"font-weight: 400;\"> Ti\u1ebft ki\u1ec7m chi ph\u00ed \u0111i\u1ec7n n\u0103ng trong d\u00e0i h\u1ea1n<\/span><span style=\"font-weight: 400;\"><br \/><\/span><span style=\"font-weight: 400;\">\u2714<\/span><span style=\"font-weight: 400;\"> Gi\u1ea3m ph\u1ee5 thu\u1ed9c v\u00e0o ngu\u1ed3n n\u0103ng l\u01b0\u1ee3ng h\u00f3a th\u1ea1ch<\/span><span style=\"font-weight: 400;\"><br \/><\/span><span style=\"font-weight: 400;\">\u2714<\/span><span style=\"font-weight: 400;\"> B\u1ea3o v\u1ec7 m\u00f4i tr\u01b0\u1eddng, gi\u1ea3m ph\u00e1t th\u1ea3i CO\u2082<\/span><span style=\"font-weight: 400;\"><br \/><\/span><span style=\"font-weight: 400;\">\u2714<\/span><span style=\"font-weight: 400;\"> \u1ee8ng d\u1ee5ng linh ho\u1ea1t trong nhi\u1ec1u l\u0129nh v\u1ef1c<\/span><\/p>\n<p style=\"text-align: left;\"><span style=\"font-weight: 400;\">V\u1edbi s\u1ef1 ph\u00e1t tri\u1ec3n c\u1ee7a c\u00f4ng ngh\u1ec7, h\u1ec7 th\u1ed1ng \u0111i\u1ec7n m\u1eb7t tr\u1eddi ng\u00e0y c\u00e0ng tr\u1edf n\u00ean hi\u1ec7u qu\u1ea3 v\u00e0 d\u1ec5 ti\u1ebfp c\u1eadn h\u01a1n, gi\u00fap doanh nghi\u1ec7p v\u00e0 h\u1ed9 gia \u0111\u00ecnh ch\u1ee7 \u0111\u1ed9ng trong vi\u1ec7c s\u1eed d\u1ee5ng ngu\u1ed3n n\u0103ng l\u01b0\u1ee3ng s\u1ea1ch, g\u00f3p ph\u1ea7n x\u00e2y d\u1ef1ng t\u01b0\u01a1ng lai b\u1ec1n v\u1eefng.<\/span><\/p>\n\t\t\n<style>\n#text-3175890911 {\n  text-align: center;\n}\n<\/style>\n\t<\/div>\n\t\n\t\t<\/div>\n\t\t\t\t\n<style>\n#col-537678813 > .col-inner {\n  padding: 0px 10px 0px 10px;\n}\n<\/style>\n\t<\/div>\n\n\t\n<\/div>\n<div class=\"row\"  id=\"row-129549809\">\n\n\t<div id=\"col-824041027\" class=\"col list-solution-home small-12 large-12\"  >\n\t\t\t\t<div class=\"col-inner\"  >\n\t\t\t\n\t\t\t\n<div class=\"row row-giaiphap\"  id=\"row-205248564\">\n\n\t<div id=\"col-1217826701\" class=\"col medium-4 small-12 large-4\"  >\n\t\t\t\t<div class=\"col-inner\"  >\n\t\t\t\n\t\t\t\n\n\t\t<div class=\"icon-box featured-box icon-box-center text-center\"  >\n\t\t\t\t\t<div class=\"icon-box-img\" style=\"width: 60px\">\n\t\t\t\t<div class=\"icon\">\n\t\t\t\t\t<div class=\"icon-inner\" >\n\t\t\t\t\t\t<img loading=\"lazy\" decoding=\"async\" width=\"155\" height=\"181\" src=\"https:\/\/store3.k-tech-services.com\/info125\/wp-content\/uploads\/2025\/04\/Inter__1_-removebg-preview.png\" class=\"attachment-medium size-medium\" alt=\"\" \/>\t\t\t\t\t<\/div>\n\t\t\t\t<\/div>\n\t\t\t<\/div>\n\t\t\t\t<div class=\"icon-box-text last-reset\">\n\t\t\t\t\t\t\t\t\t\n<h3><span style=\"font-weight: 400;\">Ph\u01b0\u01a1ng \u00c1n 1<\/span><b>: T\u1ef1 \u0111\u1ea7u t\u01b0 \u2013 Do Kh\u00e1ch H\u00e0ng l\u00e0m ch\u1ee7 \u0111\u1ea7u t\u01b0<\/b><\/h3>\n<p>\u00a0<\/p>\n<a href=\"https:\/\/ktech1.k-tech-services.com\/info125\/phuong-an-1-tu-dau-tu-do-khach-hang-lam-chu-dau-tu\/\" class=\"button primary is-shade box-shadow-3 box-shadow-5-hover\"  style=\"border-radius:5px;\">\n\t\t<span>xem chi ti\u1ebft<\/span>\n\t<\/a>\n\n\t\t<\/div>\n\t<\/div>\n\t\n\t\n\t\t<\/div>\n\t\t\t\t\t<\/div>\n\n\t\n\n\t<div id=\"col-1763293197\" class=\"col medium-4 small-12 large-4\"  >\n\t\t\t\t<div class=\"col-inner\"  >\n\t\t\t\n\t\t\t\n\n\t\t<div class=\"icon-box featured-box icon-box-center text-center\"  >\n\t\t\t\t\t<div class=\"icon-box-img\" style=\"width: 60px\">\n\t\t\t\t<div class=\"icon\">\n\t\t\t\t\t<div class=\"icon-inner\" >\n\t\t\t\t\t\t<img loading=\"lazy\" decoding=\"async\" width=\"155\" height=\"181\" src=\"https:\/\/store3.k-tech-services.com\/info125\/wp-content\/uploads\/2025\/04\/Inter__2_-removebg-preview.png\" class=\"attachment-medium size-medium\" alt=\"\" \/>\t\t\t\t\t<\/div>\n\t\t\t\t<\/div>\n\t\t\t<\/div>\n\t\t\t\t<div class=\"icon-box-text last-reset\">\n\t\t\t\t\t\t\t\t\t\n<h3><span style=\"font-weight: 400;\">Ph\u01b0\u01a1ng \u00c1n 2<\/span><b>: T\u1ef1 \u0111\u1ea7u t\u01b0 \u2013 Do Kh\u00e1ch H\u00e0ng t\u1ef1 \u0111\u1ea7u t\u01b0 nh\u01b0ng vay v\u1ed1n t\u1eeb qu\u1ef9 c\u1ee7a IDC theo h\u00ecnh th\u1ee9c mua tr\u01b0\u1edbc tr\u1ea3 sau<\/b><\/h3>\n<p>\u00a0<\/p>\n<a href=\"https:\/\/ktech1.k-tech-services.com\/info125\/phuong-an-2-tu-dau-tu-do-khach-hang-tu-dau-tu-nhung-vay-von-tu-quy-cua-idc-theo-hinh-thuc-mua-truoc-tra-sau\/\" class=\"button primary is-shade box-shadow-3 box-shadow-5-hover\"  style=\"border-radius:5px;\">\n\t\t<span>xem chi ti\u1ebft<\/span>\n\t<\/a>\n\n\t\t<\/div>\n\t<\/div>\n\t\n\t\n\t\t<\/div>\n\t\t\t\t\t<\/div>\n\n\t\n\n\t<div id=\"col-1082866762\" class=\"col medium-4 small-12 large-4\"  >\n\t\t\t\t<div class=\"col-inner\"  >\n\t\t\t\n\t\t\t\n\n\t\t<div class=\"icon-box featured-box icon-box-center text-center\"  >\n\t\t\t\t\t<div class=\"icon-box-img\" style=\"width: 60px\">\n\t\t\t\t<div class=\"icon\">\n\t\t\t\t\t<div class=\"icon-inner\" >\n\t\t\t\t\t\t<img loading=\"lazy\" decoding=\"async\" width=\"155\" height=\"181\" src=\"https:\/\/store3.k-tech-services.com\/info125\/wp-content\/uploads\/2025\/04\/Inter-removebg-preview.png\" class=\"attachment-medium size-medium\" alt=\"\" \/>\t\t\t\t\t<\/div>\n\t\t\t\t<\/div>\n\t\t\t<\/div>\n\t\t\t\t<div class=\"icon-box-text last-reset\">\n\t\t\t\t\t\t\t\t\t\n<h3><span style=\"font-weight: 400;\">Ph\u01b0\u01a1ng \u00c1n 3<\/span><b>: \u00a0Qu\u1ef9 \u0111\u1ea7u t\u01b0 s\u1ebd \u0111\u1ea7u t\u01b0 cho h\u1ec7 th\u1ed1ng \u0111i\u1ec7n NLMT tr\u00ean m\u00e1i c\u1ee7a NM kh\u00e1ch h\u00e0ng v\u00e0 b\u00e1n \u0111i\u1ec7n l\u1ea1i v\u1edbi chi\u1ebft kh\u1ea5u r\u1ebb h\u01a1n c\u1ee7a EVN t\u1eeb 10- 30%<\/b><\/h3>\n<p>\u00a0<\/p>\n<a href=\"https:\/\/ktech1.k-tech-services.com\/info125\/phuong-an-3-quy-dau-tu-se-dau-tu-cho-he-thong-dien-nlmt-tren-mai-cua-nm-khach-hang-va-ban-dien-lai-voi-chiet-khau-re-hon-cua-evn-tu-10-30-tuy-khu-vuc-mien-tay-nam-thi-15-30-mien-bac-3-7\/\" class=\"button primary is-shade box-shadow-3 box-shadow-5-hover\"  style=\"border-radius:5px;\">\n\t\t<span>xem chi ti\u1ebft<\/span>\n\t<\/a>\n\n\t\t<\/div>\n\t<\/div>\n\t\n\t\n\t\t<\/div>\n\t\t\t\t\t<\/div>\n\n\t\n<\/div>\n\t\t<\/div>\n\t\t\t\t\t<\/div>\n\n\t\n\n<style>\n#row-129549809 > .col > .col-inner {\n  padding: 20px 2px 20px 20px;\n  background-color: rgb(236, 236, 236);\n  border-radius: 8px;\n}\n<\/style>\n<\/div>\n\t\t<\/div>\n\n\t\t\n<style>\n#section_934306061 {\n  padding-top: 0px;\n  padding-bottom: 0px;\n  background-color: rgb(248, 248, 248);\n}\n<\/style>\n\t<\/section>\n\t\n","protected":false},"excerpt":{"rendered":"","protected":false},"author":1,"featured_media":0,"parent":0,"menu_order":0,"comment_status":"closed","ping_status":"closed","template":"page-blank.php","meta":{"footnotes":""},"class_list":["post-467","page","type-page","status-publish","hentry"],"_links":{"self":[{"href":"https:\/\/store3.k-tech-services.com\/info125\/wp-json\/wp\/v2\/pages\/467","targetHints":{"allow":["GET"]}}],"collection":[{"href":"https:\/\/store3.k-tech-services.com\/info125\/wp-json\/wp\/v2\/pages"}],"about":[{"href":"https:\/\/store3.k-tech-services.com\/info125\/wp-json\/wp\/v2\/types\/page"}],"author":[{"embeddable":true,"href":"https:\/\/store3.k-tech-services.com\/info125\/wp-json\/wp\/v2\/users\/1"}],"replies":[{"embeddable":true,"href":"https:\/\/store3.k-tech-services.com\/info125\/wp-json\/wp\/v2\/comments?post=467"}],"version-history":[{"count":34,"href":"https:\/\/store3.k-tech-services.com\/info125\/wp-json\/wp\/v2\/pages\/467\/revisions"}],"predecessor-version":[{"id":740,"href":"https:\/\/store3.k-tech-services.com\/info125\/wp-json\/wp\/v2\/pages\/467\/revisions\/740"}],"wp:attachment":[{"href":"https:\/\/store3.k-tech-services.com\/info125\/wp-json\/wp\/v2\/media?parent=467"}],"curies":[{"name":"wp","href":"https:\/\/api.w.org\/{rel}","templated":true}]}}