{"id":40,"date":"2025-04-12T14:52:48","date_gmt":"2025-04-12T14:52:48","guid":{"rendered":"http:\/\/localhost:8888\/wp-nangluong\/?page_id=40"},"modified":"2025-04-17T07:59:32","modified_gmt":"2025-04-17T07:59:32","slug":"ve-chung-toi","status":"publish","type":"page","link":"https:\/\/store3.k-tech-services.com\/info125\/ve-chung-toi\/","title":{"rendered":"V\u1ec1 ch\u00fang t\u00f4i"},"content":{"rendered":"\n\t<section class=\"section\" id=\"section_721094256\">\n\t\t<div class=\"section-bg fill\" >\n\t\t\t\t\t\t\t\t\t\n\t\t\t\n\n\t\t<\/div>\n\n\t\t\n\n\t\t<div class=\"section-content relative\">\n\t\t\t\n<div class=\"row row-collapse row-full-width\"  id=\"row-2029553380\">\n\n\t<div id=\"col-1578240271\" class=\"col small-12 large-12\"  >\n\t\t\t\t<div class=\"col-inner\"  >\n\t\t\t\n\t\t\t\n<div class=\"slider-wrapper relative\" id=\"slider-1349229936\" >\n    <div class=\"slider slider-nav-circle slider-nav-large slider-nav-light slider-style-normal\"\n        data-flickity-options='{\n            \"cellAlign\": \"center\",\n            \"imagesLoaded\": true,\n            \"lazyLoad\": 1,\n            \"freeScroll\": false,\n            \"wrapAround\": true,\n            \"autoPlay\": 6000,\n            \"pauseAutoPlayOnHover\" : true,\n            \"prevNextButtons\": true,\n            \"contain\" : true,\n            \"adaptiveHeight\" : true,\n            \"dragThreshold\" : 10,\n            \"percentPosition\": true,\n            \"pageDots\": true,\n            \"rightToLeft\": false,\n            \"draggable\": true,\n            \"selectedAttraction\": 0.1,\n            \"parallax\" : 0,\n            \"friction\": 0.6        }'\n        >\n        \n\n  <div class=\"banner has-hover\" id=\"banner-1705069525\">\n          <div class=\"banner-inner fill\">\n        <div class=\"banner-bg fill\" >\n            <img loading=\"lazy\" decoding=\"async\" width=\"2420\" height=\"1816\" src=\"https:\/\/store3.k-tech-services.com\/info125\/wp-content\/uploads\/2025\/04\/z6506793572658_043cfa6be037a1e5f317aa088eaf2834.jpg\" class=\"bg attachment-original size-original\" alt=\"\" \/>                        <div class=\"overlay\"><\/div>            \n                    <\/div>\n\t\t\n        <div class=\"banner-layers container\">\n            <div class=\"fill banner-link\"><\/div>            \n   <div id=\"text-box-261107014\" class=\"text-box banner-layer x50 md-x50 lg-x50 y50 md-y30 lg-y30 res-text\">\n                                <div class=\"text-box-content text dark\">\n              \n              <div class=\"text-inner text-center\">\n                  \n\t<div id=\"text-1736989330\" class=\"text\">\n\t\t\n<p style=\"text-align: center;\"><span style=\"font-size: 100%;\"><b>IDC \u2013 NH\u00c0 T\u01af V\u1ea4N H\u00c0NG \u0110\u1ea6U \u0110\u01af\u1ee2C C\u00c1C CH\u1ee6 \u0110\u1ea6U T\u01af TRONG &amp; NGO\u00c0I N\u01af\u1edaC TIN T\u01af\u1edeNG<\/b><\/span><\/p>\n\t\t\n<style>\n#text-1736989330 {\n  font-size: 1.25rem;\n  text-align: center;\n}\n@media (min-width:550px) {\n  #text-1736989330 {\n    font-size: 1.75rem;\n  }\n}\n<\/style>\n\t<\/div>\n\t\n              <\/div>\n           <\/div>\n                            \n<style>\n#text-box-261107014 {\n  width: 85%;\n}\n#text-box-261107014 .text-box-content {\n  font-size: 100%;\n}\n@media (min-width:550px) {\n  #text-box-261107014 {\n    width: 60%;\n  }\n}\n<\/style>\n    <\/div>\n \n        <\/div>\n      <\/div>\n\n            \n<style>\n#banner-1705069525 {\n  padding-top: 95%;\n}\n#banner-1705069525 .overlay {\n  background-color: rgba(0, 0, 0, 0.308);\n}\n@media (min-width:550px) {\n  #banner-1705069525 {\n    padding-top: 30%;\n  }\n}\n<\/style>\n  <\/div>\n\n\n\n  <div class=\"banner has-hover\" id=\"banner-1170624830\">\n          <div class=\"banner-inner fill\">\n        <div class=\"banner-bg fill\" >\n            <img loading=\"lazy\" decoding=\"async\" width=\"2420\" height=\"1816\" src=\"https:\/\/store3.k-tech-services.com\/info125\/wp-content\/uploads\/2025\/04\/z6506793302977_6fc7db10412aa17a467dbde58d63ae81.jpg\" class=\"bg attachment-original size-original\" alt=\"\" \/>                        <div class=\"overlay\"><\/div>            \n                    <\/div>\n\t\t\n        <div class=\"banner-layers container\">\n            <div class=\"fill banner-link\"><\/div>            \n   <div id=\"text-box-855663954\" class=\"text-box banner-layer x50 md-x50 lg-x50 y50 md-y30 lg-y30 res-text\">\n                                <div class=\"text-box-content text dark\">\n              \n              <div class=\"text-inner text-center\">\n                  \n\t<div id=\"text-1139461922\" class=\"text\">\n\t\t\n<p style=\"text-align: center;\"><span style=\"font-size: 100%;\"><b>IDC \u2013 NH\u00c0 T\u01af V\u1ea4N H\u00c0NG \u0110\u1ea6U \u0110\u01af\u1ee2C C\u00c1C CH\u1ee6 \u0110\u1ea6U T\u01af TRONG &amp; NGO\u00c0I N\u01af\u1edaC TIN T\u01af\u1edeNG<\/b><\/span><\/p>\n\t\t\n<style>\n#text-1139461922 {\n  font-size: 1.25rem;\n  text-align: center;\n}\n@media (min-width:550px) {\n  #text-1139461922 {\n    font-size: 1.75rem;\n  }\n}\n<\/style>\n\t<\/div>\n\t\n              <\/div>\n           <\/div>\n                            \n<style>\n#text-box-855663954 {\n  width: 85%;\n}\n#text-box-855663954 .text-box-content {\n  font-size: 100%;\n}\n@media (min-width:550px) {\n  #text-box-855663954 {\n    width: 60%;\n  }\n}\n<\/style>\n    <\/div>\n \n        <\/div>\n      <\/div>\n\n            \n<style>\n#banner-1170624830 {\n  padding-top: 95%;\n}\n#banner-1170624830 .overlay {\n  background-color: rgba(0, 0, 0, 0.308);\n}\n@media (min-width:550px) {\n  #banner-1170624830 {\n    padding-top: 30%;\n  }\n}\n<\/style>\n  <\/div>\n\n\n     <\/div>\n\n     <div class=\"loading-spin dark large centered\"><\/div>\n\n\t<\/div>\n\n\n\t\t<\/div>\n\t\t\t\t\t<\/div>\n\n\t\n<\/div>\n\t\t<\/div>\n\n\t\t\n<style>\n#section_721094256 {\n  padding-top: 0px;\n  padding-bottom: 0px;\n}\n<\/style>\n\t<\/section>\n\t\n\n\t<section class=\"section about-us-home\" id=\"section_1301423528\">\n\t\t<div class=\"section-bg fill\" >\n\t\t\t\t\t\t\t\t\t\n\t\t\t\n\n\t\t<\/div>\n\n\t\t\n\n\t\t<div class=\"section-content relative\">\n\t\t\t\n<div class=\"row align-equal align-center row-about-us\"  id=\"row-702651296\">\n\n\t<div id=\"col-826033082\" class=\"col medium-6 small-12 large-6\"  >\n\t\t\t\t<div class=\"col-inner text-center\"  >\n\t\t\t\n\t\t\t\n\t<div class=\"img has-hover img-border x md-x lg-x y md-y lg-y\" id=\"image_65930532\">\n\t\t\t\t\t\t\t\t<div class=\"img-inner dark\" >\n\t\t\t<img loading=\"lazy\" decoding=\"async\" width=\"1024\" height=\"1024\" src=\"https:\/\/store3.k-tech-services.com\/info125\/wp-content\/uploads\/2025\/04\/a4e89672-bc34-413d-9fc4-06561f31c360.webp\" class=\"attachment-original size-original\" alt=\"\" srcset=\"https:\/\/store3.k-tech-services.com\/info125\/wp-content\/uploads\/2025\/04\/a4e89672-bc34-413d-9fc4-06561f31c360.webp 1024w, https:\/\/store3.k-tech-services.com\/info125\/wp-content\/uploads\/2025\/04\/a4e89672-bc34-413d-9fc4-06561f31c360-300x300.webp 300w, https:\/\/store3.k-tech-services.com\/info125\/wp-content\/uploads\/2025\/04\/a4e89672-bc34-413d-9fc4-06561f31c360-150x150.webp 150w, https:\/\/store3.k-tech-services.com\/info125\/wp-content\/uploads\/2025\/04\/a4e89672-bc34-413d-9fc4-06561f31c360-768x768.webp 768w\" sizes=\"auto, (max-width: 1024px) 100vw, 1024px\" \/>\t\t\t\t\t\t\n\t\t\t\t\t<\/div>\n\t\t\t\t\t\t\t\t\n<style>\n#image_65930532 {\n  width: 91%;\n}\n<\/style>\n\t<\/div>\n\t\n\t\t<\/div>\n\t\t\t\t\t<\/div>\n\n\t\n\n\t<div id=\"col-944443223\" class=\"col medium-6 small-12 large-6\"  >\n\t\t\t\t<div class=\"col-inner\"  >\n\t\t\t\n\t\t\t\n\t<div id=\"text-682853697\" class=\"text title-about-us-home\">\n\t\t\n<h3>C\u00d4NG TY TNHH T\u01af V\u1ea4N THI\u1ebeT K\u1ebe QU\u1ed0C T\u1ebe IDC<\/h3>\n<p>N\u0103ng L\u01b0\u1ee3ng Xanh, Cu\u1ed9c S\u1ed1ng Xanh<\/p>\n\t\t\n<style>\n#text-682853697 {\n  line-height: 1.8;\n  text-align: left;\n}\n<\/style>\n\t<\/div>\n\t\n\t<div id=\"text-2606846800\" class=\"text\">\n\t\t\n<p><span style=\"font-weight: 400;\"><strong>C\u00d4NG TY TNHH T\u01af V\u1ea4N THI\u1ebeT K\u1ebe QU\u1ed0C T\u1ebe IDC<\/strong> l\u00e0 \u0111\u01a1n v\u1ecb t\u01b0 v\u1ea5n chuy\u00ean s\u00e2u trong l\u0129nh v\u1ef1c n\u0103ng l\u01b0\u1ee3ng t\u00e1i t\u1ea1o, v\u1edbi h\u01a1n 10 n\u0103m kinh nghi\u1ec7m. Ch\u00fang t\u00f4i t\u1ef1 h\u00e0o l\u00e0 \u0111\u1ed1i t\u00e1c tin c\u1eady c\u1ee7a c\u00e1c nh\u00e0 \u0111\u1ea7u t\u01b0, nh\u00e0 th\u1ea7u v\u00e0 chuy\u00ean gia \u0111\u1ebfn t\u1eeb nh\u1eefng qu\u1ed1c gia h\u00e0ng \u0111\u1ea7u nh\u01b0 \u0110\u1ee9c, Anh, \u00dac v\u00e0 \u1ea4n \u0110\u1ed9.<\/span><\/p>\n<p><span style=\"font-weight: 400;\">V\u1edbi s\u1ef1 h\u1ee3p t\u00e1c ch\u1eb7t ch\u1ebd c\u00f9ng c\u00e1c \u0111\u1ed1i t\u00e1c trong v\u00e0 ngo\u00e0i n\u01b0\u1edbc, IDC cam k\u1ebft cung c\u1ea5p d\u1ecbch v\u1ee5 t\u01b0 v\u1ea5n theo ti\u00eau chu\u1ea9n qu\u1ed1c t\u1ebf, \u0111\u1ed3ng th\u1eddi \u0111\u1ea9y m\u1ea1nh \u1ee9ng d\u1ee5ng c\u00f4ng ngh\u1ec7 ti\u00ean ti\u1ebfn v\u00e0o c\u00e1c d\u1ef1 \u00e1n t\u1ea1i Vi\u1ec7t Nam. Ch\u00fang t\u00f4i lu\u00f4n \u0111\u1ed5i m\u1edbi, h\u01b0\u1edbng t\u1edbi s\u1ef1 ph\u00e1t tri\u1ec3n b\u1ec1n v\u1eefng v\u00e0 g\u00f3p ph\u1ea7n \u0111\u01b0a Vi\u1ec7t Nam tr\u1edf th\u00e0nh trung t\u00e2m n\u0103ng l\u01b0\u1ee3ng t\u00e1i t\u1ea1o c\u1ee7a khu v\u1ef1c.<\/span><\/p>\n\t\t\n<style>\n#text-2606846800 {\n  text-align: left;\n}\n<\/style>\n\t<\/div>\n\t\n<div class=\"row row-collapse row-active-count\"  id=\"row-1872105929\">\n\n\t<div id=\"col-376355467\" class=\"col exp-home medium-6 small-6 large-6\"  >\n\t\t\t\t<div class=\"col-inner\"  >\n\t\t\t\n\t\t\t\n\t<div id=\"text-3709847529\" class=\"text\">\n\t\t\n<h1><span class=\"count-up\">10<\/span>+<\/h1>\n<p><strong>N\u0103m kinh nghi\u1ec7m<\/strong><\/p>\n\t\t\n<style>\n#text-3709847529 {\n  text-align: left;\n}\n<\/style>\n\t<\/div>\n\t\n\t\t<\/div>\n\t\t\t\t\t<\/div>\n\n\t\n\n\t<div id=\"col-1348812761\" class=\"col sys-home medium-6 small-6 large-6\"  >\n\t\t\t\t<div class=\"col-inner text-right\"  >\n\t\t\t\n\t\t\t\n\t<div id=\"text-3698360889\" class=\"text\">\n\t\t\n<h1 style=\"text-align: left;\"><span class=\"count-up\">200<\/span>+<\/h1>\n<p><strong>H\u1ec7 th\u1ed1ng \u0111\u00e3 l\u1eafp \u0111\u1eb7t<\/strong><\/p>\n\t\t\n<style>\n#text-3698360889 {\n  text-align: left;\n}\n@media (min-width:550px) {\n  #text-3698360889 {\n    text-align: left;\n  }\n}\n<\/style>\n\t<\/div>\n\t\n\t\t<\/div>\n\t\t\t\t\t<\/div>\n\n\t\n<\/div>\n\t\t<\/div>\n\t\t\t\t\t<\/div>\n\n\t\n<\/div>\n\t\t<\/div>\n\n\t\t\n<style>\n#section_1301423528 {\n  padding-top: 0px;\n  padding-bottom: 0px;\n}\n<\/style>\n\t<\/section>\n\t\n\n\t<section class=\"section about-us-home\" id=\"section_377360784\">\n\t\t<div class=\"section-bg fill\" >\n\t\t\t\t\t\t\t\t\t\n\t\t\t\n\n\t\t<\/div>\n\n\t\t\n\n\t\t<div class=\"section-content relative\">\n\t\t\t\n<div class=\"row align-middle align-center row-about-us\"  id=\"row-624879843\">\n\n\t<div id=\"col-851843109\" class=\"col medium-6 small-12 large-6\"  >\n\t\t\t\t<div class=\"col-inner\"  >\n\t\t\t\n\t\t\t\n\t<div id=\"text-576311616\" class=\"text title-about-us-home\">\n\t\t\n<p>C\u00d4NG TY TNHH T\u01af V\u1ea4N THI\u1ebeT K\u1ebe QU\u1ed0C T\u1ebe IDC<\/p>\n<h3>CAM K\u1ebeT \u0110\u1ed2NG H\u00c0NH CH\u1ea4T L\u01af\u1ee2NG<\/h3>\n\t\t\n<style>\n#text-576311616 {\n  line-height: 1.8;\n  text-align: left;\n}\n<\/style>\n\t<\/div>\n\t\n\t<div id=\"text-3619378046\" class=\"text\">\n\t\t\n<p><span style=\"font-weight: 400;\">S\u1edf h\u1eefu \u0111\u1ed9i ng\u0169 chuy\u00ean gia gi\u00e0u kinh nghi\u1ec7m c\u00f9ng t\u1ea7m nh\u00ecn chi\u1ebfn l\u01b0\u1ee3c, IDC kh\u1eb3ng \u0111\u1ecbnh v\u1ecb th\u1ebf l\u00e0 m\u1ed9t trong nh\u1eefng \u0111\u01a1n v\u1ecb t\u01b0 v\u1ea5n h\u00e0ng \u0111\u1ea7u trong ng\u00e0nh. Ch\u00fang t\u00f4i kh\u00f4ng ch\u1ec9 mang \u0111\u1ebfn c\u00e1c gi\u1ea3i ph\u00e1p t\u1ed1i \u01b0u v\u1ec1 k\u1ef9 thu\u1eadt m\u00e0 c\u00f2n \u0111\u1ea3m b\u1ea3o hi\u1ec7u qu\u1ea3 \u0111\u1ea7u t\u01b0 d\u00e0i h\u1ea1n, gi\u00fap kh\u00e1ch h\u00e0ng t\u1ed1i \u01b0u chi ph\u00ed v\u00e0 \u0111\u1ea1t \u0111\u01b0\u1ee3c l\u1ee3i \u00edch b\u1ec1n v\u1eefng<\/span><\/p>\n\t\t\n<style>\n#text-3619378046 {\n  text-align: left;\n}\n<\/style>\n\t<\/div>\n\t\n\t\t<\/div>\n\t\t\t\t\t<\/div>\n\n\t\n\n\t<div id=\"col-222697958\" class=\"col medium-6 small-12 large-6\"  >\n\t\t\t\t<div class=\"col-inner text-center\"  >\n\t\t\t\n\t\t\t\n\t<div class=\"img has-hover img-border x md-x lg-x y md-y lg-y\" id=\"image_426516738\">\n\t\t\t\t\t\t\t\t<div class=\"img-inner dark\" >\n\t\t\t<img loading=\"lazy\" decoding=\"async\" width=\"931\" height=\"931\" src=\"https:\/\/store3.k-tech-services.com\/info125\/wp-content\/uploads\/2025\/04\/Anh4-1.jpg\" class=\"attachment-original size-original\" alt=\"\" srcset=\"https:\/\/store3.k-tech-services.com\/info125\/wp-content\/uploads\/2025\/04\/Anh4-1.jpg 931w, https:\/\/store3.k-tech-services.com\/info125\/wp-content\/uploads\/2025\/04\/Anh4-1-300x300.jpg 300w, https:\/\/store3.k-tech-services.com\/info125\/wp-content\/uploads\/2025\/04\/Anh4-1-150x150.jpg 150w, https:\/\/store3.k-tech-services.com\/info125\/wp-content\/uploads\/2025\/04\/Anh4-1-768x768.jpg 768w\" sizes=\"auto, (max-width: 931px) 100vw, 931px\" \/>\t\t\t\t\t\t\n\t\t\t\t\t<\/div>\n\t\t\t\t\t\t\t\t\n<style>\n#image_426516738 {\n  width: 100%;\n}\n<\/style>\n\t<\/div>\n\t\n\t\t<\/div>\n\t\t\t\t\t<\/div>\n\n\t\n<\/div>\n\t\t<\/div>\n\n\t\t\n<style>\n#section_377360784 {\n  padding-top: 0px;\n  padding-bottom: 0px;\n}\n<\/style>\n\t<\/section>\n\t\n\n\t<section class=\"section about-us-home\" id=\"section_1190433201\">\n\t\t<div class=\"section-bg fill\" >\n\t\t\t\t\t\t\t\t\t\n\t\t\t\n\n\t\t<\/div>\n\n\t\t\n\n\t\t<div class=\"section-content relative\">\n\t\t\t\n<div class=\"row align-equal align-center row-about-us\"  id=\"row-651062160\">\n\n\t<div id=\"col-1229740517\" class=\"col medium-6 small-12 large-6\"  >\n\t\t\t\t<div class=\"col-inner text-center\"  >\n\t\t\t\n\t\t\t\n\t<div class=\"img has-hover img-border x md-x lg-x y md-y lg-y\" id=\"image_116555982\">\n\t\t\t\t\t\t\t\t<div class=\"img-inner dark\" >\n\t\t\t<img loading=\"lazy\" decoding=\"async\" width=\"1414\" height=\"942\" src=\"https:\/\/store3.k-tech-services.com\/info125\/wp-content\/uploads\/2025\/04\/Anh6-1.jpg\" class=\"attachment-original size-original\" alt=\"\" srcset=\"https:\/\/store3.k-tech-services.com\/info125\/wp-content\/uploads\/2025\/04\/Anh6-1.jpg 1414w, https:\/\/store3.k-tech-services.com\/info125\/wp-content\/uploads\/2025\/04\/Anh6-1-300x200.jpg 300w, https:\/\/store3.k-tech-services.com\/info125\/wp-content\/uploads\/2025\/04\/Anh6-1-1024x682.jpg 1024w, https:\/\/store3.k-tech-services.com\/info125\/wp-content\/uploads\/2025\/04\/Anh6-1-768x512.jpg 768w\" sizes=\"auto, (max-width: 1414px) 100vw, 1414px\" \/>\t\t\t\t\t\t\n\t\t\t\t\t<\/div>\n\t\t\t\t\t\t\t\t\n<style>\n#image_116555982 {\n  width: 91%;\n}\n<\/style>\n\t<\/div>\n\t\n\t<div class=\"img has-hover img-border x md-x lg-x y md-y lg-y\" id=\"image_1497782665\">\n\t\t\t\t\t\t\t\t<div class=\"img-inner dark\" >\n\t\t\t<img loading=\"lazy\" decoding=\"async\" width=\"624\" height=\"355\" src=\"https:\/\/store3.k-tech-services.com\/info125\/wp-content\/uploads\/2025\/04\/Anh5-1.png\" class=\"attachment-original size-original\" alt=\"\" srcset=\"https:\/\/store3.k-tech-services.com\/info125\/wp-content\/uploads\/2025\/04\/Anh5-1.png 624w, https:\/\/store3.k-tech-services.com\/info125\/wp-content\/uploads\/2025\/04\/Anh5-1-300x171.png 300w\" sizes=\"auto, (max-width: 624px) 100vw, 624px\" \/>\t\t\t\t\t\t\n\t\t\t\t\t<\/div>\n\t\t\t\t\t\t\t\t\n<style>\n#image_1497782665 {\n  width: 91%;\n}\n<\/style>\n\t<\/div>\n\t\n\t\t<\/div>\n\t\t\t\t\t<\/div>\n\n\t\n\n\t<div id=\"col-2110551476\" class=\"col medium-6 small-12 large-6\"  >\n\t\t\t\t<div class=\"col-inner\"  >\n\t\t\t\n\t\t\t\n\t<div id=\"text-3369446228\" class=\"text title-about-us-home\">\n\t\t\n<p>C\u00d4NG TY TNHH T\u01af V\u1ea4N THI\u1ebeT K\u1ebe QU\u1ed0C T\u1ebe IDC<\/p>\n<h3>GI\u00c1 TR\u1eca C\u1ed0T L\u00d5I<\/h3>\n\t\t\n<style>\n#text-3369446228 {\n  line-height: 1.8;\n  text-align: left;\n}\n<\/style>\n\t<\/div>\n\t\n\t<div id=\"text-2038574032\" class=\"text\">\n\t\t\n<p>Ch\u00fang t\u00f4i t\u1ef1 h\u00e0o v\u1edbi \u0111\u1ed9i ng\u0169 chuy\u00ean gia d\u00e0y d\u1eb7n kinh nghi\u1ec7m, s\u1ea3n ph\u1ea9m v\u00e0 d\u1ecbch v\u1ee5 ch\u1ea5t l\u01b0\u1ee3ng h\u00e0ng \u0111\u1ea7u, v\u00e0 c\u00f4ng ngh\u1ec7 ti\u00ean ti\u1ebfn nh\u1ea5t trong ng\u00e0nh \u0111i\u1ec7n m\u1eb7t tr\u1eddi.<\/p>\n\t\t\n<style>\n#text-2038574032 {\n  text-align: left;\n}\n<\/style>\n\t<\/div>\n\t\n\n\t\t<div class=\"icon-box featured-box icon-box-left text-left\"  >\n\t\t\t\t\t<div class=\"icon-box-img\" style=\"width: 60px\">\n\t\t\t\t<div class=\"icon\">\n\t\t\t\t\t<div class=\"icon-inner\" style=\"color:rgb(201, 25, 25);\">\n\t\t\t\t\t\t<img loading=\"lazy\" decoding=\"async\" width=\"155\" height=\"181\" src=\"https:\/\/store3.k-tech-services.com\/info125\/wp-content\/uploads\/2025\/04\/Inter__1_-removebg-preview.png\" class=\"attachment-medium size-medium\" alt=\"\" \/>\t\t\t\t\t<\/div>\n\t\t\t\t<\/div>\n\t\t\t<\/div>\n\t\t\t\t<div class=\"icon-box-text last-reset\">\n\t\t\t\t\t\t\t\t\t\n<h3 class=\"elementor-image-box-title\">S\u1ee8 M\u1ec6NH<\/h3>\n<p class=\"elementor-image-box-description\"><span style=\"font-weight: 400;\">IDC cam k\u1ebft cung c\u1ea5p c\u00e1c gi\u1ea3i ph\u00e1p n\u0103ng l\u01b0\u1ee3ng t\u00e1i t\u1ea1o hi\u1ec7u qu\u1ea3, b\u1ec1n v\u1eefng v\u00e0 th\u00e2n thi\u1ec7n v\u1edbi m\u00f4i tr\u01b0\u1eddng. Ch\u00fang t\u00f4i gi\u00fap doanh nghi\u1ec7p t\u1ed1i \u01b0u h\u00f3a chi ph\u00ed, gi\u1ea3m thi\u1ec3u t\u00e1c \u0111\u1ed9ng ti\u00eau c\u1ef1c \u0111\u1ebfn m\u00f4i tr\u01b0\u1eddng v\u00e0 th\u00fac \u0111\u1ea9y s\u1ef1 ph\u00e1t tri\u1ec3n c\u1ee7a h\u1ec7 sinh th\u00e1i n\u0103ng l\u01b0\u1ee3ng s\u1ea1ch. V\u1edbi s\u1ef1 \u0111\u1ed5i m\u1edbi kh\u00f4ng ng\u1eebng, IDC \u0111\u1ed3ng h\u00e0nh c\u00f9ng kh\u00e1ch h\u00e0ng trong h\u00e0nh tr\u00ecnh chuy\u1ec3n \u0111\u1ed5i sang n\u0103ng l\u01b0\u1ee3ng xanh, h\u01b0\u1edbng \u0111\u1ebfn m\u1ed9t t\u01b0\u01a1ng lai ph\u00e1t tri\u1ec3n b\u1ec1n v\u1eefng.<\/span><\/p>\n\t\t<\/div>\n\t<\/div>\n\t\n\t\n\t<div id=\"gap-371891856\" class=\"gap-element clearfix\" style=\"display:block; height:auto;\">\n\t\t\n<style>\n#gap-371891856 {\n  padding-top: 20px;\n}\n<\/style>\n\t<\/div>\n\t\n\n\t\t<div class=\"icon-box featured-box icon-box-left text-left\"  >\n\t\t\t\t\t<div class=\"icon-box-img\" style=\"width: 60px\">\n\t\t\t\t<div class=\"icon\">\n\t\t\t\t\t<div class=\"icon-inner\" style=\"color:rgb(201, 25, 25);\">\n\t\t\t\t\t\t<img loading=\"lazy\" decoding=\"async\" width=\"155\" height=\"181\" src=\"https:\/\/store3.k-tech-services.com\/info125\/wp-content\/uploads\/2025\/04\/Inter__2_-removebg-preview.png\" class=\"attachment-medium size-medium\" alt=\"\" \/>\t\t\t\t\t<\/div>\n\t\t\t\t<\/div>\n\t\t\t<\/div>\n\t\t\t\t<div class=\"icon-box-text last-reset\">\n\t\t\t\t\t\t\t\t\t\n<h3 class=\"elementor-image-box-title\">T\u1ea6M NH\u00ccN<\/h3>\n<p><span style=\"font-weight: 400;\">IDC \u0111\u1eb7t m\u1ee5c ti\u00eau tr\u1edf th\u00e0nh c\u00f4ng ty t\u01b0 v\u1ea5n n\u0103ng l\u01b0\u1ee3ng t\u00e1i t\u1ea1o h\u00e0ng \u0111\u1ea7u t\u1ea1i Vi\u1ec7t Nam v\u00e0 khu v\u1ef1c \u0110\u00f4ng Nam \u00c1. Ch\u00fang t\u00f4i kh\u00f4ng ch\u1ec9 cung c\u1ea5p c\u00e1c gi\u1ea3i ph\u00e1p ti\u00ean ti\u1ebfn m\u00e0 c\u00f2n \u0111\u1ed3ng h\u00e0nh c\u00f9ng doanh nghi\u1ec7p trong qu\u00e1 tr\u00ecnh chuy\u1ec3n \u0111\u1ed5i sang m\u00f4 h\u00ecnh n\u0103ng l\u01b0\u1ee3ng s\u1ea1ch, g\u00f3p ph\u1ea7n \u0111\u01b0a Vi\u1ec7t Nam tr\u1edf th\u00e0nh trung t\u00e2m n\u0103ng l\u01b0\u1ee3ng t\u00e1i t\u1ea1o c\u1ee7a khu v\u1ef1c. B\u1eb1ng chuy\u00ean m\u00f4n s\u00e2u r\u1ed9ng v\u00e0 s\u1ef1 cam k\u1ebft m\u1ea1nh m\u1ebd, IDC h\u01b0\u1edbng \u0111\u1ebfn vi\u1ec7c ki\u1ebfn t\u1ea1o m\u1ed9t n\u1ec1n t\u1ea3ng v\u1eefng ch\u1eafc cho s\u1ef1 ph\u00e1t tri\u1ec3n b\u1ec1n v\u1eefng c\u1ee7a ng\u00e0nh n\u0103ng l\u01b0\u1ee3ng xanh.<\/span><\/p>\n\t\t<\/div>\n\t<\/div>\n\t\n\t\n\t<div id=\"gap-1755419542\" class=\"gap-element clearfix\" style=\"display:block; height:auto;\">\n\t\t\n<style>\n#gap-1755419542 {\n  padding-top: 20px;\n}\n<\/style>\n\t<\/div>\n\t\n\t\t<\/div>\n\t\t\t\t\t<\/div>\n\n\t\n<\/div>\n\t\t<\/div>\n\n\t\t\n<style>\n#section_1190433201 {\n  padding-top: 0px;\n  padding-bottom: 0px;\n}\n<\/style>\n\t<\/section>\n\t\n","protected":false},"excerpt":{"rendered":"","protected":false},"author":1,"featured_media":0,"parent":0,"menu_order":0,"comment_status":"closed","ping_status":"closed","template":"page-blank.php","meta":{"footnotes":""},"class_list":["post-40","page","type-page","status-publish","hentry"],"_links":{"self":[{"href":"https:\/\/store3.k-tech-services.com\/info125\/wp-json\/wp\/v2\/pages\/40","targetHints":{"allow":["GET"]}}],"collection":[{"href":"https:\/\/store3.k-tech-services.com\/info125\/wp-json\/wp\/v2\/pages"}],"about":[{"href":"https:\/\/store3.k-tech-services.com\/info125\/wp-json\/wp\/v2\/types\/page"}],"author":[{"embeddable":true,"href":"https:\/\/store3.k-tech-services.com\/info125\/wp-json\/wp\/v2\/users\/1"}],"replies":[{"embeddable":true,"href":"https:\/\/store3.k-tech-services.com\/info125\/wp-json\/wp\/v2\/comments?post=40"}],"version-history":[{"count":43,"href":"https:\/\/store3.k-tech-services.com\/info125\/wp-json\/wp\/v2\/pages\/40\/revisions"}],"predecessor-version":[{"id":681,"href":"https:\/\/store3.k-tech-services.com\/info125\/wp-json\/wp\/v2\/pages\/40\/revisions\/681"}],"wp:attachment":[{"href":"https:\/\/store3.k-tech-services.com\/info125\/wp-json\/wp\/v2\/media?parent=40"}],"curies":[{"name":"wp","href":"https:\/\/api.w.org\/{rel}","templated":true}]}}