{"id":8,"date":"2024-12-12T15:05:09","date_gmt":"2024-12-12T15:05:09","guid":{"rendered":"http:\/\/localhost\/du-hoc\/?page_id=8"},"modified":"2025-04-01T03:05:28","modified_gmt":"2025-04-01T03:05:28","slug":"thong-tin-khoa-hoc","status":"publish","type":"page","link":"https:\/\/store3.k-tech-services.com\/duhoc\/thong-tin-khoa-hoc\/","title":{"rendered":"Th\u00f4ng tin kh\u00f3a h\u1ecdc"},"content":{"rendered":"\n\n\n  <div class=\"banner has-hover\" id=\"banner-699924869\">\n          <div class=\"banner-inner fill\">\n        <div class=\"banner-bg fill\" >\n            <img loading=\"lazy\" decoding=\"async\" width=\"1580\" height=\"420\" src=\"https:\/\/store3.k-tech-services.com\/duhoc\/wp-content\/uploads\/2024\/12\/Thiet-ke-chua-co-ten-2-e1734411325131.png\" class=\"bg attachment-original size-original\" alt=\"\" \/>                                    \n                    <\/div>\n\t\t\n        <div class=\"banner-layers container\">\n            <div class=\"fill banner-link\"><\/div>            \n\n   <div id=\"text-box-1648965350\" class=\"text-box banner-layer x50 md-x50 lg-x50 y50 md-y50 lg-y50 res-text\">\n                                <div class=\"text-box-content text dark\">\n              \n              <div class=\"text-inner text-center\">\n                  \n\n\n              <\/div>\n           <\/div>\n                            \n<style>\n#text-box-1648965350 {\n  width: 60%;\n}\n#text-box-1648965350 .text-box-content {\n  font-size: 100%;\n}\n<\/style>\n    <\/div>\n \n\n        <\/div>\n      <\/div>\n\n            \n<style>\n#banner-699924869 {\n  padding-top: 400px;\n}\n#banner-699924869 .banner-bg img {\n  object-position: 50% 50%;\n}\n<\/style>\n  <\/div>\n\n\n\n\t<section class=\"section\" id=\"section_969041292\">\n\t\t<div class=\"section-bg fill\" >\n\t\t\t\t\t\t\t\t\t\n\t\t\t\n\n\t\t<\/div>\n\n\t\t\n\n\t\t<div class=\"section-content relative\">\n\t\t\t\n\n<div class=\"row\"  id=\"row-1441029055\">\n\n\n\t<div id=\"col-1311629311\" class=\"col medium-4 small-12 large-4\"  >\n\t\t\t\t<div class=\"col-inner\"  >\n\t\t\t\n\t\t\t\n\n\t<div class=\"img has-hover x md-x lg-x y md-y lg-y\" id=\"image_791230160\">\n\t\t\t\t\t\t\t\t<div class=\"img-inner dark\" >\n\t\t\t<img loading=\"lazy\" decoding=\"async\" width=\"1286\" height=\"1150\" src=\"https:\/\/store3.k-tech-services.com\/duhoc\/wp-content\/uploads\/2024\/12\/Untitled-3.png\" class=\"attachment-original size-original\" alt=\"\" srcset=\"https:\/\/store3.k-tech-services.com\/duhoc\/wp-content\/uploads\/2024\/12\/Untitled-3.png 1286w, https:\/\/store3.k-tech-services.com\/duhoc\/wp-content\/uploads\/2024\/12\/Untitled-3-300x268.png 300w, https:\/\/store3.k-tech-services.com\/duhoc\/wp-content\/uploads\/2024\/12\/Untitled-3-1024x916.png 1024w, https:\/\/store3.k-tech-services.com\/duhoc\/wp-content\/uploads\/2024\/12\/Untitled-3-768x687.png 768w\" sizes=\"auto, (max-width: 1286px) 100vw, 1286px\" \/>\t\t\t\t\t\t\n\t\t\t\t\t<\/div>\n\t\t\t\t\t\t\t\t\n<style>\n#image_791230160 {\n  width: 100%;\n}\n<\/style>\n\t<\/div>\n\t\n\n\n\t\t<\/div>\n\t\t\t\t\t<\/div>\n\n\t\n\n\t<div id=\"col-326124933\" class=\"col medium-8 small-12 large-8\"  >\n\t\t\t\t<div class=\"col-inner\"  >\n\t\t\t\n\t\t\t\n\n\t<div id=\"text-1192264122\" class=\"text\">\n\t\t\n\n<h2>S\u1ee9 m\u1ec7nh AVELA Education<\/h2>\n\t\t\n<style>\n#text-1192264122 {\n  color: #921519;\n}\n#text-1192264122 > * {\n  color: #921519;\n}\n<\/style>\n\t<\/div>\n\t\n<p>AVELA l\u00e0 n\u01a1i vi\u1ebft n\u00ean nh\u1eefng c\u00e2u chuy\u1ec7n v\u1ec1 gi\u1ea5c m\u01a1 du h\u1ecdc, v\u1ec1 mong \u01b0\u1edbc kh\u00e1m ph\u00e1 ch\u00e2n tr\u1eddi tri th\u1ee9c c\u1ee7a nh\u1eefng n\u1ec1n gi\u00e1o d\u1ee5c khai ph\u00f3ng hi\u1ec7n \u0111\u1ea1i. Ch\u1eb7ng \u0111\u01b0\u1eddng h\u1ecdc b\u1ed5ng lu\u00f4n b\u1eaft \u0111\u1ea7u b\u1eb1ng nh\u1eefng s\u1ef1 chu\u1ea9n b\u1ecb ch\u1ec9n chu nh\u1ea5t t\u1eeb b\u1ed9 h\u1ed3 s\u01a1, b\u00e0i lu\u1eadn, th\u01b0 gi\u1edbi thi\u1ec7u. AVELA Education \u0111\u00e3, \u0111ang v\u00e0 s\u1ebd m\u00e3i l\u00e0 m\u1ed9t \u201cBig Bang\u201d tr\u00ean ch\u1eb7ng \u0111\u01b0\u1eddng \u1ea5y.<\/p>\n\n\t\t<\/div>\n\t\t\t\t\t<\/div>\n\n\t\n\n<\/div>\n\n\t\t<\/div>\n\n\t\t\n<style>\n#section_969041292 {\n  padding-top: 30px;\n  padding-bottom: 30px;\n}\n<\/style>\n\t<\/section>\n\t\n\n\t<section class=\"section\" id=\"section_788836232\">\n\t\t<div class=\"section-bg fill\" >\n\t\t\t\t\t\t\t\t\t\n\t\t\t\n\n\t\t<\/div>\n\n\t\t\n\n\t\t<div class=\"section-content relative\">\n\t\t\t\n\n<div class=\"row align-middle\"  id=\"row-1830879723\">\n\n\n\t<div id=\"col-61575211\" class=\"col medium-6 small-12 large-6\"  >\n\t\t\t\t<div class=\"col-inner\"  >\n\t\t\t\n\t\t\t\n\n\t<div id=\"text-3104916361\" class=\"text\">\n\t\t\n\n<h2><strong>Tri\u1ebft l\u00fd AVELA Education<\/strong><\/h2>\n\t\t\n<style>\n#text-3104916361 {\n  color: #921519;\n}\n#text-3104916361 > * {\n  color: #921519;\n}\n<\/style>\n\t<\/div>\n\t\n<p>Growth \u2013 \u1ede AVELA Education, nh\u1eefng su\u1ea5t h\u1ecdc b\u1ed5ng h\u00e0ng t\u1ef7 \u0111\u1ed3ng m\u00e0 c\u00e1c b\u1ea1n h\u1ecdc sinh, sinh vi\u00ean \u0111\u1ea1t \u0111\u01b0\u1ee3c kh\u00f4ng ch\u1ec9 l\u00e0 th\u00e0nh qu\u1ea3 ng\u1ecdt ng\u00e0o m\u00e0 h\u01a1n h\u1ebft \u0111\u00f3 l\u00e0 nh\u1eefng tr\u1ea3i nghi\u1ec7m qua \u0111\u1ee7 m\u1ecdi cung b\u1eadc c\u1ea3m x\u00fac t\u1eeb hoang mang, say m\u00ea, h\u1ed3i h\u1ed9p v\u00e0 v\u1ee1 \u00f2a trong h\u1ea1nh ph\u00fac.<\/p>\n<p>AVELA Education coi m\u1ed7i ch\u1eb7ng \u0111\u01b0\u1eddng h\u1ecdc b\u1ed5ng l\u00e0 h\u00e0nh tr\u00ecnh m\u00e0 m\u1ed7i b\u1ea1n h\u1ecdc sinh ph\u1ea3i t\u1ef1 m\u00ecnh \u0111i qua, t\u1ef1 m\u00ecnh tr\u1ea3i nghi\u1ec7m, l\u00e0 ch\u1eb7ng \u0111\u01b0\u1eddng ch\u00f4ng gai m\u1ed7i \u1ee9ng vi\u00ean ph\u1ea3i \u0111\u1ea9y b\u1ea3n th\u00e2n m\u00ecnh v\u01b0\u1ee3t qua gi\u1edbi h\u1ea1n \u0111\u1ec3 trui r\u00e8n n\u0103ng l\u1ef1c. Kh\u00f4ng ngoa khi n\u00f3i r\u1eb1ng \u1ee9ng tuy\u1ec3n h\u1ecdc b\u1ed5ng \u1edf AVELA Education ch\u00ednh l\u00e0 nh\u1eefng h\u00e0nh trang v\u1ee1 l\u00f2ng cho c\u00e1c \u1ee9ng vi\u00ean mu\u1ed1n theo \u0111u\u1ed5i con \u0111\u01b0\u1eddng h\u1ecdc thu\u1eadt \u1edf n\u01b0\u1edbc ngo\u00e0i.<\/p>\n\n\t\t<\/div>\n\t\t\t\t\t<\/div>\n\n\t\n\n\t<div id=\"col-206217709\" class=\"col medium-6 small-12 large-6\"  >\n\t\t\t\t<div class=\"col-inner\"  >\n\t\t\t\n\t\t\t\n\n\t<div class=\"img has-hover x md-x lg-x y md-y lg-y\" id=\"image_1943756630\">\n\t\t\t\t\t\t\t\t<div class=\"img-inner dark\" >\n\t\t\t<img loading=\"lazy\" decoding=\"async\" width=\"624\" height=\"322\" src=\"https:\/\/store3.k-tech-services.com\/duhoc\/wp-content\/uploads\/2024\/12\/Group-3072.png\" class=\"attachment-original size-original\" alt=\"\" srcset=\"https:\/\/store3.k-tech-services.com\/duhoc\/wp-content\/uploads\/2024\/12\/Group-3072.png 624w, https:\/\/store3.k-tech-services.com\/duhoc\/wp-content\/uploads\/2024\/12\/Group-3072-300x155.png 300w\" sizes=\"auto, (max-width: 624px) 100vw, 624px\" \/>\t\t\t\t\t\t\n\t\t\t\t\t<\/div>\n\t\t\t\t\t\t\t\t\n<style>\n#image_1943756630 {\n  width: 100%;\n}\n<\/style>\n\t<\/div>\n\t\n\n\n\t\t<\/div>\n\t\t\t\t\t<\/div>\n\n\t\n\n<\/div>\n\n\t\t<\/div>\n\n\t\t\n<style>\n#section_788836232 {\n  padding-top: 30px;\n  padding-bottom: 30px;\n}\n<\/style>\n\t<\/section>\n\t\n\n\t<section class=\"section\" id=\"section_924845460\">\n\t\t<div class=\"section-bg fill\" >\n\t\t\t<img loading=\"lazy\" decoding=\"async\" width=\"1728\" height=\"506\" src=\"https:\/\/store3.k-tech-services.com\/duhoc\/wp-content\/uploads\/2024\/12\/Group-3075.png\" class=\"bg attachment- size-\" alt=\"\" \/>\t\t\t\t\t\t<div class=\"section-bg-overlay absolute fill\"><\/div>\n\t\t\t\n\n\t\t<\/div>\n\n\t\t\n\n\t\t<div class=\"section-content relative\">\n\t\t\t\n\n\t<div id=\"gap-1704237711\" class=\"gap-element clearfix\" style=\"display:block; height:auto;\">\n\t\t\n<style>\n#gap-1704237711 {\n  padding-top: 50px;\n}\n<\/style>\n\t<\/div>\n\t\n\n\t<div id=\"text-4218771952\" class=\"text\">\n\t\t\n\n<h2><strong>Tri\u1ebft l\u00fd AVELA Education<\/strong><\/h2>\n\t\t\n<style>\n#text-4218771952 {\n  text-align: center;\n  color: rgb(255,255,255);\n}\n#text-4218771952 > * {\n  color: rgb(255,255,255);\n}\n<\/style>\n\t<\/div>\n\t\n\t<div id=\"text-4110452339\" class=\"text\">\n\t\t\n\n<p>N\u1ebfu nh\u01b0 b\u00e0i lu\u1eadn c\u00e1 nh\u00e2n l\u00e0 linh h\u1ed3n c\u1ee7a m\u1ed9t b\u1ed9 h\u1ed3 s\u01a1 h\u1ecdc b\u1ed5ng th\u00ec c\u00e1ch th\u1ee9c ti\u1ebfp c\u1eadn b\u00e0i lu\u1eadn, tri\u1ec3n khai b\u00e0i lu\u1eadn c\u0169ng ch\u00ednh l\u00e0<br \/>\nlinh h\u1ed3n c\u1ee7a AVELA. M\u1ed7i b\u00e0i lu\u1eadn ra \u0111\u1eddi \u1edf AVELA l\u00e0 th\u00e0nh qu\u1ea3 c\u1ee7a qu\u00e1 tr\u00ecnh suy nghi\u1ec7m r\u1ea5t nghi\u00eam t\u00fac c\u1ee7a mentor v\u00e0 c\u00e1c b\u1ea1n<br \/>\nh\u1ecdc sinh, sinh vi\u00ean. M\u1ed7i ng\u00e0y tr\u00f4i qua nh\u01b0 m\u1ed9t b\u00e0i lu\u1eadn nh\u1ecf \u0111\u1ec3 c\u1ea3 cu\u1ed9c \u0111\u1eddi n\u00e0y l\u00e0 m\u1ed9t b\u00e0i lu\u1eadn l\u1edbn. Chuy\u1ec7n vi\u1ebft \u1edf AVELA Education kh\u00f4ng ch\u1ec9<br \/>\nd\u00e0nh cho ng\u01b0\u1eddi \u0111i h\u1ecdc, ng\u01b0\u1eddi \u0111i xin h\u1ecdc b\u1ed5ng m\u00e0 n\u00f3 c\u00f2n l\u00e0 l\u00e1t c\u1eaft \u0111\u1ec3 m\u1ed7i ng\u01b0\u1eddi nh\u00ecn l\u1ea1i nh\u1eefng \u0111i\u1ec1u \u0111\u00e3 qua, \u0111\u1ec3 suy ng\u1eabm t\u1eebng<br \/>\nkho\u1ea3nh kh\u1eafc c\u1ee7a c\u00e1i ch\u1ed1n \u201c\u0110\u1eddi nh\u1eb9 kh\u00f4n kham\u201d n\u00e0y.<\/p>\n\t\t\n<style>\n#text-4110452339 {\n  text-align: center;\n  color: rgb(255,255,255);\n}\n#text-4110452339 > * {\n  color: rgb(255,255,255);\n}\n<\/style>\n\t<\/div>\n\t\n<div class=\"row align-middle align-center\"  id=\"row-563195189\">\n\n\n\t<div id=\"col-1036738227\" class=\"col medium-4 small-12 large-4\"  >\n\t\t\t\t<div class=\"col-inner text-center\"  >\n\t\t\t\n\t\t\t\n\n\t<div class=\"img has-hover philosophy x md-x lg-x y md-y lg-y\" id=\"image_1871435469\">\n\t\t\t\t\t\t\t\t<div class=\"img-inner image-cover dark\" style=\"padding-top:320px;\">\n\t\t\t<img loading=\"lazy\" decoding=\"async\" width=\"314\" height=\"279\" src=\"https:\/\/store3.k-tech-services.com\/duhoc\/wp-content\/uploads\/2024\/12\/Mask-group-3.png\" class=\"attachment-original size-original\" alt=\"\" srcset=\"https:\/\/store3.k-tech-services.com\/duhoc\/wp-content\/uploads\/2024\/12\/Mask-group-3.png 314w, https:\/\/store3.k-tech-services.com\/duhoc\/wp-content\/uploads\/2024\/12\/Mask-group-3-300x267.png 300w\" sizes=\"auto, (max-width: 314px) 100vw, 314px\" \/>\t\t\t\t\t\t\n\t\t\t\t\t<\/div>\n\t\t\t\t\t\t\t\t\n<style>\n#image_1871435469 {\n  width: 88%;\n}\n<\/style>\n\t<\/div>\n\t\n\n\n\t\t<\/div>\n\t\t\t\t\t<\/div>\n\n\t\n\n\t<div id=\"col-333200159\" class=\"col medium-4 small-12 large-4\"  >\n\t\t\t\t<div class=\"col-inner text-center\"  >\n\t\t\t\n\t\t\t\n\n\t<div class=\"img has-hover philosophy x md-x lg-x y md-y lg-y\" id=\"image_313515200\">\n\t\t\t\t\t\t\t\t<div class=\"img-inner image-cover dark\" style=\"padding-top:320px;\">\n\t\t\t<img loading=\"lazy\" decoding=\"async\" width=\"1010\" height=\"897\" src=\"https:\/\/store3.k-tech-services.com\/duhoc\/wp-content\/uploads\/2024\/12\/Mask-group-1.png\" class=\"attachment-original size-original\" alt=\"\" srcset=\"https:\/\/store3.k-tech-services.com\/duhoc\/wp-content\/uploads\/2024\/12\/Mask-group-1.png 1010w, https:\/\/store3.k-tech-services.com\/duhoc\/wp-content\/uploads\/2024\/12\/Mask-group-1-300x266.png 300w, https:\/\/store3.k-tech-services.com\/duhoc\/wp-content\/uploads\/2024\/12\/Mask-group-1-768x682.png 768w\" sizes=\"auto, (max-width: 1010px) 100vw, 1010px\" \/>\t\t\t\t\t\t\n\t\t\t\t\t<\/div>\n\t\t\t\t\t\t\t\t\n<style>\n#image_313515200 {\n  width: 88%;\n}\n<\/style>\n\t<\/div>\n\t\n\n\n\t\t<\/div>\n\t\t\t\t\t<\/div>\n\n\t\n\n\t<div id=\"col-1205452894\" class=\"col medium-4 small-12 large-4\"  >\n\t\t\t\t<div class=\"col-inner text-center\"  >\n\t\t\t\n\t\t\t\n\n\t<div class=\"img has-hover philosophy x md-x lg-x y md-y lg-y\" id=\"image_200452654\">\n\t\t\t\t\t\t\t\t<div class=\"img-inner image-cover dark\" style=\"padding-top:320px;\">\n\t\t\t<img loading=\"lazy\" decoding=\"async\" width=\"314\" height=\"279\" src=\"https:\/\/store3.k-tech-services.com\/duhoc\/wp-content\/uploads\/2024\/12\/Mask-group-1-2.png\" class=\"attachment-original size-original\" alt=\"\" srcset=\"https:\/\/store3.k-tech-services.com\/duhoc\/wp-content\/uploads\/2024\/12\/Mask-group-1-2.png 314w, https:\/\/store3.k-tech-services.com\/duhoc\/wp-content\/uploads\/2024\/12\/Mask-group-1-2-300x267.png 300w\" sizes=\"auto, (max-width: 314px) 100vw, 314px\" \/>\t\t\t\t\t\t\n\t\t\t\t\t<\/div>\n\t\t\t\t\t\t\t\t\n<style>\n#image_200452654 {\n  width: 88%;\n}\n<\/style>\n\t<\/div>\n\t\n\n\n\t\t<\/div>\n\t\t\t\t\t<\/div>\n\n\t\n\n<\/div>\n\n\t\t<\/div>\n\n\t\t\n<style>\n#section_924845460 {\n  padding-top: 30px;\n  padding-bottom: 30px;\n}\n#section_924845460 .section-bg-overlay {\n  background-color: #921519;\n}\n<\/style>\n\t<\/section>\n\t\n\n\t<section class=\"section\" id=\"section_623344485\">\n\t\t<div class=\"section-bg fill\" >\n\t\t\t\t\t\t\t\t\t\n\t\t\t\n\n\t\t<\/div>\n\n\t\t\n\n\t\t<div class=\"section-content relative\">\n\t\t\t\n\n<div class=\"row align-middle align-center\"  id=\"row-443161506\">\n\n\n\t<div id=\"col-1848333933\" class=\"col medium-7 small-12 large-7\"  >\n\t\t\t\t<div class=\"col-inner\"  >\n\t\t\t\n\t\t\t\n\n\t<div id=\"text-1087311306\" class=\"text\">\n\t\t\n\n<h2 class=\"uppercase\">Con \u0111\u01b0\u1eddng h\u1ecdc v\u1ea5n\u00a0&amp;<\/h2>\n<h2 class=\"uppercase\">ph\u00e1t tri\u1ec3n s\u1ef1 nghi\u1ec7p<\/h2>\n\t\t\n<style>\n#text-1087311306 {\n  color: #921519;\n}\n#text-1087311306 > * {\n  color: #921519;\n}\n<\/style>\n\t<\/div>\n\t\n<p>Ngo\u00e0i vi\u1ec7c \u0111\u1ed3ng h\u00e0nh trong qu\u00e1 tr\u00ecnh xin h\u1ecdc b\u1ed5ng, AVELA Education  c\u00f2n t\u01b0 v\u1ea5n chuy\u00ean m\u00f4n r\u1ea5t s\u00e2u v\u1ec1 \u0111\u1ecbnh h\u01b0\u1edbng ng\u00e0nh h\u1ecdc, c\u00e1ch th\u1ee9c h\u1ecdc t\u1eadp, chi\u1ebfn l\u01b0\u1ee3c h\u1ecdc thu\u1eadt c\u0169ng nh\u01b0 c\u01a1 h\u1ed9i xin th\u1ef1c t\u1eadp, nghi\u00ean c\u1ee9u khoa h\u1ecdc \u0111\u1ec3 m\u1ed7i b\u1ea1n v\u1edbi nh\u1eefng k\u1ebf ho\u1ea1ch kh\u00e1c nhau sau khi t\u1ed1t nghi\u1ec7p nh\u01b0 xin h\u1ecdc b\u1ed5ng th\u1eb3ng l\u00ean Ti\u1ebfn s\u0129 hay xin vi\u1ec7c v\u00e0o c\u00e1c t\u1eadp \u0111o\u00e0n l\u1edbn, th\u1eadm ch\u00ed l\u00e0 kh\u1edfi nghi\u1ec7p c\u00f3 \u0111\u1ee7 t\u1ef1 tin v\u00e0 s\u1ef1 chu\u1ea9n b\u1ecb v\u1eefng v\u00e0ng nh\u1ea5t.<\/p>\n\n\t\t<\/div>\n\t\t\t\t\t<\/div>\n\n\t\n\n\t<div id=\"col-1832367585\" class=\"col medium-5 small-12 large-5\"  >\n\t\t\t\t<div class=\"col-inner\"  >\n\t\t\t\n\t\t\t\n\n\t<div class=\"img has-hover x md-x lg-x y md-y lg-y\" id=\"image_1044311721\">\n\t\t\t\t\t\t\t\t<div class=\"img-inner dark\" >\n\t\t\t<img loading=\"lazy\" decoding=\"async\" width=\"425\" height=\"372\" src=\"https:\/\/store3.k-tech-services.com\/duhoc\/wp-content\/uploads\/2024\/12\/Group-3073.png\" class=\"attachment-original size-original\" alt=\"\" srcset=\"https:\/\/store3.k-tech-services.com\/duhoc\/wp-content\/uploads\/2024\/12\/Group-3073.png 425w, https:\/\/store3.k-tech-services.com\/duhoc\/wp-content\/uploads\/2024\/12\/Group-3073-300x263.png 300w\" sizes=\"auto, (max-width: 425px) 100vw, 425px\" \/>\t\t\t\t\t\t\n\t\t\t\t\t<\/div>\n\t\t\t\t\t\t\t\t\n<style>\n#image_1044311721 {\n  width: 80%;\n}\n<\/style>\n\t<\/div>\n\t\n\n\n\t\t<\/div>\n\t\t\t\t\t<\/div>\n\n\t\n\n<\/div>\n\n\t\t<\/div>\n\n\t\t\n<style>\n#section_623344485 {\n  padding-top: 30px;\n  padding-bottom: 30px;\n}\n<\/style>\n\t<\/section>\n\t\n\n","protected":false},"excerpt":{"rendered":"","protected":false},"author":1,"featured_media":0,"parent":0,"menu_order":0,"comment_status":"closed","ping_status":"closed","template":"page-blank.php","meta":{"footnotes":""},"class_list":["post-8","page","type-page","status-publish","hentry"],"_links":{"self":[{"href":"https:\/\/store3.k-tech-services.com\/duhoc\/wp-json\/wp\/v2\/pages\/8","targetHints":{"allow":["GET"]}}],"collection":[{"href":"https:\/\/store3.k-tech-services.com\/duhoc\/wp-json\/wp\/v2\/pages"}],"about":[{"href":"https:\/\/store3.k-tech-services.com\/duhoc\/wp-json\/wp\/v2\/types\/page"}],"author":[{"embeddable":true,"href":"https:\/\/store3.k-tech-services.com\/duhoc\/wp-json\/wp\/v2\/users\/1"}],"replies":[{"embeddable":true,"href":"https:\/\/store3.k-tech-services.com\/duhoc\/wp-json\/wp\/v2\/comments?post=8"}],"version-history":[{"count":22,"href":"https:\/\/store3.k-tech-services.com\/duhoc\/wp-json\/wp\/v2\/pages\/8\/revisions"}],"predecessor-version":[{"id":466,"href":"https:\/\/store3.k-tech-services.com\/duhoc\/wp-json\/wp\/v2\/pages\/8\/revisions\/466"}],"wp:attachment":[{"href":"https:\/\/store3.k-tech-services.com\/duhoc\/wp-json\/wp\/v2\/media?parent=8"}],"curies":[{"name":"wp","href":"https:\/\/api.w.org\/{rel}","templated":true}]}}