{"id":16,"date":"2024-12-12T15:06:16","date_gmt":"2024-12-12T15:06:16","guid":{"rendered":"http:\/\/localhost\/du-hoc\/?page_id=16"},"modified":"2024-12-17T07:41:21","modified_gmt":"2024-12-17T07:41:21","slug":"inception-college-prep","status":"publish","type":"page","link":"https:\/\/store3.k-tech-services.com\/duhoc\/inception-college-prep\/","title":{"rendered":"AVELA Education"},"content":{"rendered":"\n\n\t<section class=\"section\" id=\"section_1471914985\">\n\t\t<div class=\"section-bg fill\" >\n\t\t\t\t\t\t\t\t\t\n\t\t\t\n\n\t\t<\/div>\n\n\t\t\n\n\t\t<div class=\"section-content relative\">\n\t\t\t\n\n\n  <div class=\"banner has-hover\" id=\"banner-1980060942\">\n          <div class=\"banner-inner fill\">\n        <div class=\"banner-bg fill\" >\n            <img loading=\"lazy\" decoding=\"async\" width=\"1400\" height=\"298\" src=\"https:\/\/store3.k-tech-services.com\/duhoc\/wp-content\/uploads\/2024\/12\/Group-3106-1400x298-1.png\" class=\"bg attachment-original size-original\" alt=\"\" \/>                                    \n                    <\/div>\n\t\t\n        <div class=\"banner-layers container\">\n            <div class=\"fill banner-link\"><\/div>            \n\n   <div id=\"text-box-99339258\" class=\"text-box banner-layer x50 md-x50 lg-x50 y50 md-y50 lg-y50 res-text\">\n                                <div class=\"text-box-content text dark\">\n              \n              <div class=\"text-inner text-center\">\n                  \n\n\n              <\/div>\n           <\/div>\n                            \n<style>\n#text-box-99339258 {\n  width: 60%;\n}\n#text-box-99339258 .text-box-content {\n  font-size: 100%;\n}\n@media (min-width:550px) {\n  #text-box-99339258 {\n    width: 60%;\n  }\n}\n<\/style>\n    <\/div>\n \n\n        <\/div>\n      <\/div>\n\n            \n<style>\n#banner-1980060942 {\n  padding-top: 100px;\n}\n#banner-1980060942 .banner-bg img {\n  object-position: 50% 50%;\n}\n@media (min-width:550px) {\n  #banner-1980060942 {\n    padding-top: 315px;\n  }\n}\n<\/style>\n  <\/div>\n\n\n\n\t\t<\/div>\n\n\t\t\n<style>\n#section_1471914985 {\n  padding-top: 30px;\n  padding-bottom: 30px;\n}\n<\/style>\n\t<\/section>\n\t\n\n\n\t<section class=\"section\" id=\"section_1090456494\">\n\t\t<div class=\"section-bg fill\" >\n\t\t\t\t\t\t\t\t\t\n\t\t\t\n\n\t\t<\/div>\n\n\t\t\n\n\t\t<div class=\"section-content relative\">\n\t\t\t\n\n<div class=\"row align-middle\"  id=\"row-488504292\">\n\n\n\t<div id=\"col-172535045\" class=\"col medium-7 small-12 large-7\"  >\n\t\t\t\t<div class=\"col-inner\"  >\n\t\t\t\n\t\t\t\n\n\t<div id=\"text-487624872\" class=\"text\">\n\t\t\n\n<h2>GI\u1edaI THI\u1ec6U KHO\u00c1 H\u1eccC<\/h2>\n\t\t\n<style>\n#text-487624872 {\n  color: #921519;\n}\n#text-487624872 > * {\n  color: #921519;\n}\n<\/style>\n\t<\/div>\n\t\n<p><b>AVELA Education<\/b>\u00a0l\u00e0 kh\u00f3a h\u1ecdc nh\u1eb1m m\u1ee5c \u0111\u00edch r\u00e8n luy\u1ec7n\u00a0t\u01b0 duy v\u00e0 k\u1ef9 n\u0103ng vi\u1ebft h\u1ecdc thu\u1eadt cho h\u1ecdc vi\u00ean, t\u1eadp trung v\u00e0o 4 m\u1ea3ng ki\u1ebfn th\u1ee9c ch\u00ednh:\u00a0<strong>Kinh t\u1ebf h\u1ecdc \u2013 X\u00e3 h\u1ed9i h\u1ecdc \u2013 T\u00e2m l\u00fd h\u1ecdc \u2013 Tri\u1ebft h\u1ecdc<\/strong>.<\/p>\n<p>C\u00e1c bu\u1ed5i h\u1ecdc \u0111\u01b0\u1ee3c ti\u1ebfn h\u00e0nh theo ph\u01b0\u01a1ng ph\u00e1p\u00a0<em>Socrates<\/em>\u00a0(<em>Socratic Method<\/em>\u00a0\u2013 l\u1ea5y tr\u1ecdng t\u00e2m l\u00e0 vi\u1ec7c h\u1ecdc vi\u00ean trao \u0111\u1ed5i, b\u00e0n lu\u1eadn v\u00e0 tr\u00ecnh b\u00e0y \u00fd ki\u1ebfn\u00a0\u0111\u1ec3 r\u00e8n luy\u1ec7n t\u01b0 duy ph\u1ea3n bi\u1ec7n). Kh\u00f3a h\u1ecdc \u0111\u01b0\u1ee3c x\u00e2y d\u1ef1ng v\u1edbi m\u1ee5c \u0111\u00edch gi\u00fap h\u1ecdc vi\u00ean tr\u1ea3i nghi\u1ec7m m\u00f4i tr\u01b0\u1eddng gi\u00e1o d\u1ee5c khai ph\u00f3ng t\u1ea1i c\u00e1c tr\u01b0\u1eddng \u0111\u1ea1i h\u1ecdc qu\u1ed1c t\u1ebf. Trong ch\u01b0\u01a1ng tr\u00ecnh 16 bu\u1ed5i, h\u1ecdc vi\u00ean s\u1ebd \u0111\u01b0\u1ee3c tham gia c\u00e1c bu\u1ed5i\u00a0<strong>writing workshop<\/strong>\u00a0d\u1ea1y chuy\u00ean s\u00e2u v\u1ec1 c\u00e1c k\u1ef9 n\u0103ng writing c\u1ea7n thi\u1ebft cho b\u1eadc \u0111\u1ea1i h\u1ecdc v\u00e0 th\u1ef1c hi\u1ec7n m\u1ed9t project cu\u1ed1i kh\u00f3a \u0111\u1ec3 t\u1ed5ng h\u1ee3p ki\u1ebfn th\u1ee9c v\u00e0 th\u1ef1c h\u00e0nh nh\u01b0 m\u1ed9t mini research t\u1ea1i tr\u01b0\u1eddng \u0111\u1ea1i h\u1ecdc.<\/p>\n<a data-animate=\"fadeInDown\" href=\"tel:0397530929\" class=\"button primary\"  style=\"border-radius:99px;\">\n\t\t<span>Nh\u1eadn t\u01b0 v\u1ea5n ngay<\/span>\n\t<\/a>\n\n\n\n\t\t<\/div>\n\t\t\t\t\t<\/div>\n\n\t\n\n\t<div id=\"col-955699080\" class=\"col medium-5 small-12 large-5\"  data-animate=\"fadeInRight\">\n\t\t\t\t<div class=\"col-inner\"  >\n\t\t\t\n\t\t\t\n\n\t<div class=\"img has-hover x md-x lg-x y md-y lg-y\" id=\"image_429920090\">\n\t\t\t\t\t\t\t\t<div class=\"img-inner dark\" >\n\t\t\t<img loading=\"lazy\" decoding=\"async\" width=\"1000\" height=\"797\" src=\"https:\/\/store3.k-tech-services.com\/duhoc\/wp-content\/uploads\/2024\/12\/anh.png\" class=\"attachment-original size-original\" alt=\"\" srcset=\"https:\/\/store3.k-tech-services.com\/duhoc\/wp-content\/uploads\/2024\/12\/anh.png 1000w, https:\/\/store3.k-tech-services.com\/duhoc\/wp-content\/uploads\/2024\/12\/anh-300x239.png 300w, https:\/\/store3.k-tech-services.com\/duhoc\/wp-content\/uploads\/2024\/12\/anh-768x612.png 768w\" sizes=\"auto, (max-width: 1000px) 100vw, 1000px\" \/>\t\t\t\t\t\t\n\t\t\t\t\t<\/div>\n\t\t\t\t\t\t\t\t\n<style>\n#image_429920090 {\n  width: 100%;\n}\n<\/style>\n\t<\/div>\n\t\n\n\n\t\t<\/div>\n\t\t\t\t\t<\/div>\n\n\t\n\n<\/div>\n\n\t\t<\/div>\n\n\t\t\n<style>\n#section_1090456494 {\n  padding-top: 30px;\n  padding-bottom: 30px;\n}\n<\/style>\n\t<\/section>\n\t\n\n\t<section class=\"section\" id=\"section_1115210388\">\n\t\t<div class=\"section-bg fill\" >\n\t\t\t<img loading=\"lazy\" decoding=\"async\" width=\"3192\" height=\"1458\" src=\"https:\/\/store3.k-tech-services.com\/duhoc\/wp-content\/uploads\/2024\/12\/Mask-group-4.png\" class=\"bg attachment- size-\" alt=\"\" \/>\t\t\t\t\t\t\n\t\t\t\n\n\t\t<\/div>\n\n\t\t\n\n\t\t<div class=\"section-content relative\">\n\t\t\t\n\n\t<div id=\"text-4121790128\" class=\"text\">\n\t\t\n\n<h2><strong>N\u1ed8I DUNG KH\u00d3A H\u1eccC<br \/>\n<\/strong><\/h2>\n\t\t\n<style>\n#text-4121790128 {\n  line-height: 2.05;\n  text-align: center;\n  color: #921519;\n}\n#text-4121790128 > * {\n  color: #921519;\n}\n<\/style>\n\t<\/div>\n\t\n\t<div id=\"gap-1999157938\" class=\"gap-element clearfix\" style=\"display:block; height:auto;\">\n\t\t\n<style>\n#gap-1999157938 {\n  padding-top: 30px;\n}\n<\/style>\n\t<\/div>\n\t\n\n<div class=\"row align-middle align-center\"  id=\"row-2145629855\">\n\n\n\t<div id=\"col-673157463\" class=\"col medium-4 small-12 large-4\"  data-animate=\"bounceInDown\">\n\t\t\t\t<div class=\"col-inner text-center\"  >\n\t\t\t\n\t\t\t\n\n\t<div class=\"img has-hover x md-x lg-x y md-y lg-y\" id=\"image_55148136\">\n\t\t\t\t\t\t\t\t<div class=\"img-inner dark\" >\n\t\t\t<img loading=\"lazy\" decoding=\"async\" width=\"768\" height=\"1202\" src=\"https:\/\/store3.k-tech-services.com\/duhoc\/wp-content\/uploads\/2024\/12\/Group-3093-768x1202-1.png\" class=\"attachment-original size-original\" alt=\"\" srcset=\"https:\/\/store3.k-tech-services.com\/duhoc\/wp-content\/uploads\/2024\/12\/Group-3093-768x1202-1.png 768w, https:\/\/store3.k-tech-services.com\/duhoc\/wp-content\/uploads\/2024\/12\/Group-3093-768x1202-1-192x300.png 192w, https:\/\/store3.k-tech-services.com\/duhoc\/wp-content\/uploads\/2024\/12\/Group-3093-768x1202-1-654x1024.png 654w\" sizes=\"auto, (max-width: 768px) 100vw, 768px\" \/>\t\t\t\t\t\t\n\t\t\t\t\t<\/div>\n\t\t\t\t\t\t\t\t\n<style>\n#image_55148136 {\n  width: 75%;\n}\n<\/style>\n\t<\/div>\n\t\n\n\n\t\t<\/div>\n\t\t\t\t\t<\/div>\n\n\t\n\n\t<div id=\"col-1191746590\" class=\"col medium-4 small-12 large-4\"  data-animate=\"fadeInUp\">\n\t\t\t\t<div class=\"col-inner text-center\"  >\n\t\t\t\n\t\t\t\n\n\t<div class=\"img has-hover x md-x lg-x y md-y lg-y\" id=\"image_513001757\">\n\t\t\t\t\t\t\t\t<div class=\"img-inner dark\" >\n\t\t\t<img loading=\"lazy\" decoding=\"async\" width=\"768\" height=\"1202\" src=\"https:\/\/store3.k-tech-services.com\/duhoc\/wp-content\/uploads\/2024\/12\/Group-3094-768x1202-1.png\" class=\"attachment-original size-original\" alt=\"\" srcset=\"https:\/\/store3.k-tech-services.com\/duhoc\/wp-content\/uploads\/2024\/12\/Group-3094-768x1202-1.png 768w, https:\/\/store3.k-tech-services.com\/duhoc\/wp-content\/uploads\/2024\/12\/Group-3094-768x1202-1-192x300.png 192w, https:\/\/store3.k-tech-services.com\/duhoc\/wp-content\/uploads\/2024\/12\/Group-3094-768x1202-1-654x1024.png 654w\" sizes=\"auto, (max-width: 768px) 100vw, 768px\" \/>\t\t\t\t\t\t\n\t\t\t\t\t<\/div>\n\t\t\t\t\t\t\t\t\n<style>\n#image_513001757 {\n  width: 75%;\n}\n<\/style>\n\t<\/div>\n\t\n\n\n\t\t<\/div>\n\t\t\t\t\t<\/div>\n\n\t\n\n\t<div id=\"col-684358853\" class=\"col medium-4 small-12 large-4\"  data-animate=\"fadeInDown\">\n\t\t\t\t<div class=\"col-inner text-center\"  >\n\t\t\t\n\t\t\t\n\n\t<div class=\"img has-hover x md-x lg-x y md-y lg-y\" id=\"image_637273588\">\n\t\t\t\t\t\t\t\t<div class=\"img-inner dark\" >\n\t\t\t<img loading=\"lazy\" decoding=\"async\" width=\"768\" height=\"1202\" src=\"https:\/\/store3.k-tech-services.com\/duhoc\/wp-content\/uploads\/2024\/12\/Group-3095-768x1202-1.png\" class=\"attachment-original size-original\" alt=\"\" srcset=\"https:\/\/store3.k-tech-services.com\/duhoc\/wp-content\/uploads\/2024\/12\/Group-3095-768x1202-1.png 768w, https:\/\/store3.k-tech-services.com\/duhoc\/wp-content\/uploads\/2024\/12\/Group-3095-768x1202-1-192x300.png 192w, https:\/\/store3.k-tech-services.com\/duhoc\/wp-content\/uploads\/2024\/12\/Group-3095-768x1202-1-654x1024.png 654w\" sizes=\"auto, (max-width: 768px) 100vw, 768px\" \/>\t\t\t\t\t\t\n\t\t\t\t\t<\/div>\n\t\t\t\t\t\t\t\t\n<style>\n#image_637273588 {\n  width: 75%;\n}\n<\/style>\n\t<\/div>\n\t\n\n\n\t\t<\/div>\n\t\t\t\t\t<\/div>\n\n\t\n\n\t<div id=\"col-374432646\" class=\"col medium-4 small-12 large-4\"  >\n\t\t\t\t<div class=\"col-inner text-center\"  >\n\t\t\t\n\t\t\t\n\n<a href=\"tel:0397530929\" class=\"button primary\"  style=\"border-radius:99px;\">\n\t\t<span>Nh\u1eadn t\u01b0 v\u1ea5n ngay<\/span>\n\t<\/a>\n\n\n\n\t\t<\/div>\n\t\t\t\t\t<\/div>\n\n\t\n\n<\/div>\n\n\t\t<\/div>\n\n\t\t\n<style>\n#section_1115210388 {\n  padding-top: 30px;\n  padding-bottom: 30px;\n}\n<\/style>\n\t<\/section>\n\t\n\n\t<section class=\"section\" id=\"section_1136129252\">\n\t\t<div class=\"section-bg fill\" >\n\t\t\t\t\t\t\t\t\t\n\t\t\t\n\n\t\t<\/div>\n\n\t\t\n\n\t\t<div class=\"section-content relative\">\n\t\t\t\n\n\t<div id=\"text-1322316519\" class=\"text\">\n\t\t\n\n<h2><strong>C\u1ea2M NH\u1eacN H\u1eccC VI\u00caN<\/p>\n<p><\/strong><\/h2>\n\t\t\n<style>\n#text-1322316519 {\n  line-height: 2.05;\n  text-align: center;\n  color: #921519;\n}\n#text-1322316519 > * {\n  color: #921519;\n}\n<\/style>\n\t<\/div>\n\t\n<div class=\"row\"  id=\"row-450654826\">\n\n\n\t<div id=\"col-276014933\" class=\"col c-student-felling medium-4 small-12 large-4\"  >\n\t\t\t\t<div class=\"col-inner\"  >\n\t\t\t\n\t\t\t\n\n  <div class=\"icon-box testimonial-box icon-box-center text-center\">\n                <div class=\"icon-box-img testimonial-image circle\" style=\"width: 80px\">\n              <img loading=\"lazy\" decoding=\"async\" width=\"150\" height=\"150\" src=\"https:\/\/store3.k-tech-services.com\/duhoc\/wp-content\/uploads\/2024\/12\/Mask-group-1-800x800-1-150x150.png\" class=\"attachment-thumbnail size-thumbnail\" alt=\"\" srcset=\"https:\/\/store3.k-tech-services.com\/duhoc\/wp-content\/uploads\/2024\/12\/Mask-group-1-800x800-1-150x150.png 150w, https:\/\/store3.k-tech-services.com\/duhoc\/wp-content\/uploads\/2024\/12\/Mask-group-1-800x800-1-300x300.png 300w, https:\/\/store3.k-tech-services.com\/duhoc\/wp-content\/uploads\/2024\/12\/Mask-group-1-800x800-1-768x768.png 768w, https:\/\/store3.k-tech-services.com\/duhoc\/wp-content\/uploads\/2024\/12\/Mask-group-1-800x800-1.png 800w\" sizes=\"auto, (max-width: 150px) 100vw, 150px\" \/>        <\/div>\n                <div class=\"icon-box-text p-last-0\">\n          <div class=\"star-rating\"><span style=\"width:100%\"><strong class=\"rating\"><\/strong><\/span><\/div>  \t\t\t\t<div class=\"testimonial-text line-height-small italic test_text first-reset last-reset is-italic\">\n            \n\n\t<div id=\"text-2367107109\" class=\"text text-testiomtional\">\n\t\t\n\n<p>\u201cL\u1edbp h\u1ecdc \u0111\u00e3 cung c\u1ea5p cho em nh\u1eefng k\u0129 n\u0103ng t\u01b0 duy, nh\u00ecn nh\u1eadn v\u00e0 ti\u1ebfp c\u1eadn v\u1ea5n \u0111\u1ec1 m\u1ed9t c\u00e1ch bao qu\u00e1t nh\u1ea5t, \u0111\u00fang nh\u01b0 m\u00f4 h\u00ecnh gi\u00e1o d\u1ee5c Liberal Arts c\u1ee7a n\u01b0\u1edbc M\u1ef9. Em s\u1ebd theo h\u1ecdc ng\u00e0nh Computer Science \u2013 m\u1ed9t trong nh\u1eefng ng\u00e0nh ngh\u1ec1 hot v\u00e0 c\u00f3 s\u1ef1 \u0111\u00f2i h\u1ecfi cao, nh\u01b0ng v\u1edbi s\u1ef1 gi\u00fap \u0111\u1ee1 v\u00e0 ch\u1ec9 b\u1ea3o t\u1eadn t\u00ecnh c\u1ee7a anh T\u00fa th\u00ec em \u0111\u00e3 kh\u00f4ng c\u00f2n b\u1ee1 ng\u1ee1 v\u00e0 t\u1ef1 tin v\u1edbi l\u1ef1a ch\u1ecdn c\u1ee7a m\u00ecnh. Em ho\u00e0n to\u00e0n h\u00e0i l\u00f2ng v\u1edbi ch\u1ea5t l\u01b0\u1ee3ng d\u1ecbch v\u1ee5 c\u1ee7a AVELA Education v\u00e0 ch\u1eafc ch\u1eafn em s\u1ebd gi\u1edbi thi\u1ec7u c\u00e1c b\u1ea1n em \u0111\u1ebfn v\u1edbi l\u1edbp ti\u1ebfp theo c\u1ee7a anh T\u00fa.\u201d<\/p>\n\t\t\t<\/div>\n\t\n\n          <\/div>\n          <div class=\"testimonial-meta pt-half\">\n             <strong class=\"testimonial-name test_name\"><\/strong>\n                          <span class=\"testimonial-company test_company\"><\/span>\n          <\/div>\n        <\/div>\n  <\/div>\n\n  \n\t<div id=\"text-266307989\" class=\"text\">\n\t\t\n\n<p><strong class=\"testimonial-name test_name\">Ng\u1ecdc Anh<\/strong>\u00a0<span class=\"testimonial-name-divider\">\/\u00a0<\/span><span class=\"testimonial-company test_company\">Georgia State University\u201923 &#8211; H\u1ecdc vi\u00ean CP2019<\/span><\/p>\n\t\t\n<style>\n#text-266307989 {\n  text-align: center;\n}\n<\/style>\n\t<\/div>\n\t\n\n\t\t<\/div>\n\t\t\t\t\t<\/div>\n\n\t\n\n\t<div id=\"col-1349997288\" class=\"col c-student-felling medium-4 small-12 large-4\"  >\n\t\t\t\t<div class=\"col-inner\"  >\n\t\t\t\n\t\t\t\n\n  <div class=\"icon-box testimonial-box icon-box-center text-center\">\n                <div class=\"icon-box-img testimonial-image circle\" style=\"width: 80px\">\n              <img loading=\"lazy\" decoding=\"async\" width=\"150\" height=\"150\" src=\"https:\/\/store3.k-tech-services.com\/duhoc\/wp-content\/uploads\/2024\/12\/ngoc-minh-800x800-1-150x150.png\" class=\"attachment-thumbnail size-thumbnail\" alt=\"\" srcset=\"https:\/\/store3.k-tech-services.com\/duhoc\/wp-content\/uploads\/2024\/12\/ngoc-minh-800x800-1-150x150.png 150w, https:\/\/store3.k-tech-services.com\/duhoc\/wp-content\/uploads\/2024\/12\/ngoc-minh-800x800-1-300x300.png 300w, https:\/\/store3.k-tech-services.com\/duhoc\/wp-content\/uploads\/2024\/12\/ngoc-minh-800x800-1-768x768.png 768w, https:\/\/store3.k-tech-services.com\/duhoc\/wp-content\/uploads\/2024\/12\/ngoc-minh-800x800-1.png 800w\" sizes=\"auto, (max-width: 150px) 100vw, 150px\" \/>        <\/div>\n                <div class=\"icon-box-text p-last-0\">\n          <div class=\"star-rating\"><span style=\"width:100%\"><strong class=\"rating\"><\/strong><\/span><\/div>  \t\t\t\t<div class=\"testimonial-text line-height-small italic test_text first-reset last-reset is-italic\">\n            \n\n\t<div id=\"text-810971513\" class=\"text text-testiomtional\">\n\t\t\n\n<p>\u201cL\u1edbp h\u1ecdc \u0111\u00e3 cung c\u1ea5p cho em nh\u1eefng k\u0129 n\u0103ng t\u01b0 duy, nh\u00ecn nh\u1eadn v\u00e0 ti\u1ebfp c\u1eadn v\u1ea5n \u0111\u1ec1 m\u1ed9t c\u00e1ch bao qu\u00e1t nh\u1ea5t, \u0111\u00fang nh\u01b0 m\u00f4 h\u00ecnh gi\u00e1o d\u1ee5c Liberal Arts c\u1ee7a n\u01b0\u1edbc M\u1ef9\u201d<\/p>\n\t\t\t<\/div>\n\t\n\n          <\/div>\n          <div class=\"testimonial-meta pt-half\">\n             <strong class=\"testimonial-name test_name\"><\/strong>\n                          <span class=\"testimonial-company test_company\"><\/span>\n          <\/div>\n        <\/div>\n  <\/div>\n\n  \n\t<div id=\"text-1800285681\" class=\"text\">\n\t\t\n\n<p><strong class=\"testimonial-name test_name\">Ho\u00e0ng Vi\u1ec7t Thu<\/strong>\u00a0<span class=\"testimonial-name-divider\">\/\u00a0<\/span><span class=\"testimonial-company test_company\">Georgia State University\u201923 &#8211; H\u1ecdc vi\u00ean CP2019<\/span><\/p>\n\t\t\n<style>\n#text-1800285681 {\n  text-align: center;\n}\n<\/style>\n\t<\/div>\n\t\n\n\t\t<\/div>\n\t\t\t\t\t<\/div>\n\n\t\n\n\t<div id=\"col-1678123170\" class=\"col c-student-felling medium-4 small-12 large-4\"  >\n\t\t\t\t<div class=\"col-inner\"  >\n\t\t\t\n\t\t\t\n\n  <div class=\"icon-box testimonial-box icon-box-center text-center\">\n                <div class=\"icon-box-img testimonial-image circle\" style=\"width: 80px\">\n              <img loading=\"lazy\" decoding=\"async\" width=\"150\" height=\"150\" src=\"https:\/\/store3.k-tech-services.com\/duhoc\/wp-content\/uploads\/2024\/12\/Anh-02-02-02-02-1281x800-1-150x150.png\" class=\"attachment-thumbnail size-thumbnail\" alt=\"\" \/>        <\/div>\n                <div class=\"icon-box-text p-last-0\">\n          <div class=\"star-rating\"><span style=\"width:100%\"><strong class=\"rating\"><\/strong><\/span><\/div>  \t\t\t\t<div class=\"testimonial-text line-height-small italic test_text first-reset last-reset is-italic\">\n            \n\n\t<div id=\"text-3372865364\" class=\"text text-testiomtional\">\n\t\t\n\n<p>\u201cL\u1edbp h\u1ecdc \u0111\u00e3 cung c\u1ea5p cho em nh\u1eefng k\u0129 n\u0103ng t\u01b0 duy, nh\u00ecn nh\u1eadn v\u00e0 ti\u1ebfp c\u1eadn v\u1ea5n \u0111\u1ec1 m\u1ed9t c\u00e1ch bao qu\u00e1t nh\u1ea5t, \u0111\u00fang nh\u01b0 m\u00f4 h\u00ecnh gi\u00e1o d\u1ee5c Liberal Arts c\u1ee7a n\u01b0\u1edbc M\u1ef9. Em s\u1ebd theo h\u1ecdc ng\u00e0nh Computer Science \u2013 m\u1ed9t trong nh\u1eefng ng\u00e0nh ngh\u1ec1 hot v\u00e0 c\u00f3 s\u1ef1 \u0111\u00f2i h\u1ecfi cao, nh\u01b0ng v\u1edbi s\u1ef1 gi\u00fap \u0111\u1ee1 v\u00e0 ch\u1ec9 b\u1ea3o t\u1eadn t\u00ecnh c\u1ee7a anh T\u00fa th\u00ec em \u0111\u00e3 kh\u00f4ng c\u00f2n b\u1ee1 ng\u1ee1 v\u00e0 t\u1ef1 tin v\u1edbi l\u1ef1a ch\u1ecdn c\u1ee7a m\u00ecnh. Em ho\u00e0n to\u00e0n h\u00e0i l\u00f2ng v\u1edbi ch\u1ea5t l\u01b0\u1ee3ng d\u1ecbch v\u1ee5 c\u1ee7a AVELA Education v\u00e0 ch\u1eafc ch\u1eafn em s\u1ebd gi\u1edbi thi\u1ec7u c\u00e1c b\u1ea1n em \u0111\u1ebfn v\u1edbi l\u1edbp ti\u1ebfp theo c\u1ee7a anh T\u00fa.\u201d<\/p>\n\t\t\t<\/div>\n\t\n\n          <\/div>\n          <div class=\"testimonial-meta pt-half\">\n             <strong class=\"testimonial-name test_name\"><\/strong>\n                          <span class=\"testimonial-company test_company\"><\/span>\n          <\/div>\n        <\/div>\n  <\/div>\n\n  \n\t<div id=\"text-2782949173\" class=\"text\">\n\t\t\n\n<p><strong class=\"testimonial-name test_name\">Ho\u00e0ng Vi\u1ec7t C\u01b0\u1eddng<\/strong>\u00a0<span class=\"testimonial-name-divider\">\/\u00a0<\/span><span class=\"testimonial-company test_company\">Georgia State University\u201923 &#8211; H\u1ecdc vi\u00ean CP2019<\/span><\/p>\n\t\t\n<style>\n#text-2782949173 {\n  text-align: center;\n}\n<\/style>\n\t<\/div>\n\t\n\n\t\t<\/div>\n\t\t\t\t\t<\/div>\n\n\t\n\n<\/div>\n\n\t\t<\/div>\n\n\t\t\n<style>\n#section_1136129252 {\n  padding-top: 30px;\n  padding-bottom: 30px;\n}\n<\/style>\n\t<\/section>\n\t\n\n","protected":false},"excerpt":{"rendered":"","protected":false},"author":1,"featured_media":0,"parent":0,"menu_order":0,"comment_status":"closed","ping_status":"closed","template":"page-blank.php","meta":{"footnotes":""},"class_list":["post-16","page","type-page","status-publish","hentry"],"_links":{"self":[{"href":"https:\/\/store3.k-tech-services.com\/duhoc\/wp-json\/wp\/v2\/pages\/16","targetHints":{"allow":["GET"]}}],"collection":[{"href":"https:\/\/store3.k-tech-services.com\/duhoc\/wp-json\/wp\/v2\/pages"}],"about":[{"href":"https:\/\/store3.k-tech-services.com\/duhoc\/wp-json\/wp\/v2\/types\/page"}],"author":[{"embeddable":true,"href":"https:\/\/store3.k-tech-services.com\/duhoc\/wp-json\/wp\/v2\/users\/1"}],"replies":[{"embeddable":true,"href":"https:\/\/store3.k-tech-services.com\/duhoc\/wp-json\/wp\/v2\/comments?post=16"}],"version-history":[{"count":22,"href":"https:\/\/store3.k-tech-services.com\/duhoc\/wp-json\/wp\/v2\/pages\/16\/revisions"}],"predecessor-version":[{"id":305,"href":"https:\/\/store3.k-tech-services.com\/duhoc\/wp-json\/wp\/v2\/pages\/16\/revisions\/305"}],"wp:attachment":[{"href":"https:\/\/store3.k-tech-services.com\/duhoc\/wp-json\/wp\/v2\/media?parent=16"}],"curies":[{"name":"wp","href":"https:\/\/api.w.org\/{rel}","templated":true}]}}