{"id":12,"date":"2024-12-12T15:05:37","date_gmt":"2024-12-12T15:05:37","guid":{"rendered":"http:\/\/localhost\/du-hoc\/?page_id=12"},"modified":"2024-12-17T07:41:53","modified_gmt":"2024-12-17T07:41:53","slug":"hoc-bong-dai-hoc","status":"publish","type":"page","link":"https:\/\/store3.k-tech-services.com\/duhoc\/hoc-bong-dai-hoc\/","title":{"rendered":"H\u1ecdc b\u1ed5ng \u0110\u1ea1i h\u1ecdc"},"content":{"rendered":"\n\n\t<section class=\"section\" id=\"section_362766422\">\n\t\t<div class=\"section-bg fill\" >\n\t\t\t\t\t\t\t\t\t\n\t\t\t\n\n\t\t<\/div>\n\n\t\t\n\n\t\t<div class=\"section-content relative\">\n\t\t\t\n\n\n  <div class=\"banner has-hover\" id=\"banner-156909115\">\n          <div class=\"banner-inner fill\">\n        <div class=\"banner-bg fill\" >\n            <img loading=\"lazy\" decoding=\"async\" width=\"1400\" height=\"326\" src=\"https:\/\/store3.k-tech-services.com\/duhoc\/wp-content\/uploads\/2024\/12\/Banner-My-01-1400x326-1.png\" class=\"bg attachment-original size-original\" alt=\"\" \/>                                    \n                    <\/div>\n\t\t\n        <div class=\"banner-layers container\">\n            <div class=\"fill banner-link\"><\/div>            \n\n   <div id=\"text-box-1888631103\" class=\"text-box banner-layer x50 md-x50 lg-x50 y50 md-y50 lg-y50 res-text\">\n                                <div class=\"text-box-content text dark\">\n              \n              <div class=\"text-inner text-center\">\n                  \n\n\n              <\/div>\n           <\/div>\n                            \n<style>\n#text-box-1888631103 {\n  width: 60%;\n}\n#text-box-1888631103 .text-box-content {\n  font-size: 100%;\n}\n@media (min-width:550px) {\n  #text-box-1888631103 {\n    width: 60%;\n  }\n}\n<\/style>\n    <\/div>\n \n\n        <\/div>\n      <\/div>\n\n            \n<style>\n#banner-156909115 {\n  padding-top: 200px;\n}\n#banner-156909115 .banner-bg img {\n  object-position: 50% 50%;\n}\n@media (min-width:550px) {\n  #banner-156909115 {\n    padding-top: 315px;\n  }\n}\n<\/style>\n  <\/div>\n\n\n\n\t\t<\/div>\n\n\t\t\n<style>\n#section_362766422 {\n  padding-top: 30px;\n  padding-bottom: 30px;\n}\n<\/style>\n\t<\/section>\n\t\n\n\n\t<section class=\"section\" id=\"section_695533615\">\n\t\t<div class=\"section-bg fill\" >\n\t\t\t\t\t\t\t\t\t\n\t\t\t\n\n\t\t<\/div>\n\n\t\t\n\n\t\t<div class=\"section-content relative\">\n\t\t\t\n\n<div class=\"row align-middle\"  id=\"row-2091474558\">\n\n\n\t<div id=\"col-403282043\" class=\"col medium-7 small-12 large-7\"  data-animate=\"fadeInLeft\">\n\t\t\t\t<div class=\"col-inner\"  >\n\t\t\t\n\t\t\t\n\n\t<div id=\"text-608922972\" class=\"text\">\n\t\t\n\n<h2 class=\"uppercase\"><strong>CH\u01af\u01a0NG TR\u00ccNH T\u01af V\u1ea4N<\/strong><\/h2>\n\t\t\n<style>\n#text-608922972 {\n  color: #921519;\n}\n#text-608922972 > * {\n  color: #921519;\n}\n<\/style>\n\t<\/div>\n\t\n<p>AVELA Education \u0111\u1ed3ng h\u00e0nh c\u00f9ng h\u1ecdc sinh trong su\u1ed1t qu\u00e1 tr\u00ecnh chu\u1ea9n b\u1ecb h\u1ed3 s\u01a1 m\u1ed9t c\u00e1ch t\u1ed1i \u01b0u v\u00e0 c\u00e1 nh\u00e2n h\u00f3a nh\u1ea5t cho m\u1ed7i b\u1ea1n.Th\u1eddi gian trung b\u00ecnh l\u00e0m vi\u1ec7c v\u1edbi AVELA Education c\u1ee7a m\u1ed9t b\u1ea1n h\u1ecdc sinh l\u00e0 9 th\u00e1ng. M\u1ed7i b\u1ea1n h\u1ecdc sinh s\u1ebd \u0111\u01b0\u1ee3c l\u00e0m vi\u1ec7c c\u00f9ng v\u1edbi 2 c\u1ed1 v\u1ea5n, m\u1ed9t ng\u01b0\u1eddi chuy\u00ean s\u00e2u v\u1ec1 chi\u1ebfn l\u01b0\u1ee3c xin h\u1ecdc b\u1ed5ng, m\u1ed9t ng\u01b0\u1eddi chuy\u00ean s\u00e2u v\u1ec1 lu\u1eadn.<\/p>\n<p>C\u1ed1 v\u1ea5n chi\u1ebfn l\u01b0\u1ee3c s\u1ebd gi\u00fap h\u1ecdc sinh ph\u00e2n t\u00edch k\u1ef9 \u0111i\u1ec3m m\u1ea1nh, \u0111i\u1ec3m y\u1ebfu c\u1ee7a h\u1ed3 s\u01a1, t\u1eeb \u0111\u00f3 \u0111\u01b0a ra c\u00e1c ph\u01b0\u01a1ng \u00e1n c\u1ea3i thi\u1ec7n, \u0111\u1ecbnh h\u01b0\u1edbng l\u1ea1i c\u00e1ch ti\u1ebfp c\u1eadn v\u00e0 t\u1ea1o t\u00ednh c\u00e1 nh\u00e2n h\u00f3a cho h\u1ed3 s\u01a1.<br \/>C\u1ed1 v\u1ea5n lu\u1eadn \u0111\u1ed3ng h\u00e0nh c\u00f9ng h\u1ecdc sinh trong vi\u1ec7c tri\u1ec3n khai c\u00e1c b\u00e0i lu\u1eadn theo y\u00eau c\u1ea7u c\u1ee7a t\u1eebng tr\u01b0\u1eddng, n\u00e2ng t\u1ea7m \u00fd t\u01b0\u1edfng, xo\u00e1y s\u00e2u v\u00e0o chi ti\u1ebft g\u1ee3i m\u1edf, \u1ea9n d\u1ee5 gi\u00fap b\u00e0i lu\u1eadn c\u00f3 l\u1edbp lang, th\u1ec3 hi\u1ec7n nh\u1eefng tr\u1ea3i nghi\u1ec7m, suy nghi\u1ec7m c\u00e1 nh\u00e2n c\u1ee7a t\u1eebng b\u1ea1n.<\/p>\n<a class=\"button primary\"  style=\"border-radius:99px;\">\n\t\t<span>Nh\u1eadn t\u01b0 v\u1ea5n ngay<\/span>\n\t<\/a>\n\n\n\n\t\t<\/div>\n\t\t\t\t\t<\/div>\n\n\t\n\n\t<div id=\"col-1371657380\" class=\"col medium-5 small-12 large-5\"  data-animate=\"fadeInRight\">\n\t\t\t\t<div class=\"col-inner\"  >\n\t\t\t\n\t\t\t\n\n\t<div class=\"img has-hover x md-x lg-x y md-y lg-y\" id=\"image_2137586120\">\n\t\t\t\t\t\t\t\t<div class=\"img-inner dark\" >\n\t\t\t<img loading=\"lazy\" decoding=\"async\" width=\"1281\" height=\"800\" src=\"https:\/\/store3.k-tech-services.com\/duhoc\/wp-content\/uploads\/2024\/12\/Anh-02-02-02-02-1281x800-1.png\" class=\"attachment-original size-original\" alt=\"\" srcset=\"https:\/\/store3.k-tech-services.com\/duhoc\/wp-content\/uploads\/2024\/12\/Anh-02-02-02-02-1281x800-1.png 1281w, https:\/\/store3.k-tech-services.com\/duhoc\/wp-content\/uploads\/2024\/12\/Anh-02-02-02-02-1281x800-1-300x187.png 300w, https:\/\/store3.k-tech-services.com\/duhoc\/wp-content\/uploads\/2024\/12\/Anh-02-02-02-02-1281x800-1-1024x640.png 1024w, https:\/\/store3.k-tech-services.com\/duhoc\/wp-content\/uploads\/2024\/12\/Anh-02-02-02-02-1281x800-1-768x480.png 768w\" sizes=\"auto, (max-width: 1281px) 100vw, 1281px\" \/>\t\t\t\t\t\t\n\t\t\t\t\t<\/div>\n\t\t\t\t\t\t\t\t\n<style>\n#image_2137586120 {\n  width: 100%;\n}\n<\/style>\n\t<\/div>\n\t\n\n\n\t\t<\/div>\n\t\t\t\t\t<\/div>\n\n\t\n\n<\/div>\n\n\t\t<\/div>\n\n\t\t\n<style>\n#section_695533615 {\n  padding-top: 30px;\n  padding-bottom: 30px;\n}\n<\/style>\n\t<\/section>\n\t\n\n\t<section class=\"section\" id=\"section_1201575510\">\n\t\t<div class=\"section-bg fill\" >\n\t\t\t<img loading=\"lazy\" decoding=\"async\" width=\"3192\" height=\"1458\" src=\"https:\/\/store3.k-tech-services.com\/duhoc\/wp-content\/uploads\/2024\/12\/Mask-group-4-1.png\" class=\"bg attachment- size-\" alt=\"\" \/>\t\t\t\t\t\t\n\t\t\t\n\n\t\t<\/div>\n\n\t\t\n\n\t\t<div class=\"section-content relative\">\n\t\t\t\n\n\t<div id=\"text-3727644207\" class=\"text\">\n\t\t\n\n<h2 class=\"uppercase\"><strong>L\u1ed9 tr\u00ecnh c\u00f4ng vi\u1ec7c<\/strong><\/h2>\n\t\t\n<style>\n#text-3727644207 {\n  text-align: center;\n  color: #921519;\n}\n#text-3727644207 > * {\n  color: #921519;\n}\n<\/style>\n\t<\/div>\n\t\n<div class=\"row\"  id=\"row-1005048309\">\n\n\n\t<div id=\"col-1533423964\" class=\"col small-12 large-12\"  >\n\t\t\t\t<div class=\"col-inner\"  >\n\t\t\t\n\t\t\t\n\n\t<div class=\"img has-hover x md-x lg-x y md-y lg-y\" id=\"image_1085210422\">\n\t\t\t\t\t\t\t\t<div class=\"img-inner dark\" >\n\t\t\t<img loading=\"lazy\" decoding=\"async\" width=\"1077\" height=\"800\" src=\"https:\/\/store3.k-tech-services.com\/duhoc\/wp-content\/uploads\/2024\/12\/Banner-My-9-1077x800-1.png\" class=\"attachment-original size-original\" alt=\"\" srcset=\"https:\/\/store3.k-tech-services.com\/duhoc\/wp-content\/uploads\/2024\/12\/Banner-My-9-1077x800-1.png 1077w, https:\/\/store3.k-tech-services.com\/duhoc\/wp-content\/uploads\/2024\/12\/Banner-My-9-1077x800-1-300x223.png 300w, https:\/\/store3.k-tech-services.com\/duhoc\/wp-content\/uploads\/2024\/12\/Banner-My-9-1077x800-1-1024x761.png 1024w, https:\/\/store3.k-tech-services.com\/duhoc\/wp-content\/uploads\/2024\/12\/Banner-My-9-1077x800-1-768x570.png 768w\" sizes=\"auto, (max-width: 1077px) 100vw, 1077px\" \/>\t\t\t\t\t\t\n\t\t\t\t\t<\/div>\n\t\t\t\t\t\t\t\t\n<style>\n#image_1085210422 {\n  width: 100%;\n}\n<\/style>\n\t<\/div>\n\t\n\n\n\t\t<\/div>\n\t\t\t\t\t<\/div>\n\n\t\n\n<\/div>\n\n\t\t<\/div>\n\n\t\t\n<style>\n#section_1201575510 {\n  padding-top: 30px;\n  padding-bottom: 30px;\n}\n<\/style>\n\t<\/section>\n\t\n\n\t<section class=\"section\" id=\"section_192432386\">\n\t\t<div class=\"section-bg fill\" >\n\t\t\t<img loading=\"lazy\" decoding=\"async\" width=\"3192\" height=\"1458\" src=\"https:\/\/store3.k-tech-services.com\/duhoc\/wp-content\/uploads\/2024\/12\/Mask-group-4-1.png\" class=\"bg attachment- size-\" alt=\"\" \/>\t\t\t\t\t\t\n\t\t\t\n\n\t\t<\/div>\n\n\t\t\n\n\t\t<div class=\"section-content relative\">\n\t\t\t\n\n\t<div id=\"text-1392141163\" class=\"text\">\n\t\t\n\n<h2 class=\"uppercase\"><strong>CH\u01af\u01a0NG TR\u00ccNH T\u01af V\u1ea4N S\u1edaM<br \/>\n<\/strong><\/h2>\n\t\t\n<style>\n#text-1392141163 {\n  text-align: center;\n  color: #921519;\n}\n#text-1392141163 > * {\n  color: #921519;\n}\n<\/style>\n\t<\/div>\n\t\n<div class=\"row align-middle align-center\"  id=\"row-215087685\">\n\n\n\t<div id=\"col-1091267012\" class=\"col medium-3 small-12 large-3\"  data-animate=\"fadeInUp\">\n\t\t\t\t<div class=\"col-inner text-center\"  >\n\t\t\t\n\t\t\t\n\n\t<div class=\"img has-hover x md-x lg-x y md-y lg-y\" id=\"image_1188576214\">\n\t\t\t\t\t\t\t\t<div class=\"img-inner dark\" >\n\t\t\t<img loading=\"lazy\" decoding=\"async\" width=\"768\" height=\"1126\" src=\"https:\/\/store3.k-tech-services.com\/duhoc\/wp-content\/uploads\/2024\/12\/tu-van-som-16-768x1126-1.png\" class=\"attachment-original size-original\" alt=\"\" srcset=\"https:\/\/store3.k-tech-services.com\/duhoc\/wp-content\/uploads\/2024\/12\/tu-van-som-16-768x1126-1.png 768w, https:\/\/store3.k-tech-services.com\/duhoc\/wp-content\/uploads\/2024\/12\/tu-van-som-16-768x1126-1-205x300.png 205w, https:\/\/store3.k-tech-services.com\/duhoc\/wp-content\/uploads\/2024\/12\/tu-van-som-16-768x1126-1-698x1024.png 698w\" sizes=\"auto, (max-width: 768px) 100vw, 768px\" \/>\t\t\t\t\t\t\n\t\t\t\t\t<\/div>\n\t\t\t\t\t\t\t\t\n<style>\n#image_1188576214 {\n  width: 72%;\n}\n<\/style>\n\t<\/div>\n\t\n\n\n\t\t<\/div>\n\t\t\t\t\t<\/div>\n\n\t\n\n\t<div id=\"col-1993983655\" class=\"col medium-3 small-12 large-3\"  data-animate=\"bounceInDown\">\n\t\t\t\t<div class=\"col-inner text-center\"  >\n\t\t\t\n\t\t\t\n\n\t<div class=\"img has-hover x md-x lg-x y md-y lg-y\" id=\"image_1492857532\">\n\t\t\t\t\t\t\t\t<div class=\"img-inner dark\" >\n\t\t\t<img loading=\"lazy\" decoding=\"async\" width=\"768\" height=\"1126\" src=\"https:\/\/store3.k-tech-services.com\/duhoc\/wp-content\/uploads\/2024\/12\/tu-van-som-14-768x1126-1.png\" class=\"attachment-original size-original\" alt=\"\" srcset=\"https:\/\/store3.k-tech-services.com\/duhoc\/wp-content\/uploads\/2024\/12\/tu-van-som-14-768x1126-1.png 768w, https:\/\/store3.k-tech-services.com\/duhoc\/wp-content\/uploads\/2024\/12\/tu-van-som-14-768x1126-1-205x300.png 205w, https:\/\/store3.k-tech-services.com\/duhoc\/wp-content\/uploads\/2024\/12\/tu-van-som-14-768x1126-1-698x1024.png 698w\" sizes=\"auto, (max-width: 768px) 100vw, 768px\" \/>\t\t\t\t\t\t\n\t\t\t\t\t<\/div>\n\t\t\t\t\t\t\t\t\n<style>\n#image_1492857532 {\n  width: 72%;\n}\n<\/style>\n\t<\/div>\n\t\n\n\n\t\t<\/div>\n\t\t\t\t\t<\/div>\n\n\t\n\n\t<div id=\"col-1107234483\" class=\"col medium-3 small-12 large-3\"  data-animate=\"fadeInUp\">\n\t\t\t\t<div class=\"col-inner text-center\"  >\n\t\t\t\n\t\t\t\n\n\t<div class=\"img has-hover x md-x lg-x y md-y lg-y\" id=\"image_1489032838\">\n\t\t\t\t\t\t\t\t<div class=\"img-inner dark\" >\n\t\t\t<img loading=\"lazy\" decoding=\"async\" width=\"768\" height=\"1126\" src=\"https:\/\/store3.k-tech-services.com\/duhoc\/wp-content\/uploads\/2024\/12\/tu-van-som-15-768x1126-1.png\" class=\"attachment-original size-original\" alt=\"\" srcset=\"https:\/\/store3.k-tech-services.com\/duhoc\/wp-content\/uploads\/2024\/12\/tu-van-som-15-768x1126-1.png 768w, https:\/\/store3.k-tech-services.com\/duhoc\/wp-content\/uploads\/2024\/12\/tu-van-som-15-768x1126-1-205x300.png 205w, https:\/\/store3.k-tech-services.com\/duhoc\/wp-content\/uploads\/2024\/12\/tu-van-som-15-768x1126-1-698x1024.png 698w\" sizes=\"auto, (max-width: 768px) 100vw, 768px\" \/>\t\t\t\t\t\t\n\t\t\t\t\t<\/div>\n\t\t\t\t\t\t\t\t\n<style>\n#image_1489032838 {\n  width: 72%;\n}\n<\/style>\n\t<\/div>\n\t\n\n\n\t\t<\/div>\n\t\t\t\t\t<\/div>\n\n\t\n\n<\/div>\n\n\t\t<\/div>\n\n\t\t\n<style>\n#section_192432386 {\n  padding-top: 30px;\n  padding-bottom: 30px;\n}\n<\/style>\n\t<\/section>\n\t\n\n\t<section class=\"section\" id=\"section_740364135\">\n\t\t<div class=\"section-bg fill\" >\n\t\t\t<img loading=\"lazy\" decoding=\"async\" width=\"1728\" height=\"607\" src=\"https:\/\/store3.k-tech-services.com\/duhoc\/wp-content\/uploads\/2024\/12\/Group-3076-1.png\" class=\"bg attachment- size-\" alt=\"\" \/>\t\t\t\t\t\t\n\t\t\t\n\n\t\t<\/div>\n\n\t\t\n\n\t\t<div class=\"section-content relative\">\n\t\t\t\n\n\t<div id=\"text-2772211523\" class=\"text\">\n\t\t\n\n<h2><strong>TH\u00c0NH T\u00cdCH<\/strong><\/h2>\n<h3>TOP 100 NATIONAL UNIVERSITIES<\/h3>\n\t\t\n<style>\n#text-2772211523 {\n  text-align: center;\n  color: #921519;\n}\n#text-2772211523 > * {\n  color: #921519;\n}\n<\/style>\n\t<\/div>\n\t\n<div class=\"row\"  id=\"row-815826044\">\n\n\n\t<div id=\"col-1481829931\" class=\"col small-12 large-12\"  >\n\t\t\t\t<div class=\"col-inner\"  >\n\t\t\t\n\t\t\t\n\n<div class=\"slider-wrapper relative\" id=\"slider-2119462629\" >\n    <div class=\"slider slider-nav-circle slider-nav-large slider-nav-light slider-style-normal\"\n        data-flickity-options='{\n            \"cellAlign\": \"center\",\n            \"imagesLoaded\": true,\n            \"lazyLoad\": 1,\n            \"freeScroll\": false,\n            \"wrapAround\": true,\n            \"autoPlay\": 6000,\n            \"pauseAutoPlayOnHover\" : true,\n            \"prevNextButtons\": true,\n            \"contain\" : true,\n            \"adaptiveHeight\" : true,\n            \"dragThreshold\" : 10,\n            \"percentPosition\": true,\n            \"pageDots\": true,\n            \"rightToLeft\": false,\n            \"draggable\": true,\n            \"selectedAttraction\": 0.1,\n            \"parallax\" : 0,\n            \"friction\": 0.6        }'\n        >\n        \n\n\t<div class=\"img has-hover x md-x lg-x y md-y lg-y\" id=\"image_127522847\">\n\t\t\t\t\t\t\t\t<div class=\"img-inner dark\" >\n\t\t\t<img loading=\"lazy\" decoding=\"async\" width=\"1400\" height=\"292\" src=\"https:\/\/store3.k-tech-services.com\/duhoc\/wp-content\/uploads\/2024\/12\/NU-2-02-02-1400x292-1.png\" class=\"attachment-original size-original\" alt=\"\" srcset=\"https:\/\/store3.k-tech-services.com\/duhoc\/wp-content\/uploads\/2024\/12\/NU-2-02-02-1400x292-1.png 1400w, https:\/\/store3.k-tech-services.com\/duhoc\/wp-content\/uploads\/2024\/12\/NU-2-02-02-1400x292-1-300x63.png 300w, https:\/\/store3.k-tech-services.com\/duhoc\/wp-content\/uploads\/2024\/12\/NU-2-02-02-1400x292-1-1024x214.png 1024w, https:\/\/store3.k-tech-services.com\/duhoc\/wp-content\/uploads\/2024\/12\/NU-2-02-02-1400x292-1-768x160.png 768w\" sizes=\"auto, (max-width: 1400px) 100vw, 1400px\" \/>\t\t\t\t\t\t\n\t\t\t\t\t<\/div>\n\t\t\t\t\t\t\t\t\n<style>\n#image_127522847 {\n  width: 100%;\n}\n<\/style>\n\t<\/div>\n\t\n\n\n     <\/div>\n\n     <div class=\"loading-spin dark large centered\"><\/div>\n\n\t<\/div>\n\n\n\n\t\t<\/div>\n\t\t\t\t\t<\/div>\n\n\t\n\n<\/div>\n\n\t\t<\/div>\n\n\t\t\n<style>\n#section_740364135 {\n  padding-top: 30px;\n  padding-bottom: 30px;\n}\n<\/style>\n\t<\/section>\n\t\n\n\t<section class=\"section\" id=\"section_1111018435\">\n\t\t<div class=\"section-bg fill\" >\n\t\t\t<img loading=\"lazy\" decoding=\"async\" width=\"1728\" height=\"607\" src=\"https:\/\/store3.k-tech-services.com\/duhoc\/wp-content\/uploads\/2024\/12\/Group-3076-1.png\" class=\"bg attachment- size-\" alt=\"\" \/>\t\t\t\t\t\t\n\t\t\t\n\n\t\t<\/div>\n\n\t\t\n\n\t\t<div class=\"section-content relative\">\n\t\t\t\n\n\t<div id=\"text-2177521495\" class=\"text\">\n\t\t\n\n<h2><strong>TOP 100 LIBERAL ARTS COLLEGES<\/strong><\/h2>\n\t\t\n<style>\n#text-2177521495 {\n  text-align: center;\n  color: #921519;\n}\n#text-2177521495 > * {\n  color: #921519;\n}\n<\/style>\n\t<\/div>\n\t\n<div class=\"row\"  id=\"row-743524697\">\n\n\n\t<div id=\"col-1673162185\" class=\"col small-12 large-12\"  >\n\t\t\t\t<div class=\"col-inner\"  >\n\t\t\t\n\t\t\t\n\n<div class=\"slider-wrapper relative\" id=\"slider-922530902\" >\n    <div class=\"slider slider-nav-circle slider-nav-large slider-nav-light slider-style-normal\"\n        data-flickity-options='{\n            \"cellAlign\": \"center\",\n            \"imagesLoaded\": true,\n            \"lazyLoad\": 1,\n            \"freeScroll\": false,\n            \"wrapAround\": true,\n            \"autoPlay\": 6000,\n            \"pauseAutoPlayOnHover\" : true,\n            \"prevNextButtons\": true,\n            \"contain\" : true,\n            \"adaptiveHeight\" : true,\n            \"dragThreshold\" : 10,\n            \"percentPosition\": true,\n            \"pageDots\": true,\n            \"rightToLeft\": false,\n            \"draggable\": true,\n            \"selectedAttraction\": 0.1,\n            \"parallax\" : 0,\n            \"friction\": 0.6        }'\n        >\n        \n\n\t<div class=\"img has-hover x md-x lg-x y md-y lg-y\" id=\"image_1558206663\">\n\t\t\t\t\t\t\t\t<div class=\"img-inner dark\" >\n\t\t\t<img loading=\"lazy\" decoding=\"async\" width=\"1400\" height=\"292\" src=\"https:\/\/store3.k-tech-services.com\/duhoc\/wp-content\/uploads\/2024\/12\/NU-2-02-02-1400x292-1.png\" class=\"attachment-original size-original\" alt=\"\" srcset=\"https:\/\/store3.k-tech-services.com\/duhoc\/wp-content\/uploads\/2024\/12\/NU-2-02-02-1400x292-1.png 1400w, https:\/\/store3.k-tech-services.com\/duhoc\/wp-content\/uploads\/2024\/12\/NU-2-02-02-1400x292-1-300x63.png 300w, https:\/\/store3.k-tech-services.com\/duhoc\/wp-content\/uploads\/2024\/12\/NU-2-02-02-1400x292-1-1024x214.png 1024w, https:\/\/store3.k-tech-services.com\/duhoc\/wp-content\/uploads\/2024\/12\/NU-2-02-02-1400x292-1-768x160.png 768w\" sizes=\"auto, (max-width: 1400px) 100vw, 1400px\" \/>\t\t\t\t\t\t\n\t\t\t\t\t<\/div>\n\t\t\t\t\t\t\t\t\n<style>\n#image_1558206663 {\n  width: 100%;\n}\n<\/style>\n\t<\/div>\n\t\n\n\n     <\/div>\n\n     <div class=\"loading-spin dark large centered\"><\/div>\n\n\t<\/div>\n\n\n\n\t\t<\/div>\n\t\t\t\t\t<\/div>\n\n\t\n\n<\/div>\n\n\t\t<\/div>\n\n\t\t\n<style>\n#section_1111018435 {\n  padding-top: 30px;\n  padding-bottom: 30px;\n}\n<\/style>\n\t<\/section>\n\t\n\n\t<section class=\"section\" id=\"section_248056655\">\n\t\t<div class=\"section-bg fill\" >\n\t\t\t\t\t\t\t\t\t\n\t\t\t\n\n\t\t<\/div>\n\n\t\t\n\n\t\t<div class=\"section-content relative\">\n\t\t\t\n\n\t<div id=\"text-4129148937\" class=\"text\">\n\t\t\n\n<h2>H\u1eccC B\u1ed4NG DU H\u1eccC M\u1ef8 AVELA EDUCATION<\/h2>\n\t\t\n<style>\n#text-4129148937 {\n  text-align: center;\n  color: #921519;\n}\n#text-4129148937 > * {\n  color: #921519;\n}\n<\/style>\n\t<\/div>\n\t\n\t<div id=\"text-3671289098\" class=\"text\">\n\t\t\n\n<p>M\u1ed7i n\u0103m AVELA Education s\u1ebd trao t\u1eb7ng 2 su\u1ea5t h\u1ecdc b\u1ed5ng to\u00e0n ph\u1ea7n v\u00e0 b\u00e1n ph\u1ea7n d\u00e0nh cho nh\u1eefng b\u1ea1n h\u1ecdc sinh \u0111\u1eb7c bi\u1ec7t \u01b0u t\u00fa. H\u1ecdc b\u1ed5ng AVELA Education s\u1ebd \u0111\u1ed3ng h\u00e0nh c\u00f9ng h\u1ecdc sinh trong qu\u00e1 tr\u00ecnh chu\u1ea9n b\u1ecb h\u1ed3 s\u01a1, \u0111\u1ecbnh h\u01b0\u1edbng ch\u1ecdn tr\u01b0\u1eddng, h\u01b0\u1edbng d\u1eabn vi\u1ebft lu\u1eadn v\u00e0 xin h\u1ed7 tr\u1ee3 t\u00e0i ch\u00ednh cho 20 tr\u01b0\u1eddng \u0111\u1ea1i h\u1ecdc t\u1ea1i M\u1ef9.<\/p>\n\t\t\n<style>\n#text-3671289098 {\n  text-align: center;\n}\n<\/style>\n\t<\/div>\n\t\n<div class=\"row align-middle align-center\"  id=\"row-733228753\">\n\n\n\t<div id=\"col-1460890617\" class=\"col medium-5 small-12 large-5\"  data-animate=\"fadeInLeft\">\n\t\t\t\t<div class=\"col-inner text-center\"  >\n\t\t\t\n\t\t\t\n\n\t<div class=\"img has-hover x md-x lg-x y md-y lg-y\" id=\"image_1130756475\">\n\t\t\t\t\t\t\t\t<div class=\"img-inner dark\" >\n\t\t\t<img loading=\"lazy\" decoding=\"async\" width=\"951\" height=\"499\" src=\"https:\/\/store3.k-tech-services.com\/duhoc\/wp-content\/uploads\/2024\/12\/Group-3076-2.png\" class=\"attachment-original size-original\" alt=\"\" srcset=\"https:\/\/store3.k-tech-services.com\/duhoc\/wp-content\/uploads\/2024\/12\/Group-3076-2.png 951w, https:\/\/store3.k-tech-services.com\/duhoc\/wp-content\/uploads\/2024\/12\/Group-3076-2-300x157.png 300w, https:\/\/store3.k-tech-services.com\/duhoc\/wp-content\/uploads\/2024\/12\/Group-3076-2-768x403.png 768w\" sizes=\"auto, (max-width: 951px) 100vw, 951px\" \/>\t\t\t\t\t\t\n\t\t\t\t\t<\/div>\n\t\t\t\t\t\t\t\t\n<style>\n#image_1130756475 {\n  width: 72%;\n}\n<\/style>\n\t<\/div>\n\t\n\n\n\t\t<\/div>\n\t\t\t\t\t<\/div>\n\n\t\n\n\t<div id=\"col-689390942\" class=\"col medium-5 small-12 large-5\"  data-animate=\"fadeInRight\">\n\t\t\t\t<div class=\"col-inner text-center\"  >\n\t\t\t\n\t\t\t\n\n\t<div class=\"img has-hover x md-x lg-x y md-y lg-y\" id=\"image_1792471285\">\n\t\t\t\t\t\t\t\t<div class=\"img-inner dark\" >\n\t\t\t<img loading=\"lazy\" decoding=\"async\" width=\"951\" height=\"499\" src=\"https:\/\/store3.k-tech-services.com\/duhoc\/wp-content\/uploads\/2024\/12\/Group-3077.png\" class=\"attachment-original size-original\" alt=\"\" srcset=\"https:\/\/store3.k-tech-services.com\/duhoc\/wp-content\/uploads\/2024\/12\/Group-3077.png 951w, https:\/\/store3.k-tech-services.com\/duhoc\/wp-content\/uploads\/2024\/12\/Group-3077-300x157.png 300w, https:\/\/store3.k-tech-services.com\/duhoc\/wp-content\/uploads\/2024\/12\/Group-3077-768x403.png 768w\" sizes=\"auto, (max-width: 951px) 100vw, 951px\" \/>\t\t\t\t\t\t\n\t\t\t\t\t<\/div>\n\t\t\t\t\t\t\t\t\n<style>\n#image_1792471285 {\n  width: 72%;\n}\n<\/style>\n\t<\/div>\n\t\n\n\n\t\t<\/div>\n\t\t\t\t\t<\/div>\n\n\t\n\n\t<div id=\"col-756091855\" class=\"col medium-5 small-12 large-5\"  data-animate=\"fadeInLeft\">\n\t\t\t\t<div class=\"col-inner text-center\"  >\n\t\t\t\n\t\t\t\n\n\t<div class=\"img has-hover x md-x lg-x y md-y lg-y\" id=\"image_1970964752\">\n\t\t\t\t\t\t\t\t<div class=\"img-inner dark\" >\n\t\t\t<img loading=\"lazy\" decoding=\"async\" width=\"951\" height=\"499\" src=\"https:\/\/store3.k-tech-services.com\/duhoc\/wp-content\/uploads\/2024\/12\/Group-3079.png\" class=\"attachment-original size-original\" alt=\"\" srcset=\"https:\/\/store3.k-tech-services.com\/duhoc\/wp-content\/uploads\/2024\/12\/Group-3079.png 951w, https:\/\/store3.k-tech-services.com\/duhoc\/wp-content\/uploads\/2024\/12\/Group-3079-300x157.png 300w, https:\/\/store3.k-tech-services.com\/duhoc\/wp-content\/uploads\/2024\/12\/Group-3079-768x403.png 768w\" sizes=\"auto, (max-width: 951px) 100vw, 951px\" \/>\t\t\t\t\t\t\n\t\t\t\t\t<\/div>\n\t\t\t\t\t\t\t\t\n<style>\n#image_1970964752 {\n  width: 72%;\n}\n<\/style>\n\t<\/div>\n\t\n\n\n\t\t<\/div>\n\t\t\t\t\t<\/div>\n\n\t\n\n\t<div id=\"col-1892280815\" class=\"col medium-5 small-12 large-5\"  data-animate=\"fadeInRight\">\n\t\t\t\t<div class=\"col-inner text-center\"  >\n\t\t\t\n\t\t\t\n\n\t<div class=\"img has-hover x md-x lg-x y md-y lg-y\" id=\"image_891761586\">\n\t\t\t\t\t\t\t\t<div class=\"img-inner dark\" >\n\t\t\t<img loading=\"lazy\" decoding=\"async\" width=\"951\" height=\"499\" src=\"https:\/\/store3.k-tech-services.com\/duhoc\/wp-content\/uploads\/2024\/12\/Group-3078.png\" class=\"attachment-original size-original\" alt=\"\" srcset=\"https:\/\/store3.k-tech-services.com\/duhoc\/wp-content\/uploads\/2024\/12\/Group-3078.png 951w, https:\/\/store3.k-tech-services.com\/duhoc\/wp-content\/uploads\/2024\/12\/Group-3078-300x157.png 300w, https:\/\/store3.k-tech-services.com\/duhoc\/wp-content\/uploads\/2024\/12\/Group-3078-768x403.png 768w\" sizes=\"auto, (max-width: 951px) 100vw, 951px\" \/>\t\t\t\t\t\t\n\t\t\t\t\t<\/div>\n\t\t\t\t\t\t\t\t\n<style>\n#image_891761586 {\n  width: 72%;\n}\n<\/style>\n\t<\/div>\n\t\n\n\n\t\t<\/div>\n\t\t\t\t\t<\/div>\n\n\t\n\n<\/div>\n<div class=\"is-divider divider clearfix\" style=\"margin-top:0.5em;margin-bottom:0.5em;max-width:60px;background-color:#14558f;\"><\/div>\n\n\n\t\t<\/div>\n\n\t\t\n<style>\n#section_248056655 {\n  padding-top: 30px;\n  padding-bottom: 30px;\n}\n<\/style>\n\t<\/section>\n\t\n\n","protected":false},"excerpt":{"rendered":"","protected":false},"author":1,"featured_media":0,"parent":0,"menu_order":0,"comment_status":"closed","ping_status":"closed","template":"page-blank.php","meta":{"footnotes":""},"class_list":["post-12","page","type-page","status-publish","hentry"],"_links":{"self":[{"href":"https:\/\/store3.k-tech-services.com\/duhoc\/wp-json\/wp\/v2\/pages\/12","targetHints":{"allow":["GET"]}}],"collection":[{"href":"https:\/\/store3.k-tech-services.com\/duhoc\/wp-json\/wp\/v2\/pages"}],"about":[{"href":"https:\/\/store3.k-tech-services.com\/duhoc\/wp-json\/wp\/v2\/types\/page"}],"author":[{"embeddable":true,"href":"https:\/\/store3.k-tech-services.com\/duhoc\/wp-json\/wp\/v2\/users\/1"}],"replies":[{"embeddable":true,"href":"https:\/\/store3.k-tech-services.com\/duhoc\/wp-json\/wp\/v2\/comments?post=12"}],"version-history":[{"count":28,"href":"https:\/\/store3.k-tech-services.com\/duhoc\/wp-json\/wp\/v2\/pages\/12\/revisions"}],"predecessor-version":[{"id":306,"href":"https:\/\/store3.k-tech-services.com\/duhoc\/wp-json\/wp\/v2\/pages\/12\/revisions\/306"}],"wp:attachment":[{"href":"https:\/\/store3.k-tech-services.com\/duhoc\/wp-json\/wp\/v2\/media?parent=12"}],"curies":[{"name":"wp","href":"https:\/\/api.w.org\/{rel}","templated":true}]}}