{"id":15,"date":"2025-03-31T08:28:00","date_gmt":"2025-03-31T08:28:00","guid":{"rendered":"https:\/\/ktech4.k-tech-services.com\/banxeBYD\/?page_id=15"},"modified":"2025-04-29T05:28:53","modified_gmt":"2025-04-29T05:28:53","slug":"lien-he","status":"publish","type":"page","link":"https:\/\/store3.k-tech-services.com\/banxeBYD\/lien-he\/","title":{"rendered":"Li\u00ean h\u1ec7"},"content":{"rendered":"\n\n\t<section class=\"section Lien-he dark\" id=\"section_1564774213\">\n\t\t<div class=\"section-bg fill\" >\n\t\t\t<img loading=\"lazy\" decoding=\"async\" width=\"2000\" height=\"917\" src=\"https:\/\/store3.k-tech-services.com\/banxeBYD\/wp-content\/uploads\/2025\/04\/Lien-he-BYD-VIG-Binh-Duong.jpg\" class=\"bg attachment-original size-original\" alt=\"\" \/>\t\t\t\t\t\t<div class=\"section-bg-overlay absolute fill\"><\/div>\n\t\t\t\n\n\t\t<\/div>\n\n\t\t\n\n\t\t<div class=\"section-content relative\">\n\t\t\t\n\n<div class=\"row\"  id=\"row-781704251\">\n\n\n\t<div id=\"col-179143001\" class=\"col medium-6 small-12 large-6\"  >\n\t\t\t\t<div class=\"col-inner\"  >\n\t\t\t\n\t\t\t\n\n<h1>C\u00d4NG TY C\u1ed4 PH\u1ea6N \u00d4 T\u00d4 N\u0102NG L\u01af\u1ee2NG XANH GIA \u0110\u1ecaNH<\/h1>\n<ul>\n<li>M\u00e3 s\u1ed1 thu\u1ebf: <strong>0318418279<\/strong><\/li>\n<li>Hotline kinh doanh:<a href=\"tel:0936787938\"><strong> 0936 78 79 38<\/strong><\/a><\/li>\n<li>Hotline d\u1ecbch v\u1ee5: <a href=\"tel:0765707279\"><strong>0765 70 72 79<\/strong><\/a><\/li>\n<li>\u0110\u1ecba ch\u1ec9 Showroom Qu\u1eadn 12: 900 Qu\u1ed1c l\u1ed9 1A, Ph\u01b0\u1eddng Th\u1ea1nh Xu\u00e2n, Qu\u1eadn 12<\/li>\n<\/ul>\n\n\t\t<\/div>\n\t\t\t\t\t<\/div>\n\n\t\n\n\t<div id=\"col-335651377\" class=\"col medium-6 small-12 large-6\"  >\n\t\t\t\t<div class=\"col-inner\"  >\n\t\t\t\n\t\t\t\n\n\n<div class=\"wpcf7 no-js\" id=\"wpcf7-f208-o1\" lang=\"vi\" dir=\"ltr\" data-wpcf7-id=\"208\">\n<div class=\"screen-reader-response\"><p role=\"status\" aria-live=\"polite\" aria-atomic=\"true\"><\/p> <ul><\/ul><\/div>\n<form action=\"\/banxeBYD\/wp-json\/wp\/v2\/pages\/15#wpcf7-f208-o1\" method=\"post\" class=\"wpcf7-form init\" aria-label=\"Form li\u00ean h\u1ec7\" novalidate=\"novalidate\" data-status=\"init\">\n<div style=\"display: none;\">\n<input type=\"hidden\" name=\"_wpcf7\" value=\"208\" \/>\n<input type=\"hidden\" name=\"_wpcf7_version\" value=\"6.0.5\" \/>\n<input type=\"hidden\" name=\"_wpcf7_locale\" value=\"vi\" \/>\n<input type=\"hidden\" name=\"_wpcf7_unit_tag\" value=\"wpcf7-f208-o1\" \/>\n<input type=\"hidden\" name=\"_wpcf7_container_post\" value=\"0\" \/>\n<input type=\"hidden\" name=\"_wpcf7_posted_data_hash\" value=\"\" \/>\n<\/div>\n<div class=\"cols_2\">\n\t<div class=\"w-form-row-label\">\n\t\t<p><span>Kh\u00e1ch h\u00e0ng *<\/span>\n\t\t<\/p>\n\t<\/div>\n\t<div class=\"w-form-row-field\">\n\t\t<p><i class=\"icon-user\"><\/i><span class=\"wpcf7-form-control-wrap\" data-name=\"hoten\"><input size=\"40\" maxlength=\"400\" class=\"wpcf7-form-control wpcf7-text wpcf7-validates-as-required\" aria-required=\"true\" aria-invalid=\"false\" placeholder=\"H\u1ecd &amp; t\u00ean\" value=\"\" type=\"text\" name=\"hoten\" \/><\/span>\n\t\t<\/p>\n\t<\/div>\n<\/div>\n<div class=\"cols_2\">\n\t<div class=\"w-form-row-label\">\n\t\t<p><span>Li\u00ean h\u1ec7 *<\/span>\n\t\t<\/p>\n\t<\/div>\n\t<div class=\"w-form-row-field\">\n\t\t<p><i class=\"icon-phone\"><\/i><span class=\"wpcf7-form-control-wrap\" data-name=\"tel-333\"><input size=\"40\" maxlength=\"400\" class=\"wpcf7-form-control wpcf7-tel wpcf7-text wpcf7-validates-as-tel\" aria-invalid=\"false\" placeholder=\"S\u1ed1 \u0111i\u1ec7n tho\u1ea1i\/ Zalo\" value=\"\" type=\"tel\" name=\"tel-333\" \/><\/span>\n\t\t<\/p>\n\t<\/div>\n<\/div>\n<div class=\"cols_2\">\n\t<div class=\"w-form-row-label\">\n\t\t<p><span>T\u1ec9nh\/ Th\u00e0nh ph\u1ed1<\/span>\n\t\t<\/p>\n\t<\/div>\n\t<div class=\"w-form-row-field\">\n\t\t<p><span class=\"wpcf7-form-control-wrap\" data-name=\"dia-chi\"><select class=\"wpcf7-form-control wpcf7-select\" aria-invalid=\"false\" name=\"dia-chi\"><option value=\"TP. H\u1ed3 Ch\u00ed Minh\">TP. H\u1ed3 Ch\u00ed Minh<\/option><option value=\"T\u1ec9nh th\u00e0nh kh\u00e1c\">T\u1ec9nh th\u00e0nh kh\u00e1c<\/option><\/select><\/span>\n\t\t<\/p>\n\t<\/div>\n<\/div>\n<div class=\"cols_2\">\n\t<div class=\"w-form-row-label\">\n\t\t<p><span>T\u00f9y ch\u1ecdn li\u00ean h\u1ec7<\/span>\n\t\t<\/p>\n\t<\/div>\n\t<div class=\"w-form-row-field\">\n\t\t<p><span class=\"wpcf7-form-control-wrap\" data-name=\"tuy-chon\"><select class=\"wpcf7-form-control wpcf7-select\" aria-invalid=\"false\" name=\"tuy-chon\"><option value=\"T\u01b0 v\u1ea5n tr\u1ef1c ti\u1ebfp\">T\u01b0 v\u1ea5n tr\u1ef1c ti\u1ebfp<\/option><option value=\"Nh\u1eafn tin zalo\">Nh\u1eafn tin zalo<\/option><\/select><\/span>\n\t\t<\/p>\n\t<\/div>\n<\/div>\n<div class=\"cols_2\">\n\t<div class=\"w-form-row-label\">\n\t\t<p><span>Nhu c\u1ea7u c\u1ee7a B\u1ea1n<\/span>\n\t\t<\/p>\n\t<\/div>\n\t<div class=\"w-form-row-field\">\n\t\t<p><span class=\"wpcf7-form-control-wrap\" data-name=\"nhu-cau\"><select class=\"wpcf7-form-control wpcf7-select\" aria-invalid=\"false\" name=\"nhu-cau\"><option value=\"T\u01b0 v\u1ea5n mua xe (c\u00e1 nh\u00e2n)\">T\u01b0 v\u1ea5n mua xe (c\u00e1 nh\u00e2n)<\/option><option value=\"T\u01b0 v\u1ea5n mua xe (doanh nghi\u1ec7p)\">T\u01b0 v\u1ea5n mua xe (doanh nghi\u1ec7p)<\/option><option value=\"H\u1ed7 tr\u1ee3 tr\u1ea3 g\u00f3p\">H\u1ed7 tr\u1ee3 tr\u1ea3 g\u00f3p<\/option><option value=\"\u0110\u0103ng k\u00fd l\u00e1i th\u1eed\">\u0110\u0103ng k\u00fd l\u00e1i th\u1eed<\/option><\/select><\/span>\n\t\t<\/p>\n\t<\/div>\n<\/div>\n<div class=\"cols_2\">\n\t<div class=\"w-form-row-label\">\n\t\t<p><span>D\u00f2ng xe \u0111ang quan t\u00e2m<\/span>\n\t\t<\/p>\n\t<\/div>\n\t<div class=\"w-form-row-field\">\n\t\t<p><span class=\"wpcf7-form-control-wrap\" data-name=\"dongxe-qtam\"><select class=\"wpcf7-form-control wpcf7-select\" aria-invalid=\"false\" name=\"dongxe-qtam\"><option value=\"BYD ATTO 3\">BYD ATTO 3<\/option><option value=\"BYD SEAL\">BYD SEAL<\/option><option value=\"BYD DOLPHIN\">BYD DOLPHIN<\/option><option value=\"BYD M6\">BYD M6<\/option><option value=\"BYD SEALION 6\">BYD SEALION 6<\/option><option value=\"BYD SEALION 8\">BYD SEALION 8<\/option><option value=\"BYD HAN\">BYD HAN<\/option><\/select><\/span>\n\t\t<\/p>\n\t<\/div>\n<\/div>\n<div class=\"for_textarea \">\n\t<div class=\"w-form-row-label\">\n\t\t<p><span>L\u1eddi nh\u1eafn k\u00e8m<\/span>\n\t\t<\/p>\n\t<\/div>\n\t<div class=\"w-form-row-field\">\n\t\t<p><i class=\"icon-pen-alt-fill\"><\/i><span class=\"wpcf7-form-control-wrap\" data-name=\"textarea-583\"><textarea cols=\"40\" rows=\"10\" maxlength=\"2000\" class=\"wpcf7-form-control wpcf7-textarea\" aria-invalid=\"false\" placeholder=\"N\u1ed9i dung l\u1eddi nh\u1eafn (n\u1ebfu c\u00f3)\" name=\"textarea-583\"><\/textarea><\/span>\n\t\t<\/p>\n\t<\/div>\n<\/div>\n<p><input class=\"wpcf7-form-control wpcf7-submit has-spinner\" type=\"submit\" value=\"G\u1eedi \u0111i\" \/>\n<\/p><div class=\"wpcf7-response-output\" aria-hidden=\"true\"><\/div>\n<\/form>\n<\/div>\n\n\n\n\t\t<\/div>\n\t\t\t\t\t<\/div>\n\n\t\n\n<\/div>\n\n\t\t<\/div>\n\n\t\t\n<style>\n#section_1564774213 {\n  padding-top: 30px;\n  padding-bottom: 30px;\n}\n#section_1564774213 .section-bg-overlay {\n  background-color: rgba(0, 0, 0, 0.65);\n}\n<\/style>\n\t<\/section>\n\t\n\n","protected":false},"excerpt":{"rendered":"","protected":false},"author":1,"featured_media":0,"parent":0,"menu_order":0,"comment_status":"closed","ping_status":"closed","template":"page-blank.php","meta":{"footnotes":""},"class_list":["post-15","page","type-page","status-publish","hentry"],"_links":{"self":[{"href":"https:\/\/store3.k-tech-services.com\/banxeBYD\/wp-json\/wp\/v2\/pages\/15","targetHints":{"allow":["GET"]}}],"collection":[{"href":"https:\/\/store3.k-tech-services.com\/banxeBYD\/wp-json\/wp\/v2\/pages"}],"about":[{"href":"https:\/\/store3.k-tech-services.com\/banxeBYD\/wp-json\/wp\/v2\/types\/page"}],"author":[{"embeddable":true,"href":"https:\/\/store3.k-tech-services.com\/banxeBYD\/wp-json\/wp\/v2\/users\/1"}],"replies":[{"embeddable":true,"href":"https:\/\/store3.k-tech-services.com\/banxeBYD\/wp-json\/wp\/v2\/comments?post=15"}],"version-history":[{"count":12,"href":"https:\/\/store3.k-tech-services.com\/banxeBYD\/wp-json\/wp\/v2\/pages\/15\/revisions"}],"predecessor-version":[{"id":1021,"href":"https:\/\/store3.k-tech-services.com\/banxeBYD\/wp-json\/wp\/v2\/pages\/15\/revisions\/1021"}],"wp:attachment":[{"href":"https:\/\/store3.k-tech-services.com\/banxeBYD\/wp-json\/wp\/v2\/media?parent=15"}],"curies":[{"name":"wp","href":"https:\/\/api.w.org\/{rel}","templated":true}]}}