{"id":13,"date":"2025-03-31T08:27:50","date_gmt":"2025-03-31T08:27:50","guid":{"rendered":"https:\/\/ktech4.k-tech-services.com\/banxeBYD\/?page_id=13"},"modified":"2025-04-29T05:28:24","modified_gmt":"2025-04-29T05:28:24","slug":"tuyen-dung","status":"publish","type":"page","link":"https:\/\/store3.k-tech-services.com\/banxeBYD\/tuyen-dung\/","title":{"rendered":"Tuy\u1ec3n d\u1ee5ng"},"content":{"rendered":"\n\n\t<section class=\"section Tuyen-dung dark\" id=\"section_1290642962\">\n\t\t<div class=\"section-bg fill\" >\n\t\t\t<img loading=\"lazy\" decoding=\"async\" width=\"2000\" height=\"1317\" src=\"https:\/\/store3.k-tech-services.com\/banxeBYD\/wp-content\/uploads\/2025\/04\/213213.jpg\" class=\"bg attachment-original size-original\" alt=\"\" \/>\t\t\t\t\t\t<div class=\"section-bg-overlay absolute fill\"><\/div>\n\t\t\t\n\n\t\t<\/div>\n\n\t\t\n\n\t\t<div class=\"section-content relative\">\n\t\t\t\n\n<div class=\"row\"  id=\"row-1692590439\">\n\n\n\t<div id=\"col-125303039\" class=\"col medium-6 small-12 large-6\"  >\n\t\t\t\t<div class=\"col-inner\"  >\n\t\t\t\n\t\t\t\n\n<h1>TUY\u1ec2N D\u1ee4NG BYD GIA \u0110\u1ecaNH<\/h1>\n<ol>\n<li>Nh\u00e2n vi\u00ean kinh doanh Qu\u1eadn 12 (S\u1ed1 l\u01b0\u1ee3ng: 10)<\/li>\n<li>Nh\u00e2n vi\u00ean Marketing (S\u1ed1 l\u01b0\u1ee3ng: 1)<\/li>\n<\/ol>\n\n\t\t<\/div>\n\t\t\t\t\t<\/div>\n\n\t\n\n\t<div id=\"col-133035398\" class=\"col medium-6 small-12 large-6\"  >\n\t\t\t\t<div class=\"col-inner\"  >\n\t\t\t\n\t\t\t\n\n\t<div class=\"img has-hover x md-x lg-x y md-y lg-y\" id=\"image_268519558\">\n\t\t\t\t\t\t\t\t<div class=\"img-inner dark\" >\n\t\t\t<img loading=\"lazy\" decoding=\"async\" width=\"1080\" height=\"208\" src=\"https:\/\/store3.k-tech-services.com\/banxeBYD\/wp-content\/uploads\/2025\/03\/logowhite-Zfl9c.png\" class=\"attachment-original size-original\" alt=\"\" srcset=\"https:\/\/store3.k-tech-services.com\/banxeBYD\/wp-content\/uploads\/2025\/03\/logowhite-Zfl9c.png 1080w, https:\/\/store3.k-tech-services.com\/banxeBYD\/wp-content\/uploads\/2025\/03\/logowhite-Zfl9c-300x58.png 300w, https:\/\/store3.k-tech-services.com\/banxeBYD\/wp-content\/uploads\/2025\/03\/logowhite-Zfl9c-1024x197.png 1024w, https:\/\/store3.k-tech-services.com\/banxeBYD\/wp-content\/uploads\/2025\/03\/logowhite-Zfl9c-768x148.png 768w\" sizes=\"auto, (max-width: 1080px) 100vw, 1080px\" \/>\t\t\t\t\t\t\n\t\t\t\t\t<\/div>\n\t\t\t\t\t\t\t\t\n<style>\n#image_268519558 {\n  width: 25%;\n}\n<\/style>\n\t<\/div>\n\t\n\n<p>Th\u00f4ng tin \u0111\u0103ng k\u00fd \u1ee9ng tuy\u1ec3n Online. Vui l\u00f2ng \u0111i\u1ec1n \u0111\u1ea7y \u0111\u1ee7 th\u00f4ng tin b\u00ean d\u01b0\u1edbi:<\/p>\n\n<div class=\"wpcf7 no-js\" id=\"wpcf7-f209-o1\" lang=\"vi\" dir=\"ltr\" data-wpcf7-id=\"209\">\n<div class=\"screen-reader-response\"><p role=\"status\" aria-live=\"polite\" aria-atomic=\"true\"><\/p> <ul><\/ul><\/div>\n<form action=\"\/banxeBYD\/wp-json\/wp\/v2\/pages\/13#wpcf7-f209-o1\" method=\"post\" class=\"wpcf7-form init\" aria-label=\"Form li\u00ean h\u1ec7\" novalidate=\"novalidate\" data-status=\"init\">\n<div style=\"display: none;\">\n<input type=\"hidden\" name=\"_wpcf7\" value=\"209\" \/>\n<input type=\"hidden\" name=\"_wpcf7_version\" value=\"6.0.5\" \/>\n<input type=\"hidden\" name=\"_wpcf7_locale\" value=\"vi\" \/>\n<input type=\"hidden\" name=\"_wpcf7_unit_tag\" value=\"wpcf7-f209-o1\" \/>\n<input type=\"hidden\" name=\"_wpcf7_container_post\" value=\"0\" \/>\n<input type=\"hidden\" name=\"_wpcf7_posted_data_hash\" value=\"\" \/>\n<\/div>\n<div class=\"w-form-row-field\">\n\t<p><i class=\"icon-user\"><\/i><span class=\"wpcf7-form-control-wrap\" data-name=\"hovaten\"><input size=\"40\" maxlength=\"400\" class=\"wpcf7-form-control wpcf7-text wpcf7-validates-as-required\" aria-required=\"true\" aria-invalid=\"false\" placeholder=\"H\u1ecd v\u00e0 t\u00ean\" value=\"\" type=\"text\" name=\"hovaten\" \/><\/span>\n\t<\/p>\n<\/div>\n<div class=\"w-form-row-field\">\n\t<p><i class=\"icon-phone\"><\/i><span class=\"wpcf7-form-control-wrap\" data-name=\"tel-191\"><input size=\"40\" maxlength=\"400\" class=\"wpcf7-form-control wpcf7-tel wpcf7-validates-as-required wpcf7-text wpcf7-validates-as-tel\" aria-required=\"true\" aria-invalid=\"false\" placeholder=\"S\u1ed1 \u0111i\u1ec7n tho\u1ea1i\/ Zalo\" value=\"\" type=\"tel\" name=\"tel-191\" \/><\/span>\n\t<\/p>\n<\/div>\n<div class=\"w-form-row-field\">\n\t<p><i class=\"icon-envelop\"><\/i><span class=\"wpcf7-form-control-wrap\" data-name=\"your-email\"><input size=\"40\" maxlength=\"400\" class=\"wpcf7-form-control wpcf7-email wpcf7-text wpcf7-validates-as-email\" aria-invalid=\"false\" placeholder=\"Email\" value=\"\" type=\"email\" name=\"your-email\" \/><\/span>\n\t<\/p>\n<\/div>\n<div class=\"w-form-row-field\">\n\t<p><i class=\"icon-map-pin-fill\"><\/i><span class=\"wpcf7-form-control-wrap\" data-name=\"dia-chi\"><input size=\"40\" maxlength=\"400\" class=\"wpcf7-form-control wpcf7-text\" aria-invalid=\"false\" placeholder=\"\u0110\u1ecba ch\u1ec9\" value=\"\" type=\"text\" name=\"dia-chi\" \/><\/span>\n\t<\/p>\n<\/div>\n<div class=\"w-form-row-field\">\n\t<p><i class=\"icon-chat\"><\/i><span class=\"wpcf7-form-control-wrap\" data-name=\"vi-tri\"><input size=\"40\" maxlength=\"400\" class=\"wpcf7-form-control wpcf7-text\" aria-invalid=\"false\" placeholder=\"V\u1ecb tr\u00ed \u1ee9ng tuy\u1ec3n\" value=\"\" type=\"text\" name=\"vi-tri\" \/><\/span>\n\t<\/p>\n<\/div>\n<div class=\"w-form-row-field\">\n\t<p><span class=\"wpcf7-form-control-wrap\" data-name=\"chontep\"><input size=\"40\" maxlength=\"400\" class=\"wpcf7-form-control wpcf7-text\" aria-invalid=\"false\" placeholder=\"Ch\u1ecdn t\u1ec7p\" value=\"\" type=\"text\" name=\"chontep\" \/><\/span>\n\t<\/p>\n<\/div>\n<p><input class=\"wpcf7-form-control wpcf7-submit has-spinner\" type=\"submit\" value=\"\u0110\u0103ng k\u00fd\" \/>\n<\/p><div class=\"wpcf7-response-output\" aria-hidden=\"true\"><\/div>\n<\/form>\n<\/div>\n\n\n\n\t\t<\/div>\n\t\t\t\t\t<\/div>\n\n\t\n\n<\/div>\n\n\t\t<\/div>\n\n\t\t\n<style>\n#section_1290642962 {\n  padding-top: 30px;\n  padding-bottom: 30px;\n}\n#section_1290642962 .section-bg-overlay {\n  background-color: rgba(0, 0, 0, 0.65);\n}\n<\/style>\n\t<\/section>\n\t\n\n\t<section class=\"section\" id=\"section_869490109\">\n\t\t<div class=\"section-bg fill\" >\n\t\t\t\t\t\t\t\t\t\n\t\t\t\n\n\t\t<\/div>\n\n\t\t\n\n\t\t<div class=\"section-content relative\">\n\t\t\t\n\n<div class=\"row align-equal\"  id=\"row-71383524\">\n\n\n\t<div id=\"col-1447492113\" class=\"col medium-6 small-12 large-6\"  >\n\t\t\t\t<div class=\"col-inner\"  >\n\t\t\t\n\t\t\t\n\n<h3>Y\u00eau c\u1ea7u v\u1ecb tr\u00ed:<\/h3>\n<ul>\n<li>Nhi\u1ec7t t\u00ecnh, ham h\u1ecdc h\u1ecfi<\/li>\n<li>\u0110am m\u00ea, y\u00eau th\u00edch \u00f4 t\u00f4<\/li>\n<li>Y\u00eau c\u1ea7u nhanh nh\u1eb9n, giao ti\u1ebfp t\u1ed1t<\/li>\n<li>C\u00f3 b\u1eb1ng l\u00e1i \u00f4 t\u00f4 l\u00e0 m\u1ed9t l\u1ee3i th\u1ebf<\/li>\n<li>Mong mu\u1ed1n ph\u00e1t tri\u1ec3n l\u00e2u d\u00e0i c\u00f9ng C\u00f4ng Ty<\/li>\n<\/ul>\n<h3>Ph\u00fac l\u1ee3i:<\/h3>\n<ul>\n<li>L\u01b0\u01a1ng c\u1ea1nh tranh h\u1ea5p d\u1eabn<\/li>\n<li>M\u00f4i tr\u01b0\u1eddng tr\u1ebb trung, n\u0103ng \u0111\u1ed9ng, th\u00e2n thi\u1ec7n<\/li>\n<li>Tham gia \u0111\u1ea7y \u0111\u1ee7 ch\u1ebf \u0111\u1ed9 BHXH, BHYT, BHTN theo quy \u0111\u1ecbnh nh\u00e0 n\u01b0\u1edbc<\/li>\n<li>\u0110\u01b0\u1ee3c c\u1ea5p ph\u00e1t \u0111\u1ed3ng ph\u1ee5c H\u00e3ng<\/li>\n<li>\u0110\u01b0\u1ee3c \u0111\u00e0o t\u1ea1o b\u00e0i b\u1ea3n, tham gia c\u00e1c kh\u00f3a \u0111\u00e0o t\u1ea1o nghi\u1ec7p v\u1ee5 c\u1ee7a c\u00f4ng ty.<\/li>\n<\/ul>\n\n\t\t<\/div>\n\t\t\t\t\t<\/div>\n\n\t\n\n\t<div id=\"col-1554700681\" class=\"col medium-6 small-12 large-6\"  >\n\t\t\t\t<div class=\"col-inner\"  >\n\t\t\t\n\t\t\t\n\n<h3>Th\u00f4ng tin chung:<\/h3>\n<ul>\n<li>Showroom Qu\u1eadn 12:\u00a0<a href=\"https:\/\/maps.app.goo.gl\/VnG7r9YXSqKNYJf1A\"><strong>900 Qu\u1ed1c l\u1ed9 1A, Ph\u01b0\u1eddng Th\u1ea1nh Xu\u00e2n, Qu\u1eadn 12<\/strong><\/a><\/li>\n<\/ul>\n<h3>Li\u00ean h\u1ec7 ph\u1ecfng v\u1ea5n:<\/h3>\n<ul>\n<li>Email: nldthong@bydgiadinh.com.vn \u2013 Ti\u00eau \u0111\u1ec1: V\u1ecb tr\u00ed tuy\u1ec3n d\u1ee5ng \u2013 H\u1ecd t\u00ean.<\/li>\n<li>Zalo ho\u1eb7c call: 0937 299 026 (Mr. Th\u00f4ng &#8211; G\u0110KD)<\/li>\n<\/ul>\n\n\t\t<\/div>\n\t\t\t\t\t<\/div>\n\n\t\n\n<\/div>\n\n\t\t<\/div>\n\n\t\t\n<style>\n#section_869490109 {\n  padding-top: 30px;\n  padding-bottom: 30px;\n}\n<\/style>\n\t<\/section>\n\t\n\n","protected":false},"excerpt":{"rendered":"","protected":false},"author":1,"featured_media":0,"parent":0,"menu_order":0,"comment_status":"closed","ping_status":"closed","template":"page-blank.php","meta":{"footnotes":""},"class_list":["post-13","page","type-page","status-publish","hentry"],"_links":{"self":[{"href":"https:\/\/store3.k-tech-services.com\/banxeBYD\/wp-json\/wp\/v2\/pages\/13","targetHints":{"allow":["GET"]}}],"collection":[{"href":"https:\/\/store3.k-tech-services.com\/banxeBYD\/wp-json\/wp\/v2\/pages"}],"about":[{"href":"https:\/\/store3.k-tech-services.com\/banxeBYD\/wp-json\/wp\/v2\/types\/page"}],"author":[{"embeddable":true,"href":"https:\/\/store3.k-tech-services.com\/banxeBYD\/wp-json\/wp\/v2\/users\/1"}],"replies":[{"embeddable":true,"href":"https:\/\/store3.k-tech-services.com\/banxeBYD\/wp-json\/wp\/v2\/comments?post=13"}],"version-history":[{"count":13,"href":"https:\/\/store3.k-tech-services.com\/banxeBYD\/wp-json\/wp\/v2\/pages\/13\/revisions"}],"predecessor-version":[{"id":1020,"href":"https:\/\/store3.k-tech-services.com\/banxeBYD\/wp-json\/wp\/v2\/pages\/13\/revisions\/1020"}],"wp:attachment":[{"href":"https:\/\/store3.k-tech-services.com\/banxeBYD\/wp-json\/wp\/v2\/media?parent=13"}],"curies":[{"name":"wp","href":"https:\/\/api.w.org\/{rel}","templated":true}]}}