{"id":11,"date":"2025-03-31T08:27:30","date_gmt":"2025-03-31T08:27:30","guid":{"rendered":"https:\/\/ktech4.k-tech-services.com\/banxeBYD\/?page_id=11"},"modified":"2025-04-23T10:44:09","modified_gmt":"2025-04-23T10:44:09","slug":"gioi-thieu","status":"publish","type":"page","link":"https:\/\/store3.k-tech-services.com\/banxeBYD\/gioi-thieu\/","title":{"rendered":"Gi\u1edbi thi\u1ec7u"},"content":{"rendered":"\n\n\t<section class=\"section gioi-thieu\" id=\"section_1041667891\">\n\t\t<div class=\"section-bg fill\" >\n\t\t\t\t\t\t\t\t\t\n\t\t\t\n\n\t\t<\/div>\n\n\t\t\n\n\t\t<div class=\"section-content relative\">\n\t\t\t\n\n<div class=\"row\"  id=\"row-1237534045\">\n\n\n\t<div id=\"col-720574340\" class=\"col top small-12 large-12\"  >\n\t\t\t\t<div class=\"col-inner\"  >\n\t\t\t\n\t\t\t\n\n\t<div id=\"text-1133887821\" class=\"text\">\n\t\t\n\n<h1 class=\"gw-title-block\">GI\u1edaI THI\u1ec6U<\/h1>\n<div class=\"gw-view-post\">\n<p>BYD GIA \u0110\u1ecaNH t\u1ef1 h\u00e0o l\u00e0 nh\u00e0 ph\u00e2n ph\u1ed1i u\u1ef7 quy\u1ec1n 4s \u0111\u1ea1t ti\u00eau chu\u1ea9n qu\u1ed1c t\u1ebf \u0111i v\u00e0o ho\u1ea1t \u0111\u1ed9ng \u0111\u1ea7u ti\u00ean t\u1ea1i khu v\u1ef1c Tp.HCM. T\u1ecda l\u1ea1c t\u1ea1i tr\u1ee5c \u0111\u01b0\u1eddng ch\u00ednh Qu\u1ed1c l\u1ed9 1A, n\u1ed1i li\u1ec1n c\u00e1c khu v\u1ef1c Qu\u1eadn 12, C\u1ee7 Chi, B\u00ecnh D\u01b0\u01a1ng, D\u0129 An, G\u00f2 V\u1ea5p, BYD GIA \u0110\u1ecaNH mang \u0111\u1ebfn s\u1ef1 thu\u1eadn ti\u1ec7n t\u1ed1i \u0111a cho kh\u00e1ch h\u00e0ng \u0111\u1ebfn tham quan v\u00e0 l\u1ef1a ch\u1ecdn d\u00f2ng xe y\u00eau th\u00edch. BYD GIA \u0110\u1ecaNH \u0110\u01b0\u1ee3c d\u1eabn d\u1eaft b\u1edfi ban l\u00e3nh \u0111\u1ea1o l\u00e0 nh\u1eefng chuy\u00ean gia gi\u00e0u kinh nghi\u1ec7m trong l\u0129nh v\u1ef1c \u00f4t\u00f4,\u00a0c\u00f9ng \u0111\u1ed9i ng\u0169 nh\u00e2n vi\u00ean v\u00e0 k\u1ef9 thu\u1eadt vi\u00ean tr\u1ebb trung, n\u0103ng \u0111\u1ed9ng, l\u00e0nh ngh\u1ec1 v\u00e0 nhi\u1ec7t huy\u1ebft.<\/p>\n<\/div>\n\t\t\n<style>\n#text-1133887821 {\n  text-align: center;\n}\n<\/style>\n\t<\/div>\n\t\n\n\t\t<\/div>\n\t\t\t\t\t<\/div>\n\n\t\n\n<\/div>\n\t<div class=\"img has-hover img-gth x md-x lg-x y md-y lg-y\" id=\"image_1685262174\">\n\t\t\t\t\t\t<div data-animate=\"fadeInDown\">\t\t<div class=\"img-inner image-cover box-shadow-3-hover dark\" style=\"padding-top:56.25%;\">\n\t\t\t<img loading=\"lazy\" decoding=\"async\" width=\"2560\" height=\"1920\" src=\"https:\/\/store3.k-tech-services.com\/banxeBYD\/wp-content\/uploads\/2025\/04\/z6491783543801_fd43c318564b8171459cc6508a5e3edd.jpg\" class=\"attachment-original size-original\" alt=\"\" srcset=\"https:\/\/store3.k-tech-services.com\/banxeBYD\/wp-content\/uploads\/2025\/04\/z6491783543801_fd43c318564b8171459cc6508a5e3edd.jpg 2560w, https:\/\/store3.k-tech-services.com\/banxeBYD\/wp-content\/uploads\/2025\/04\/z6491783543801_fd43c318564b8171459cc6508a5e3edd-300x225.jpg 300w, https:\/\/store3.k-tech-services.com\/banxeBYD\/wp-content\/uploads\/2025\/04\/z6491783543801_fd43c318564b8171459cc6508a5e3edd-1024x768.jpg 1024w, https:\/\/store3.k-tech-services.com\/banxeBYD\/wp-content\/uploads\/2025\/04\/z6491783543801_fd43c318564b8171459cc6508a5e3edd-768x576.jpg 768w, https:\/\/store3.k-tech-services.com\/banxeBYD\/wp-content\/uploads\/2025\/04\/z6491783543801_fd43c318564b8171459cc6508a5e3edd-1536x1152.jpg 1536w, https:\/\/store3.k-tech-services.com\/banxeBYD\/wp-content\/uploads\/2025\/04\/z6491783543801_fd43c318564b8171459cc6508a5e3edd-2048x1536.jpg 2048w\" sizes=\"auto, (max-width: 2560px) 100vw, 2560px\" \/>\t\t\t\t\t\t\n\t\t\t\t\t<\/div>\n\t\t<\/div>\t\t\t\t\t\t\n<style>\n#image_1685262174 {\n  width: 100%;\n}\n<\/style>\n\t<\/div>\n\t\n\n\n\t\t<\/div>\n\n\t\t\n<style>\n#section_1041667891 {\n  padding-top: 30px;\n  padding-bottom: 30px;\n}\n@media (min-width:550px) {\n  #section_1041667891 {\n    padding-top: 0px;\n    padding-bottom: 0px;\n  }\n}\n<\/style>\n\t<\/section>\n\t\n\n\t<section class=\"section gioi-thieu dark\" id=\"section_430709485\">\n\t\t<div class=\"section-bg fill\" >\n\t\t\t\t\t\t\t\t\t\n\t\t\t\n\n\t\t<\/div>\n\n\t\t\n\n\t\t<div class=\"section-content relative\">\n\t\t\t\n\n<div class=\"row\"  id=\"row-1915030955\">\n\n\n\t<div id=\"col-1858495203\" class=\"col bottom pd-0 small-12 large-12\"  >\n\t\t\t\t<div class=\"col-inner\"  >\n\t\t\t\n\t\t\t\n\n<div class=\"slider-wrapper relative pd-0\" id=\"slider-564587362\" style=\"background-color:rgba(0, 0, 0, 0.703);\">\n    <div class=\"slider slider-nav-circle slider-nav-large slider-nav-light slider-style-focus\"\n        data-flickity-options='{\n            \"cellAlign\": \"center\",\n            \"imagesLoaded\": true,\n            \"lazyLoad\": 1,\n            \"freeScroll\": false,\n            \"wrapAround\": true,\n            \"autoPlay\": 6000,\n            \"pauseAutoPlayOnHover\" : true,\n            \"prevNextButtons\": false,\n            \"contain\" : true,\n            \"adaptiveHeight\" : true,\n            \"dragThreshold\" : 10,\n            \"percentPosition\": true,\n            \"pageDots\": false,\n            \"rightToLeft\": false,\n            \"draggable\": true,\n            \"selectedAttraction\": 0.1,\n            \"parallax\" : 0,\n            \"friction\": 0.6        }'\n        >\n        \n\n<div class=\"row\"  id=\"row-102956049\">\n\n\n\t<div id=\"col-1976102959\" class=\"col small-12 large-12\"  >\n\t\t\t\t<div class=\"col-inner\"  >\n\t\t\t\n\t\t\t\n\n\t<div id=\"text-1579961671\" class=\"text\">\n\t\t\n\n<h2>S\u1ee9 M\u1ec7nh<\/h2>\n<p>BYD Gia \u0110\u1ecbnh t\u1ef1 h\u00e0o l\u00e0 showroom BYD \u0111\u1ea7u ti\u00ean t\u1ea1i Tp.HCM, v\u1edbi s\u1ee9 m\u1ec7nh mang nh\u1eefng d\u00f2ng xe \u0111i\u1ec7n b\u00e1n ch\u1ea1y nh\u1ea5t, ch\u1ea5t l\u01b0\u1ee3ng nh\u1ea5t \u0111\u1ebfn v\u1edbi ng\u01b0\u1eddi ti\u00eau d\u00f9ng Vi\u1ec7t. \u0110\u01b0\u1ee3c d\u1eabn d\u1eaft b\u1edfi ban l\u00e3nh \u0111\u1ea1o l\u00e0 nh\u1eefng chuy\u00ean gia gi\u00e0u kinh nghi\u1ec7m trong l\u0129nh v\u1ef1c \u00f4 t\u00f4, c\u00f9ng \u0111\u1ed9i ng\u0169 nh\u00e2n vi\u00ean v\u00e0 k\u1ef9 thu\u1eadt vi\u00ean tr\u1ebb trung, n\u0103ng \u0111\u1ed9ng, l\u00e0nh ngh\u1ec1 v\u00e0 nhi\u1ec7t huy\u1ebft, ch\u00fang t\u00f4i cam k\u1ebft mang \u0111\u1ebfn d\u1ecbch v\u1ee5 xu\u1ea5t s\u1eafc v\u00e0 s\u1ef1 h\u00e0i l\u00f2ng t\u1ed1i \u0111a cho kh\u00e1ch h\u00e0ng.<\/p>\n\t\t\n<style>\n#text-1579961671 {\n  font-size: 1rem;\n  line-height: 1.45;\n  text-align: center;\n  color: rgb(255,255,255);\n}\n#text-1579961671 > * {\n  color: rgb(255,255,255);\n}\n<\/style>\n\t<\/div>\n\t\n\n\t\t<\/div>\n\t\t\t\t\t<\/div>\n\n\t\n\n<\/div>\n<div class=\"row\"  id=\"row-2018047696\">\n\n\n\t<div id=\"col-876021241\" class=\"col small-12 large-12\"  >\n\t\t\t\t<div class=\"col-inner\"  >\n\t\t\t\n\t\t\t\n\n\t<div id=\"text-1569644586\" class=\"text\">\n\t\t\n\n<h3>\u0110\u00f3ng g\u00f3p cho c\u1ed9ng \u0111\u1ed3ng<\/h3>\n<p>Tham gia v\u00e0 h\u1ed7 tr\u1ee3 c\u00e1c ho\u1ea1t \u0111\u1ed9ng t\u1eeb thi\u1ec7n, x\u00e3 h\u1ed9i \u0111\u1ec3 g\u00f3p ph\u1ea7n x\u00e2y d\u1ef1ng c\u1ed9ng \u0111\u1ed3ng ph\u00e1t tri\u1ec3n b\u1ec1n v\u1eefng v\u00e0 th\u1ec3 hi\u1ec7n tr\u00e1ch nhi\u1ec7m x\u00e3 h\u1ed9i c\u1ee7a doanh nghi\u1ec7p.<\/p>\n\t\t\n<style>\n#text-1569644586 {\n  text-align: center;\n  color: rgb(255,255,255);\n}\n#text-1569644586 > * {\n  color: rgb(255,255,255);\n}\n<\/style>\n\t<\/div>\n\t\n\n\t\t<\/div>\n\t\t\t\t\t<\/div>\n\n\t\n\n<\/div>\n<div class=\"row\"  id=\"row-1180215368\">\n\n\n\t<div id=\"col-163829404\" class=\"col small-12 large-12\"  >\n\t\t\t\t<div class=\"col-inner\"  >\n\t\t\t\n\t\t\t\n\n\t<div id=\"text-2705768402\" class=\"text\">\n\t\t\n\n<h3>\u0110\u00f3ng g\u00f3p cho c\u1ed9ng \u0111\u1ed3ng<\/h3>\n<p>Tham gia v\u00e0 h\u1ed7 tr\u1ee3 c\u00e1c ho\u1ea1t \u0111\u1ed9ng t\u1eeb thi\u1ec7n, x\u00e3 h\u1ed9i \u0111\u1ec3 g\u00f3p ph\u1ea7n x\u00e2y d\u1ef1ng c\u1ed9ng \u0111\u1ed3ng ph\u00e1t tri\u1ec3n b\u1ec1n v\u1eefng v\u00e0 th\u1ec3 hi\u1ec7n tr\u00e1ch nhi\u1ec7m x\u00e3 h\u1ed9i c\u1ee7a doanh nghi\u1ec7p.<\/p>\n\t\t\n<style>\n#text-2705768402 {\n  text-align: center;\n  color: rgb(255,255,255);\n}\n#text-2705768402 > * {\n  color: rgb(255,255,255);\n}\n<\/style>\n\t<\/div>\n\t\n\n\t\t<\/div>\n\t\t\t\t\t<\/div>\n\n\t\n\n<\/div>\n\n     <\/div>\n\n     <div class=\"loading-spin dark large centered\"><\/div>\n\n\t\n<style>\n#slider-564587362 .flickity-slider > * {\n  max-width: 100%!important;\n}\n@media (min-width:550px) {\n  #slider-564587362 .flickity-slider > * {\n    max-width: 580px!important;\n  }\n}\n<\/style>\n<\/div>\n\n\n\n\t\t<\/div>\n\t\t\t\t\t<\/div>\n\n\t\n\n<\/div>\n\t<div class=\"img has-hover img-gth x md-x lg-x y md-y lg-y\" id=\"image_576311800\">\n\t\t\t\t<div data-parallax-fade=\"true\" data-parallax=\"-5\">\t\t\t\t<div class=\"img-inner image-cover dark\" style=\"padding-top:56.25%;\">\n\t\t\t<img loading=\"lazy\" decoding=\"async\" width=\"2560\" height=\"1920\" src=\"https:\/\/store3.k-tech-services.com\/banxeBYD\/wp-content\/uploads\/2025\/04\/z6491782810831_d33ca13726727d5cfae8899e0bd289ce.jpg\" class=\"attachment-original size-original\" alt=\"\" srcset=\"https:\/\/store3.k-tech-services.com\/banxeBYD\/wp-content\/uploads\/2025\/04\/z6491782810831_d33ca13726727d5cfae8899e0bd289ce.jpg 2560w, https:\/\/store3.k-tech-services.com\/banxeBYD\/wp-content\/uploads\/2025\/04\/z6491782810831_d33ca13726727d5cfae8899e0bd289ce-300x225.jpg 300w, https:\/\/store3.k-tech-services.com\/banxeBYD\/wp-content\/uploads\/2025\/04\/z6491782810831_d33ca13726727d5cfae8899e0bd289ce-1024x768.jpg 1024w, https:\/\/store3.k-tech-services.com\/banxeBYD\/wp-content\/uploads\/2025\/04\/z6491782810831_d33ca13726727d5cfae8899e0bd289ce-768x576.jpg 768w, https:\/\/store3.k-tech-services.com\/banxeBYD\/wp-content\/uploads\/2025\/04\/z6491782810831_d33ca13726727d5cfae8899e0bd289ce-1536x1152.jpg 1536w, https:\/\/store3.k-tech-services.com\/banxeBYD\/wp-content\/uploads\/2025\/04\/z6491782810831_d33ca13726727d5cfae8899e0bd289ce-2048x1536.jpg 2048w\" sizes=\"auto, (max-width: 2560px) 100vw, 2560px\" \/>\t\t\t\t\t\t\t<div class=\"overlay\" style=\"background-color: rgba(35, 31, 31, 0.297)\"><\/div>\n\t\t\t\t\t\t\n\t\t\t\t\t<\/div>\n\t\t\t\t<\/div>\t\t\t\t\n<style>\n#image_576311800 {\n  width: 100%;\n}\n<\/style>\n\t<\/div>\n\t\n\n\n\t\t<\/div>\n\n\t\t\n<style>\n#section_430709485 {\n  padding-top: 30px;\n  padding-bottom: 30px;\n  background-color: rgb(255,255,255);\n}\n@media (min-width:550px) {\n  #section_430709485 {\n    padding-top: 0px;\n    padding-bottom: 0px;\n  }\n}\n<\/style>\n\t<\/section>\n\t\n\n\t<section class=\"section gioi-thieu dark\" id=\"section_528274928\">\n\t\t<div class=\"section-bg fill\" >\n\t\t\t<img loading=\"lazy\" decoding=\"async\" width=\"2560\" height=\"1440\" src=\"https:\/\/store3.k-tech-services.com\/banxeBYD\/wp-content\/uploads\/2025\/03\/Pin-Blade.jpg\" class=\"bg attachment-original size-original\" alt=\"\" \/>\t\t\t\t\t\t\n\t\t\t\n\n\t\t<\/div>\n\n\t\t\n\n\t\t<div class=\"section-content relative\">\n\t\t\t\n\n<div class=\"row\"  id=\"row-802001095\">\n\n\n\t<div id=\"col-1996870043\" class=\"col pd-0 small-12 large-12\"  >\n\t\t\t\t<div class=\"col-inner\"  >\n\t\t\t\n\t\t\t\n\n\t<div id=\"text-4044871062\" class=\"text\">\n\t\t\n\n<h3><span style=\"font-size: 80%;\">C\u00d4NG NGH\u1ec6 N\u1ed4I B\u1eacT<\/span><\/h3>\n<h1><strong>Blade Battery<\/strong><\/h1>\n\t\t\n<style>\n#text-4044871062 {\n  text-align: center;\n}\n<\/style>\n\t<\/div>\n\t\n\n\t\t<\/div>\n\t\t\t\t\t<\/div>\n\n\t\n\n\t<div id=\"col-262005469\" class=\"col medium-8 small-12 large-8\"  >\n\t\t\t\t<div class=\"col-inner\"  >\n\t\t\t\n\t\t\t\n\n\t<div id=\"text-1823015158\" class=\"text list-sumenh\">\n\t\t\n\n<h3 class=\"item-title\">Si\u00eau an to\u00e0n (Ultra Safety)<\/h3>\n<p class=\"item-title\">Blade Battery l\u00e0 lo\u1ea1i pin duy nh\u1ea5t an to\u00e0n khi v\u01b0\u1ee3t qua th\u1eed nghi\u1ec7m ki\u1ec3m tra kh\u1ea3 n\u0103ng \u0111\u00e2m xuy\u00ean.<\/p>\n\t\t\n<style>\n#text-1823015158 {\n  color: rgb(255,255,255);\n}\n#text-1823015158 > * {\n  color: rgb(255,255,255);\n}\n<\/style>\n\t<\/div>\n\t\n\t<div id=\"text-1619820998\" class=\"text list-sumenh\">\n\t\t\n\n<h3>Si\u00eau c\u1ee9ng c\u00e1p (Ultra Strength)<\/h3>\n<p>C\u01b0\u1eddng \u0111\u1ed9 n\u00e9n c\u00f3 th\u1ec3 \u0111\u1ea1t t\u1edbi 445 kN, t\u01b0\u01a1ng \u0111\u01b0\u01a1ng v\u1edbi m\u1ed9t chi\u1ebfc xe t\u1ea3i 45 t\u1ea5n.<\/p>\n\t\t\n<style>\n#text-1619820998 {\n  color: rgb(255,255,255);\n}\n#text-1619820998 > * {\n  color: rgb(255,255,255);\n}\n<\/style>\n\t<\/div>\n\t\n\t<div id=\"text-1931358108\" class=\"text list-sumenh\">\n\t\t\n\n<h3>Qu\u00e3ng \u0111\u01b0\u1eddng di chuy\u1ec3n \u1ea5n t\u01b0\u1ee3ng (Ultra-long Range)<\/h3>\n<p>B\u1ed9 pin Blade cho ph\u00e9p BYD Han EV di chuy\u1ec3n qu\u00e3ng \u0111\u01b0\u1eddng t\u1ed1i \u0111a 598 km ch\u1ec9 v\u1edbi m\u1ed9t l\u1ea7n s\u1ea1c \u0111\u1ea7y, trong t\u01b0\u01a1ng lai con s\u1ed1 n\u00e0y s\u1ebd \u0111\u01b0\u1ee3c gia t\u0103ng l\u00ean kho\u1ea3ng 698-800 km.<\/p>\n\t\t\n<style>\n#text-1931358108 {\n  color: rgb(255,255,255);\n}\n#text-1931358108 > * {\n  color: rgb(255,255,255);\n}\n<\/style>\n\t<\/div>\n\t\n\t<div id=\"text-92737987\" class=\"text list-sumenh\">\n\t\t\n\n<h3>V\u00f2ng \u0111\u1eddi si\u00eau d\u00e0i (Ultra-long Lifespan)<\/h3>\n<p>Th\u1eddi gian b\u1ea3o h\u00e0nh pin t\u1eeb 8 n\u0103m tr\u1edf l\u00ean ho\u1eb7c 500,000 km, th\u1eadm ch\u00ed l\u00ean \u0111\u1ebfn 1 tri\u1ec7u km.<\/p>\n\t\t\n<style>\n#text-92737987 {\n  color: rgb(255,255,255);\n}\n#text-92737987 > * {\n  color: rgb(255,255,255);\n}\n<\/style>\n\t<\/div>\n\t\n\t<div id=\"text-1543042902\" class=\"text list-sumenh\">\n\t\t\n\n<h3>Kh\u1ea3 n\u0103ng s\u1ea1c c\u1ef1c cao (Ultra-high Charging Capability)<\/h3>\n<p>Ch\u1ec9 m\u1ea5t 33 ph\u00fat \u0111\u1ec3 s\u1ea1c t\u1eeb 10% l\u00ean 80% pin, c\u00f4ng su\u1ea5t x\u1ea3 t\u1ee9c th\u1eddi \u0111\u1ec9nh l\u00e0 363 kW.<\/p>\n\t\t\n<style>\n#text-1543042902 {\n  color: rgb(255,255,255);\n}\n#text-1543042902 > * {\n  color: rgb(255,255,255);\n}\n<\/style>\n\t<\/div>\n\t\n\n\t\t<\/div>\n\t\t\t\t\t<\/div>\n\n\t\n\n<\/div>\n\n\t\t<\/div>\n\n\t\t\n<style>\n#section_528274928 {\n  padding-top: 30px;\n  padding-bottom: 30px;\n}\n<\/style>\n\t<\/section>\n\t\n\n\t<section class=\"section gioi-thieu dark\" id=\"section_1070809324\">\n\t\t<div class=\"section-bg fill\" >\n\t\t\t\t\t\t\t\t\t\n\t\t\t\n\n\t\t<\/div>\n\n\t\t\n\n\t\t<div class=\"section-content relative\">\n\t\t\t\n\n<div class=\"row\"  id=\"row-1066105632\">\n\n\n\t<div id=\"col-1264512962\" class=\"col top  pd-0 small-12 large-12\"  >\n\t\t\t\t<div class=\"col-inner\"  >\n\t\t\t\n\t\t\t\n\n\t<div id=\"text-221163227\" class=\"text\">\n\t\t\n\n<h2>C\u00f4ng ngh\u1ec7 DM-i v\u1edbi m\u1ee9c ti\u00eau th\u1ee5 nhi\u00ean li\u1ec7u c\u1ef1c th\u1ea5p<\/h2>\n\t\t\n<style>\n#text-221163227 {\n  text-align: center;\n}\n<\/style>\n\t<\/div>\n\t\n\n\t\t<\/div>\n\t\t\t\t\t<\/div>\n\n\t\n\n\t<div id=\"col-1861659845\" class=\"col bottom pd-0 small-12 large-12\"  >\n\t\t\t\t<div class=\"col-inner\"  >\n\t\t\t\n\t\t\t\n\n<div class=\"row\"  id=\"row-885626695\">\n\n\n\t<div id=\"col-1322851832\" class=\"col medium-3 small-12 large-3\"  >\n\t\t\t\t<div class=\"col-inner\"  >\n\t\t\t\n\t\t\t\n\n\t<div id=\"text-1077606917\" class=\"text\">\n\t\t\n\n<h4 class=\"item-title\">T\u1ed1c \u0111\u1ed9:<\/h4>\n<p class=\"item-text\">Nhanh h\u01a1n kho\u1ea3ng 2-3 gi\u00e2y so v\u1edbi c\u00e1c lo\u1ea1i xe \u0111\u1ed9ng c\u01a1 \u0111\u1ed1t trong c\u00f9ng lo\u1ea1i v\u1ec1 kh\u1ea3 n\u0103ng t\u0103ng t\u1ed1c 0-100 km\/h.<\/p>\n\t\t\n<style>\n#text-1077606917 {\n  text-align: center;\n}\n<\/style>\n\t<\/div>\n\t\n\n\t\t<\/div>\n\t\t\t\t\t<\/div>\n\n\t\n\n\t<div id=\"col-1524748018\" class=\"col medium-3 small-12 large-3\"  >\n\t\t\t\t<div class=\"col-inner\"  >\n\t\t\t\n\t\t\t\n\n\t<div id=\"text-3901481089\" class=\"text\">\n\t\t\n\n<h4 class=\"item-title\">Ti\u1ebft ki\u1ec7m:<\/h4>\n<p class=\"item-text\">M\u1ee9c ti\u00eau th\u1ee5 nhi\u00ean li\u1ec7u th\u1ea5p, ch\u1ec9 kho\u1ea3ng 3,8 L\/100 km.<\/p>\n\t\t\n<style>\n#text-3901481089 {\n  text-align: center;\n}\n<\/style>\n\t<\/div>\n\t\n\n\t\t<\/div>\n\t\t\t\t\t<\/div>\n\n\t\n\n\t<div id=\"col-1048226583\" class=\"col medium-3 small-12 large-3\"  >\n\t\t\t\t<div class=\"col-inner\"  >\n\t\t\t\n\t\t\t\n\n\t<div id=\"text-3469485382\" class=\"text\">\n\t\t\n\n<h4 class=\"item-title\">Y\u00ean t\u0129nh:<\/h4>\n<p class=\"item-text\">Y\u00ean t\u0129nh nh\u01b0 c\u00e1c d\u00f2ng xe thu\u1ea7n \u0111i\u1ec7n.<\/p>\n\t\t\n<style>\n#text-3469485382 {\n  text-align: center;\n}\n<\/style>\n\t<\/div>\n\t\n\n\t\t<\/div>\n\t\t\t\t\t<\/div>\n\n\t\n\n\t<div id=\"col-2129026068\" class=\"col medium-3 small-12 large-3\"  >\n\t\t\t\t<div class=\"col-inner\"  >\n\t\t\t\n\t\t\t\n\n\t<div id=\"text-2468047636\" class=\"text\">\n\t\t\n\n<h4 class=\"item-title\">M\u01b0\u1ee3t m\u00e0:<\/h4>\n<p class=\"item-text\">\u0110i\u1ec1u khi\u1ec3n b\u1eb1ng \u0111i\u1ec7n t\u1eed mang \u0111\u1ebfn tr\u1ea3i nghi\u1ec7m si\u00eau m\u01b0\u1ee3t.<\/p>\n\t\t\n<style>\n#text-2468047636 {\n  text-align: center;\n}\n<\/style>\n\t<\/div>\n\t\n\n\t\t<\/div>\n\t\t\t\t\t<\/div>\n\n\t\n\n<\/div>\n\n\t\t<\/div>\n\t\t\t\t\n<style>\n#col-1861659845 > .col-inner {\n  padding: 0px 0px 0px 50px;\n}\n<\/style>\n\t<\/div>\n\n\t\n\n<\/div>\n\t<div class=\"img has-hover img-gth x md-x lg-x y md-y lg-y\" id=\"image_1852666336\">\n\t\t\t\t\t\t\t\t<div class=\"img-inner dark\" >\n\t\t\t<img loading=\"lazy\" decoding=\"async\" width=\"2560\" height=\"1440\" src=\"https:\/\/store3.k-tech-services.com\/banxeBYD\/wp-content\/uploads\/2025\/03\/Cong-nghe-DM-i-voi-muc-tieu-thu-nhien-lieu-cuc-thap.jpg\" class=\"attachment-original size-original\" alt=\"\" srcset=\"https:\/\/store3.k-tech-services.com\/banxeBYD\/wp-content\/uploads\/2025\/03\/Cong-nghe-DM-i-voi-muc-tieu-thu-nhien-lieu-cuc-thap.jpg 2560w, https:\/\/store3.k-tech-services.com\/banxeBYD\/wp-content\/uploads\/2025\/03\/Cong-nghe-DM-i-voi-muc-tieu-thu-nhien-lieu-cuc-thap-300x169.jpg 300w, https:\/\/store3.k-tech-services.com\/banxeBYD\/wp-content\/uploads\/2025\/03\/Cong-nghe-DM-i-voi-muc-tieu-thu-nhien-lieu-cuc-thap-1024x576.jpg 1024w, https:\/\/store3.k-tech-services.com\/banxeBYD\/wp-content\/uploads\/2025\/03\/Cong-nghe-DM-i-voi-muc-tieu-thu-nhien-lieu-cuc-thap-768x432.jpg 768w, https:\/\/store3.k-tech-services.com\/banxeBYD\/wp-content\/uploads\/2025\/03\/Cong-nghe-DM-i-voi-muc-tieu-thu-nhien-lieu-cuc-thap-1536x864.jpg 1536w, https:\/\/store3.k-tech-services.com\/banxeBYD\/wp-content\/uploads\/2025\/03\/Cong-nghe-DM-i-voi-muc-tieu-thu-nhien-lieu-cuc-thap-2048x1152.jpg 2048w\" sizes=\"auto, (max-width: 2560px) 100vw, 2560px\" \/>\t\t\t\t\t\t\n\t\t\t\t\t<\/div>\n\t\t\t\t\t\t\t\t\n<style>\n#image_1852666336 {\n  width: 100%;\n}\n<\/style>\n\t<\/div>\n\t\n\n\n\t\t<\/div>\n\n\t\t\n<style>\n#section_1070809324 {\n  padding-top: 30px;\n  padding-bottom: 30px;\n  background-color: rgb(255,255,255);\n}\n@media (min-width:550px) {\n  #section_1070809324 {\n    padding-top: 0px;\n    padding-bottom: 0px;\n  }\n}\n<\/style>\n\t<\/section>\n\t\n\n\t<section class=\"section gioi-thieu dark\" id=\"section_1125723855\">\n\t\t<div class=\"section-bg fill\" >\n\t\t\t<img loading=\"lazy\" decoding=\"async\" width=\"2560\" height=\"1440\" src=\"https:\/\/store3.k-tech-services.com\/banxeBYD\/wp-content\/uploads\/2025\/03\/Nen-tang-e-Platform-3.0-BYD-scaled-1.jpg\" class=\"bg attachment-original size-original\" alt=\"\" \/>\t\t\t\t\t\t\n\t\t\t\n\n\t\t<\/div>\n\n\t\t\n\n\t\t<div class=\"section-content relative\">\n\t\t\t\n\n<div class=\"row\"  id=\"row-1883804085\">\n\n\n\t<div id=\"col-348136594\" class=\"col pd-0 small-12 large-12\"  >\n\t\t\t\t<div class=\"col-inner\"  >\n\t\t\t\n\t\t\t\n\n\t<div id=\"text-3612737425\" class=\"text\">\n\t\t\n\n<h2 class=\"title\">N\u1ec1n t\u1ea3ng e-Platform 3.0<\/h2>\n<p class=\"detail\">Ph\u00e1t huy t\u1ea5t c\u1ea3 \u01b0u \u0111i\u1ec3m v\u1ec1 s\u1ef1 th\u00f4ng minh, hi\u1ec7u qu\u1ea3, an to\u00e0n v\u00e0 t\u00ednh th\u1ea9m m\u1ef9 m\u00e0 c\u00f4ng ngh\u1ec7 \u0111i\u1ec7n h\u00f3a mang l\u1ea1i.<\/p>\n\t\t\n<style>\n#text-3612737425 {\n  text-align: center;\n  color: rgb(255,255,255);\n}\n#text-3612737425 > * {\n  color: rgb(255,255,255);\n}\n<\/style>\n\t<\/div>\n\t\n\n\t\t<\/div>\n\t\t\t\t\t<\/div>\n\n\t\n\n\t<div id=\"col-452402090\" class=\"col medium-8 small-12 large-8\"  >\n\t\t\t\t<div class=\"col-inner\"  >\n\t\t\t\n\t\t\t\n\n\t<div id=\"text-990616220\" class=\"text list-sumenh\">\n\t\t\n\n<h4 class=\"item-title\">An to\u00e0n<\/h4>\n<p class=\"item-text\">\u0110\u01b0\u1ee3c trang b\u1ecb b\u1ed9 pin Blade an to\u00e0n \u0111\u1ed3ng th\u1eddi t\u00edch h\u1ee3p v\u00e0o th\u00e2n xe v\u1edbi c\u00f4ng ngh\u1ec7 CTB (Cell-to-body), n\u1ec1n t\u1ea3ng e-Platform 3.0 t\u1ea1o n\u00ean c\u1ea5u tr\u00fac khung thu\u1ea7n \u0111i\u1ec7n \u0111\u1eb7c bi\u1ec7t \u0111\u1ec3 t\u0103ng \u0111\u1ed9 c\u1ee9ng v\u1eefng cho xe.<\/p>\n\t\t\n<style>\n#text-990616220 {\n  color: rgb(255,255,255);\n}\n#text-990616220 > * {\n  color: rgb(255,255,255);\n}\n<\/style>\n\t<\/div>\n\t\n\t<div id=\"text-1877582265\" class=\"text list-sumenh\">\n\t\t\n\n<h4 class=\"item-title\">Hi\u1ec7u qu\u1ea3 cao<\/h4>\n<p class=\"item-text\">Qu\u00e3ng \u0111\u01b0\u1eddng di chuy\u1ec3n c\u00f3 th\u1ec3 m\u1edf r\u1ed9ng l\u00ean \u0111\u1ebfn 1,000 km trong m\u1ed9t l\u1ea7n s\u1ea1c th\u00f4ng qua h\u1ec7 th\u1ed1ng truy\u1ec1n \u0111\u1ed9ng \u0111i\u1ec7n \u201c8 trong 1\u201d \u0111\u1ea7u ti\u00ean tr\u00ean th\u1ebf gi\u1edbi. M\u1ee9c ti\u00eau th\u1ee5 n\u0103ng l\u01b0\u1ee3ng tr\u00ean m\u1ed7i 100 km di chuy\u1ec3n c\u1ee7a n\u1ec1n t\u1ea3ng e-Platform 3.0 th\u1ea5p h\u01a1n 10% so v\u1edbi c\u00e1c m\u1eabu xe trong c\u00f9ng ph\u00e2n kh\u00fac.<\/p>\n\t\t\n<style>\n#text-1877582265 {\n  color: rgb(255,255,255);\n}\n#text-1877582265 > * {\n  color: rgb(255,255,255);\n}\n<\/style>\n\t<\/div>\n\t\n\t<div id=\"text-2139168989\" class=\"text list-sumenh\">\n\t\t\n\n<h4 class=\"item-title\">Th\u00f4ng minh<\/h4>\n<p class=\"item-text\">H\u1ec7 th\u1ed1ng \u0111i\u1ec1u khi\u1ec3n v\u00e0 h\u1ec7 \u0111i\u1ec1u h\u00e0nh BYD OS gi\u00fap h\u1ed7 tr\u1ee3 l\u00e1i xe th\u00f4ng minh \u1edf m\u1ee9c \u0111\u1ed9 cao. Vi\u1ec7c t\u00e1ch r\u1eddi ph\u1ea7n c\u1ee9ng v\u00e0 ph\u1ea7n m\u1ec1m gi\u00fap ph\u01b0\u01a1ng ti\u1ec7n nh\u1eadn \u0111\u01b0\u1ee3c c\u1ea3i ti\u1ebfn li\u00ean t\u1ee5c m\u1ed9t c\u00e1ch d\u1ec5 d\u00e0ng.<\/p>\n\t\t\n<style>\n#text-2139168989 {\n  color: rgb(255,255,255);\n}\n#text-2139168989 > * {\n  color: rgb(255,255,255);\n}\n<\/style>\n\t<\/div>\n\t\n\t<div id=\"text-3742205574\" class=\"text list-sumenh\">\n\t\t\n\n<h4 class=\"item-title\">Th\u1ea9m m\u1ef9<\/h4>\n<p class=\"item-text\">Th\u00e2n xe v\u1edbi ph\u1ea7n nh\u00f4 ra ng\u1eafn h\u01a1n k\u1ebft h\u1ee3p c\u00f9ng chi\u1ec1u d\u00e0i c\u01a1 s\u1edf d\u00e0i h\u01a1n gi\u00fap m\u1edf r\u1ed9ng \u0111\u00e1ng k\u1ec3 kh\u00f4ng gian b\u00ean trong cho h\u00e0nh kh\u00e1ch, \u0111\u1ed3ng th\u1eddi t\u1ed1i \u01b0u thi\u1ebft k\u1ebf kh\u00ed \u0111\u1ed9ng h\u1ecdc, gi\u1ea3m h\u1ec7 s\u1ed1 c\u1ea3n gi\u00f3 xu\u1ed1ng ch\u1ec9 c\u00f2n 0,21 Cd, gi\u00fap xe v\u1eadn h\u00e0nh t\u1ed1t h\u01a1n.<\/p>\n\t\t\n<style>\n#text-3742205574 {\n  color: rgb(255,255,255);\n}\n#text-3742205574 > * {\n  color: rgb(255,255,255);\n}\n<\/style>\n\t<\/div>\n\t\n\n\t\t<\/div>\n\t\t\t\t\t<\/div>\n\n\t\n\n<\/div>\n\n\t\t<\/div>\n\n\t\t\n<style>\n#section_1125723855 {\n  padding-top: 30px;\n  padding-bottom: 30px;\n}\n<\/style>\n\t<\/section>\n\t\n\n","protected":false},"excerpt":{"rendered":"","protected":false},"author":1,"featured_media":0,"parent":0,"menu_order":0,"comment_status":"closed","ping_status":"closed","template":"page-blank.php","meta":{"footnotes":""},"class_list":["post-11","page","type-page","status-publish","hentry"],"_links":{"self":[{"href":"https:\/\/store3.k-tech-services.com\/banxeBYD\/wp-json\/wp\/v2\/pages\/11","targetHints":{"allow":["GET"]}}],"collection":[{"href":"https:\/\/store3.k-tech-services.com\/banxeBYD\/wp-json\/wp\/v2\/pages"}],"about":[{"href":"https:\/\/store3.k-tech-services.com\/banxeBYD\/wp-json\/wp\/v2\/types\/page"}],"author":[{"embeddable":true,"href":"https:\/\/store3.k-tech-services.com\/banxeBYD\/wp-json\/wp\/v2\/users\/1"}],"replies":[{"embeddable":true,"href":"https:\/\/store3.k-tech-services.com\/banxeBYD\/wp-json\/wp\/v2\/comments?post=11"}],"version-history":[{"count":104,"href":"https:\/\/store3.k-tech-services.com\/banxeBYD\/wp-json\/wp\/v2\/pages\/11\/revisions"}],"predecessor-version":[{"id":704,"href":"https:\/\/store3.k-tech-services.com\/banxeBYD\/wp-json\/wp\/v2\/pages\/11\/revisions\/704"}],"wp:attachment":[{"href":"https:\/\/store3.k-tech-services.com\/banxeBYD\/wp-json\/wp\/v2\/media?parent=11"}],"curies":[{"name":"wp","href":"https:\/\/api.w.org\/{rel}","templated":true}]}}