{"id":420,"date":"2025-04-24T00:45:23","date_gmt":"2025-04-24T00:45:23","guid":{"rendered":"https:\/\/dinhvixe.oe\/?post_type=product&#038;p=420"},"modified":"2025-04-24T00:45:54","modified_gmt":"2025-04-24T00:45:54","slug":"giam-sat-thoi-gian-va-quang-duong-hoc-lai-xe","status":"publish","type":"product","link":"http:\/\/store3.k-tech-services.com\/dinhvixe247\/san-pham\/giam-sat-thoi-gian-va-quang-duong-hoc-lai-xe\/","title":{"rendered":"Gi\u00e1m s\u00e1t th\u1eddi gian v\u00e0 qu\u00e3ng \u0111\u01b0\u1eddng h\u1ecdc l\u00e1i xe"},"content":{"rendered":"","protected":false},"excerpt":{"rendered":"<p>Gi\u1ea3i ph\u00e1p ch\u1ed1ng tr\u1ed9m v\u00e0 gi\u00e1m s\u00e1t xe m\u00e1y hi\u1ec7u qu\u1ea3 24\/7, nh\u1ecf g\u1ecdn, ch\u1ed1ng n\u01b0\u1edbc t\u1ed1t, d\u1ec5 s\u1eed d\u1ee5ng.<\/p>\n","protected":false},"featured_media":421,"comment_status":"open","ping_status":"closed","template":"","meta":{"_acf_changed":false},"product_brand":[],"product_cat":[17,20],"product_tag":[],"class_list":{"0":"post-420","1":"product","2":"type-product","3":"status-publish","4":"has-post-thumbnail","6":"product_cat-dinh-vi-gps-cho-o-to","7":"product_cat-thiet-bi-giam-sat-chuyen-dung","9":"first","10":"instock","11":"shipping-taxable","12":"product-type-simple"},"acf":[],"_links":{"self":[{"href":"http:\/\/store3.k-tech-services.com\/dinhvixe247\/wp-json\/wp\/v2\/product\/420","targetHints":{"allow":["GET"]}}],"collection":[{"href":"http:\/\/store3.k-tech-services.com\/dinhvixe247\/wp-json\/wp\/v2\/product"}],"about":[{"href":"http:\/\/store3.k-tech-services.com\/dinhvixe247\/wp-json\/wp\/v2\/types\/product"}],"replies":[{"embeddable":true,"href":"http:\/\/store3.k-tech-services.com\/dinhvixe247\/wp-json\/wp\/v2\/comments?post=420"}],"wp:featuredmedia":[{"embeddable":true,"href":"http:\/\/store3.k-tech-services.com\/dinhvixe247\/wp-json\/wp\/v2\/media\/421"}],"wp:attachment":[{"href":"http:\/\/store3.k-tech-services.com\/dinhvixe247\/wp-json\/wp\/v2\/media?parent=420"}],"wp:term":[{"taxonomy":"product_brand","embeddable":true,"href":"http:\/\/store3.k-tech-services.com\/dinhvixe247\/wp-json\/wp\/v2\/product_brand?post=420"},{"taxonomy":"product_cat","embeddable":true,"href":"http:\/\/store3.k-tech-services.com\/dinhvixe247\/wp-json\/wp\/v2\/product_cat?post=420"},{"taxonomy":"product_tag","embeddable":true,"href":"http:\/\/store3.k-tech-services.com\/dinhvixe247\/wp-json\/wp\/v2\/product_tag?post=420"}],"curies":[{"name":"wp","href":"https:\/\/api.w.org\/{rel}","templated":true}]}}